{"id":987,"date":"2022-05-31T18:01:37","date_gmt":"2022-05-31T22:01:37","guid":{"rendered":"https:\/\/dospocolocos.com\/?page_id=987"},"modified":"2023-09-14T09:15:48","modified_gmt":"2023-09-14T13:15:48","slug":"isla_saona","status":"publish","type":"page","link":"https:\/\/dospocolocos.com\/en\/guide\/islands\/isla_saona\/","title":{"rendered":"Saona Island"},"content":{"rendered":"<p>Na ju\u017enej \u010dasti ostrova, cca dve hodiny lo\u010fou z Bayahihe, sa dostanete na ostrov, ktor\u00fd v\u00e1m vyraz\u00ed dych svojou n\u00e1dherou. Re\u010d je o ostrove Isla Saona, ktor\u00fd je zn\u00e1my svojou prekr\u00e1snou panenskou pr\u00edrodou, az\u00farovym morom a bielym pieskom. Ke\u010f si predstav\u00edte raj na zemi, vyzeral by ur\u010dite takto. <br>Aj preto je to jedno z najvyh\u013ead\u00e1vanej\u0161\u00edch miest v Dominik\u00e1nskej Republike. Turisti toto miesto miluj\u00fa a dom\u00e1ci maj\u00fa v\u010faka nim, pln\u00e9 ruky pr\u00e1ce \ud83d\ude42 Toto miesto sa nach\u00e1dza v pr\u00edrodnej rezerv\u00e1cii chr\u00e1nenej vl\u00e1dou, a je s\u00fa\u010da\u0165ou n\u00e1rodn\u00e9ho parku Parque Nacional del Este. <br>Nebudem toho p\u00edsa\u0165 ve\u013ea, sn\u00e1\u010f len z\u00e1kladn\u00e9 info, pre v\u00e1s, o cen\u00e1ch a ako cel\u00fd v\u00fdlet prebiehal. Po\u010fme na to ! <\/p>\n\n\n<div class=\"sgdg-gallery-container\" data-sgdg-hash=\"a3fce8ad00bffbf942e5702c0c37d1a9b2811c2d104c7fb2a2325dfb3e78c505\"><div class=\"sgdg-loading\"><div><\/div><\/div><\/div>\n\n\n<p>\u010ci u\u017e tr\u00e1vite svoju dovolenku priamo v Bayahibe, alebo v Punta Cana, dosta\u0165 sa na Saonu je pomerne jednoduch\u00e9. Jedin\u00e9 \u010do potrebujete je ma\u0165 sprievodcu, peniaze, dobr\u00fa n\u00e1ladu a plavky \ud83d\ude42 My sme \u0161li s\u00fakromn\u00fdm katamar\u00e1nom, kde sme mali zahrnut\u00fa prepravu, jedlo a pitie na ostrove (25USD\/osoba), zast\u00e1vku v Piscina Natural, kde sme sa k\u00fapali s morsk\u00fdmi hviezdicami ,(inak, toto bol pre m\u0148a ur\u010dite jeden z t\u00fdch kr\u00e1snych z\u00e1\u017eitkov, jednak preto, lebo sme sa k\u00fapali cca 100 metrov od brehu a vodu sme mali tak po hrudn\u00edk a za druh\u00e9, tak\u00fa farbu vody, ak\u00e1 bola tam, som sn\u00e1\u010f e\u0161te nevidela. Jedn\u00fdm slovom n\u00e1dhera!), a vstupn\u00e9 na ostrov (250 DOP\/osoba).<\/p>\n\n\n<div class=\"sgdg-gallery-container\" data-sgdg-hash=\"a461844d43f0b5ab1d3baeff27028f079ef845c73121ffc095dc72dcb9f1eff8\"><div class=\"sgdg-loading\"><div><\/div><\/div><\/div>\n\n\n<p> Inak, chod\u00ed sa skoro r\u00e1no (8-9), lebo o 15 tej u\u017e na ostrove nesmie by\u0165 nikto, resp, cesta nazad trv\u00e1 e\u0161te \u010fal\u0161ie dve hodiny a tak, plavi\u0165 sa po tme, by ned\u00e1valo moc zmysel:)<br>Be\u017ene sa cena na osobu pohybuje od 79 USD &#8211; ak ste priamo v Bayahibe, ak ste v Punta Cana, tak s prepravou sa cena pohybuje od 99 USD\/osoba. Plus teda navy\u0161e po\u010d\u00edtajte so vstupn\u00fdm 250 DOP (cca 4 EUR). Ak v\u00e1s zauj\u00edma cena s\u00fakromn\u00e9ho katamar\u00e1nu, tak ten n\u00e1s vy\u0161iel na 1500 USD komplet, so v\u0161etk\u00fdm. (Alkohol a nejak\u00e9 pochutiny sme si na lo\u010f zadov\u00e1\u017eili samy).<br>Plavba lo\u010fou trv\u00e1 cca 2 hodiny, z\u00e1le\u017e\u00ed akou lo\u010fou sa budete prepravova\u0165, ale mus\u00edm uzna\u0165, \u017ee sme \u0161li pomerne dlho. Ale aj samotn\u00e1 plavba je z\u00e1\u017eitok \ud83d\ude42 <\/p>\n\n\n<div class=\"sgdg-gallery-container\" data-sgdg-hash=\"ce28f3afc3e2aab2688cadbbb659db5f4ddec65434abda6c40d8cdb23c0e85ea\"><div class=\"sgdg-loading\"><div><\/div><\/div><\/div>\n\n\n<p>Sprievodcov n\u00e1jdete v Bayahibe habadej, takisto aj Slovensk\u00fdch \u010di \u010cesk\u00fdch sprievodcov &#8211; sta\u010d\u00ed pou\u017ei\u0165 google, \u010di facebook. Ak by ste chceli n\u00e1\u0161 kontakt, nev\u00e1hajte n\u00e1s kontaktova\u0165. <br><br>Ako som u\u017e spom\u00ednala, nebudem tu toho o n\u00e1dhere tohto ostrova p\u00edsa\u0165 ve\u013ea, fotky v\u00e1s ur\u010dite presved\u010dia viac. Iba to\u013eko \u017ee &#8211; more bolo tepl\u00e9 n\u00e1dherne az\u00farov\u00e9, piesok jemn\u00fd a biely a slnie\u010dko p\u00e1lilo naozaj ostro. Turistov tak akur\u00e1t \ud83d\ude42 <\/p>\n\n\n<div class=\"sgdg-gallery-container\" data-sgdg-hash=\"26cf9ee5116f90afee3f39f244da2ba8ada519d8784a3f432396aa1722121903\"><div class=\"sgdg-loading\"><div><\/div><\/div><\/div>\n\n\n<p>Jedin\u00e9 m\u00ednus, \u010do spomeniem je, \u017ee po vyloden\u00ed a pres\u00favan\u00ed sa na pl\u00e1\u017e cez les (cca 5min ch\u00f4dze) n\u00e1s docela ob\u0165a\u017eovali nepr\u00edjemn\u00e9 kom\u00e1re &#8211; tak si pre istotu vezmite so sebou nejak\u00fd repelent :). <\/p>\n\n\n<div class=\"sgdg-gallery-container\" data-sgdg-hash=\"a5c412c299ea03ccb07a6e344b96958e06c0d1bb931c82b62e5eb6949bc3d172\"><div class=\"sgdg-loading\"><div><\/div><\/div><\/div>\n\n\n<p>Jedlo za t\u00fa cenu ur\u010dite nest\u00e1lo, ale bolo chutn\u00e9 &#8211; mali sme klasiku &#8211; ry\u017eu, kuracie maso, pr\u00edlohy, ovocie a pitie &#8211; na vy\u017eiadanie sme dostali aj k\u00e1vu. <br>Pozor si d\u00e1vajte na miestnych predava\u010dov Larimaru a podobn\u00fdch drobnost\u00ed, v tom zmysle, \u017ee ceny, za ktor\u00e9 to pred\u00e1vaj\u00fa s\u00fa naozaj nezmyseln\u00e9, tak\u017ee, ked u\u017e, tak zjedn\u00e1vajte \ud83d\ude42 <br>Celkovo v\u0161ak mus\u00edm poveda\u0165, \u017ee to je jeden z nezabudnute\u013en\u00fdch z\u00e1\u017eitkov a ak patr\u00edte medzi t\u00edch, \u010do e\u0161te neza\u017eili exotiku a Karibik, tak sa m\u00e1te na \u010do te\u0161i\u0165 \ud83d\ude42 ! <br><\/p>","protected":false},"excerpt":{"rendered":"<p>Na ju\u017enej \u010dasti ostrova, cca dve hodiny lo\u010fou z Bayahihe, sa dostanete na ostrov, ktor\u00fd v\u00e1m vyraz\u00ed dych svojou n\u00e1dherou. Re\u010d je o ostrove Isla &hellip;<\/p>","protected":false},"author":1,"featured_media":1425,"parent":601,"menu_order":0,"comment_status":"closed","ping_status":"closed","template":"","meta":{"footnotes":""},"class_list":["post-987","page","type-page","status-publish","has-post-thumbnail","hentry"],"_links":{"self":[{"href":"https:\/\/dospocolocos.com\/en\/wp-json\/wp\/v2\/pages\/987","targetHints":{"allow":["GET"]}}],"collection":[{"href":"https:\/\/dospocolocos.com\/en\/wp-json\/wp\/v2\/pages"}],"about":[{"href":"https:\/\/dospocolocos.com\/en\/wp-json\/wp\/v2\/types\/page"}],"author":[{"embeddable":true,"href":"https:\/\/dospocolocos.com\/en\/wp-json\/wp\/v2\/users\/1"}],"replies":[{"embeddable":true,"href":"https:\/\/dospocolocos.com\/en\/wp-json\/wp\/v2\/comments?post=987"}],"version-history":[{"count":4,"href":"https:\/\/dospocolocos.com\/en\/wp-json\/wp\/v2\/pages\/987\/revisions"}],"predecessor-version":[{"id":1426,"href":"https:\/\/dospocolocos.com\/en\/wp-json\/wp\/v2\/pages\/987\/revisions\/1426"}],"up":[{"embeddable":true,"href":"https:\/\/dospocolocos.com\/en\/wp-json\/wp\/v2\/pages\/601"}],"wp:featuredmedia":[{"embeddable":true,"href":"https:\/\/dospocolocos.com\/en\/wp-json\/wp\/v2\/media\/1425"}],"wp:attachment":[{"href":"https:\/\/dospocolocos.com\/en\/wp-json\/wp\/v2\/media?parent=987"}],"curies":[{"name":"wp","href":"https:\/\/api.w.org\/{rel}","templated":true}]}}