{"id":898,"date":"2022-04-07T16:44:49","date_gmt":"2022-04-07T20:44:49","guid":{"rendered":"https:\/\/dospocolocos.com\/?page_id=898"},"modified":"2023-10-26T22:57:44","modified_gmt":"2023-10-27T02:57:44","slug":"samana","status":"publish","type":"page","link":"https:\/\/dospocolocos.com\/en\/guide\/regions\/samana_peninsula\/samana\/","title":{"rendered":"Saman\u00e1"},"content":{"rendered":"<p>The full name Santa B\u00e1rbara de Saman\u00e1 is the capital of the province of Saman\u00e1, located in the north of the Dominican Republic, on the peninsula of the same name - Saman\u00e1. <\/p>\n\n\n\n<p>This place is not so interesting for tourists, respectively a place where you would enjoy a typical Caribbean vacation, but it is the main point or transport hub on the peninsula itself. You can get from here to, for example <a href=\"https:\/\/dospocolocos.com\/en\/guide\/islands\/island_cayo_levantado\/\" data-type=\"page\" data-id=\"386\">Cayo Levantado<\/a>, to national park Los Haitises, or <a href=\"https:\/\/dospocolocos.com\/en\/guide\/regions\/samana_peninsula\/samana\/whales\/\" data-type=\"page\" data-id=\"1033\">whale watching<\/a>. You can also go to <a href=\"https:\/\/dospocolocos.com\/en\/guide\/regions\/samana_peninsula\/samana\/playa_el_valle\/\" data-type=\"page\" data-id=\"1041\">El Valle <\/a>and even to the town on the edge of Saman\u00e1 peninsula,  <a href=\"https:\/\/dospocolocos.com\/en\/guide\/regions\/samana_peninsula\/las_galeras\/\" data-type=\"page\" data-id=\"318\">Las Galeras<\/a>. <\/p>\n\n\n\n<p>On the way through the city you can spot colorful houses - known as Avenida de la Marina, which are typical for the town. However, the icon of this city is the bridge or bridges leading nowhere, Los Puentes de Saman\u00e1. These are the three pedestrian bridges that connect the city of Saman\u00e1 with the islands of Cayo Linares and Cayo Vigia - offering beautiful scenery and ocean views, boats moored off the coast of the city as well as the clear waters of the bay.<\/p>\n\n\n\n<p>Santa Barbara de Saman\u00e1 is definitely worth of your visit. Enjoy !  <br><\/p>\n\n\n\n<h3 class=\"wp-block-heading\">Interesting places<\/h3>\n\n\n\n<div class=\"grid-plus-container grid-69ded401600b6 page\"\n     id=\"69ded401600b6\"\n     data-grid-name=\"cities-SAMANA_places_small_grid\"\n     data-animation=\"zoomIn\">\n    <div class=\"grid-stack-container grid-plus-inner\"\n         data-ajax-url=\"https:\/\/dospocolocos.com\/wp-admin\/admin-ajax.php\"\n         data-grid-id=\"62577fb0af9ae\"\n         data-current-category=\"\"\n         data-section-id=\"69ded401600b6\"\n         data-gutter=\"5\"\n         data-columns=\"3\"\n         data-height-ratio=\"1\"\n         data-width-ratio=\"1\"\n         data-desktop-columns=\"3\"\n         data-tablet-columns=\"2\"\n         data-mobile-columns=\"1\"\n         data-layout-type=\"grid\"\n         data-fix-item-height=\"false\"\n         data-nonce=\"84d688c390\"\n    >\n        \n        <div class=\"grid-stack grid-stack-3\" data-layout=\"grid\"\n             style=\"height: 2380px\">\n        <\/div>\n        <div class=\"grid-items\">\n                            <div class=\"item\" data-gs-x=\"0\"\n                     data-gs-y=\"0\"\n                     data-gs-width=\"1\"\n                     data-gs-height=\"53\"\n                     data-skin=\"thumbnail-title-excerpt\"\n\n                     data-desktop-gs-x=\"0\"\n                     data-desktop-gs-y=\"0\"\n                     data-desktop-gs-width=\"1\"\n                     data-desktop-gs-height=\"53\"\n                     data-desktop-skin=\"thumbnail-title-excerpt\"\n\n                     data-image-width=\"2560\"\n                     data-image-height=\"1920\"\n                >\n                    <div class=\"grid-post-item thumbnail\" data-thumbnail-only=\"1\">\n    <div class=\"thumbnail-image\" data-img=\"https:\/\/dospocolocos.com\/wp-content\/uploads\/2022\/04\/IMG_3572-scaled.jpg\">\n                    <img decoding=\"async\" src=\"https:\/\/dospocolocos.com\/wp-content\/uploads\/2022\/04\/IMG_3572-scaled.jpg\" alt=\"Playa El Valle\" >\n                <div class=\"hover-outer transition-30\">\n                            <a href=\"https:\/\/dospocolocos.com\/en\/guide\/regions\/samana_peninsula\/samana\/playa_el_valle\/\" title=\"Playa El Valle\"><\/a>\n                        <div class=\"hover-inner transition-50\">\n                                    <div class=\"title\">\n                                                    <a href=\"https:\/\/dospocolocos.com\/en\/guide\/regions\/samana_peninsula\/samana\/playa_el_valle\/\" title=\"Playa El Valle\">Playa El Valle<\/a>\n                                            <\/div>\n                                                    <div class=\"excerpt\">Approximately 10 km north of the city of Santa Barbara de Saman\u00e1, or 55 km from Las Terrenas, you will find a hidden, not very visited by people...<\/div>\n                            <\/div>\n        <\/div>\n    <\/div>\n<\/div>\n                <\/div>\n                                <div class=\"item\" data-gs-x=\"1\"\n                     data-gs-y=\"0\"\n                     data-gs-width=\"1\"\n                     data-gs-height=\"53\"\n                     data-skin=\"thumbnail-title-excerpt\"\n\n                     data-desktop-gs-x=\"1\"\n                     data-desktop-gs-y=\"0\"\n                     data-desktop-gs-width=\"1\"\n                     data-desktop-gs-height=\"53\"\n                     data-desktop-skin=\"thumbnail-title-excerpt\"\n\n                     data-image-width=\"669\"\n                     data-image-height=\"446\"\n                >\n                    <div class=\"grid-post-item thumbnail\" data-thumbnail-only=\"1\">\n    <div class=\"thumbnail-image\" data-img=\"https:\/\/dospocolocos.com\/wp-content\/uploads\/2022\/03\/whales-1.jpeg\">\n                    <img decoding=\"async\" src=\"https:\/\/dospocolocos.com\/wp-content\/uploads\/2022\/03\/whales-1.jpeg\" alt=\"Velryby\" >\n                <div class=\"hover-outer transition-30\">\n                            <a href=\"https:\/\/dospocolocos.com\/en\/guide\/regions\/samana_peninsula\/samana\/whales\/\" title=\"Whales\"><\/a>\n                        <div class=\"hover-inner transition-50\">\n                                    <div class=\"title\">\n                                                    <a href=\"https:\/\/dospocolocos.com\/en\/guide\/regions\/samana_peninsula\/samana\/whales\/\" title=\"Whales\">Whales<\/a>\n                                            <\/div>\n                                                    <div class=\"excerpt\">Velryby Od p\u016flky ledna do konce b\u0159ezna si nenechte uj\u00edt z\u00e1\u017eitek z pozorov\u00e1n\u00ed velryb hrbat\u00fdch, zn\u00e1m\u00fdch tak\u00e9 pod jm\u00e9nem keporkak i kdy\u017e spr\u00e1vn\u00e9 ozna\u010den\u00ed je &hellip;<\/div>\n                            <\/div>\n        <\/div>\n    <\/div>\n<\/div>\n                <\/div>\n                                <div class=\"item\" data-gs-x=\"2\"\n                     data-gs-y=\"0\"\n                     data-gs-width=\"1\"\n                     data-gs-height=\"53\"\n                     data-skin=\"thumbnail-title-excerpt\"\n\n                     data-desktop-gs-x=\"2\"\n                     data-desktop-gs-y=\"0\"\n                     data-desktop-gs-width=\"1\"\n                     data-desktop-gs-height=\"53\"\n                     data-desktop-skin=\"thumbnail-title-excerpt\"\n\n                     data-image-width=\"2560\"\n                     data-image-height=\"1707\"\n                >\n                    <div class=\"grid-post-item thumbnail\" data-thumbnail-only=\"1\">\n    <div class=\"thumbnail-image\" data-img=\"https:\/\/dospocolocos.com\/wp-content\/uploads\/2022\/03\/IMG_3250-scaled.jpg\">\n                    <img decoding=\"async\" src=\"https:\/\/dospocolocos.com\/wp-content\/uploads\/2022\/03\/IMG_3250-scaled.jpg\" alt=\"Vodop\u00e1dy Cascada El Limon\" >\n                <div class=\"hover-outer transition-30\">\n                            <a href=\"https:\/\/dospocolocos.com\/en\/guide\/regions\/samana_peninsula\/samana\/cascada_el_limon\/\" title=\"Cascada El Limon waterfall\"><\/a>\n                        <div class=\"hover-inner transition-50\">\n                                    <div class=\"title\">\n                                                    <a href=\"https:\/\/dospocolocos.com\/en\/guide\/regions\/samana_peninsula\/samana\/cascada_el_limon\/\" title=\"Cascada El Limon waterfall\">Cascada El Limon waterfall<\/a>\n                                            <\/div>\n                                                    <div class=\"excerpt\">You already know that the Dominican Republic is a diverse country full of possibilities for spending time during your vacation...<\/div>\n                            <\/div>\n        <\/div>\n    <\/div>\n<\/div>\n                <\/div>\n                        <\/div>\n\n            <\/div>\n<\/div>\n\n\n\n\n<h3 class=\"wp-block-heading\">Gallery<\/h3>\n\n\n<div class=\"sgdg-gallery-container\" data-sgdg-hash=\"475b53c8e988a2dcc35afb1f668c21f9bfc61b0e031f9cc00dc76a2c5c43b19f\"><div class=\"sgdg-loading\"><div><\/div><\/div><\/div>\n\n\n<p><\/p>","protected":false},"excerpt":{"rendered":"<p>The full name of Santa Barbara de Saman\u00e1 is the capital of the province of Saman\u00e1, which is located in the north of the Dominican Republic, on the peninsula of the same name - Saman\u00e1. \u2026<\/p>","protected":false},"author":1,"featured_media":899,"parent":817,"menu_order":0,"comment_status":"closed","ping_status":"closed","template":"","meta":{"footnotes":""},"class_list":["post-898","page","type-page","status-publish","has-post-thumbnail","hentry"],"_links":{"self":[{"href":"https:\/\/dospocolocos.com\/en\/wp-json\/wp\/v2\/pages\/898","targetHints":{"allow":["GET"]}}],"collection":[{"href":"https:\/\/dospocolocos.com\/en\/wp-json\/wp\/v2\/pages"}],"about":[{"href":"https:\/\/dospocolocos.com\/en\/wp-json\/wp\/v2\/types\/page"}],"author":[{"embeddable":true,"href":"https:\/\/dospocolocos.com\/en\/wp-json\/wp\/v2\/users\/1"}],"replies":[{"embeddable":true,"href":"https:\/\/dospocolocos.com\/en\/wp-json\/wp\/v2\/comments?post=898"}],"version-history":[{"count":12,"href":"https:\/\/dospocolocos.com\/en\/wp-json\/wp\/v2\/pages\/898\/revisions"}],"predecessor-version":[{"id":2076,"href":"https:\/\/dospocolocos.com\/en\/wp-json\/wp\/v2\/pages\/898\/revisions\/2076"}],"up":[{"embeddable":true,"href":"https:\/\/dospocolocos.com\/en\/wp-json\/wp\/v2\/pages\/817"}],"wp:featuredmedia":[{"embeddable":true,"href":"https:\/\/dospocolocos.com\/en\/wp-json\/wp\/v2\/media\/899"}],"wp:attachment":[{"href":"https:\/\/dospocolocos.com\/en\/wp-json\/wp\/v2\/media?parent=898"}],"curies":[{"name":"wp","href":"https:\/\/api.w.org\/{rel}","templated":true}]}}