{"id":612,"date":"2022-03-08T14:12:22","date_gmt":"2022-03-08T18:12:22","guid":{"rendered":"https:\/\/dospocolocos.com\/?page_id=612"},"modified":"2023-12-25T20:46:55","modified_gmt":"2023-12-26T00:46:55","slug":"cities","status":"publish","type":"page","link":"https:\/\/dospocolocos.com\/en\/guide\/cities\/","title":{"rendered":"Cities"},"content":{"rendered":"<div class=\"grid-plus-container grid-69ded51410e11 page\"\n     id=\"69ded51410e11\"\n     data-grid-name=\"cities-city_list_full_grid\"\n     data-animation=\"zoomIn\">\n    <div class=\"grid-stack-container grid-plus-inner\"\n         data-ajax-url=\"https:\/\/dospocolocos.com\/wp-admin\/admin-ajax.php\"\n         data-grid-id=\"62279cdfd0f64\"\n         data-current-category=\"\"\n         data-section-id=\"69ded51410e11\"\n         data-gutter=\"5\"\n         data-columns=\"3\"\n         data-height-ratio=\"1\"\n         data-width-ratio=\"1\"\n         data-desktop-columns=\"3\"\n         data-tablet-columns=\"2\"\n         data-mobile-columns=\"1\"\n         data-layout-type=\"grid\"\n         data-fix-item-height=\"false\"\n         data-nonce=\"e6692cacf7\"\n    >\n        \n        <div class=\"grid-stack grid-stack-3\" data-layout=\"grid\"\n             style=\"height: 2380px\">\n        <\/div>\n        <div class=\"grid-items\">\n                            <div class=\"item\" data-gs-x=\"0\"\n                     data-gs-y=\"0\"\n                     data-gs-width=\"1\"\n                     data-gs-height=\"53\"\n                     data-skin=\"thumbnail-title-excerpt\"\n\n                     data-desktop-gs-x=\"0\"\n                     data-desktop-gs-y=\"0\"\n                     data-desktop-gs-width=\"1\"\n                     data-desktop-gs-height=\"53\"\n                     data-desktop-skin=\"thumbnail-title-excerpt\"\n\n                     data-image-width=\"2560\"\n                     data-image-height=\"1707\"\n                >\n                    <div class=\"grid-post-item thumbnail\" data-thumbnail-only=\"1\">\n    <div class=\"thumbnail-image\" data-img=\"https:\/\/dospocolocos.com\/wp-content\/uploads\/2022\/02\/DSC_6655-scaled.jpg\">\n                    <img decoding=\"async\" src=\"https:\/\/dospocolocos.com\/wp-content\/uploads\/2022\/02\/DSC_6655-scaled.jpg\" alt=\"Las Galeras\" >\n                <div class=\"hover-outer transition-30\">\n                            <a href=\"https:\/\/dospocolocos.com\/en\/guide\/regions\/samana_peninsula\/las_galeras\/\" title=\"Las Galeras\"><\/a>\n                        <div class=\"hover-inner transition-50\">\n                                    <div class=\"title\">\n                                                    <a href=\"https:\/\/dospocolocos.com\/en\/guide\/regions\/samana_peninsula\/las_galeras\/\" title=\"Las Galeras\">Las Galeras<\/a>\n                                            <\/div>\n                                                    <div class=\"excerpt\">Las Galeras Poslednou \u010das\u0165ou resp. miestom na polostrove Saman\u00e1 je mesto Las Galeras. Doslova t\u00fato \u010das\u0165 ostrova sama naz\u00fdvam koncom sveta, najm\u00e4 kv\u00f4li tomu, \u017ee &hellip;<\/div>\n                            <\/div>\n        <\/div>\n    <\/div>\n<\/div>\n                <\/div>\n                                <div class=\"item\" data-gs-x=\"1\"\n                     data-gs-y=\"0\"\n                     data-gs-width=\"1\"\n                     data-gs-height=\"53\"\n                     data-skin=\"thumbnail-title-excerpt\"\n\n                     data-desktop-gs-x=\"1\"\n                     data-desktop-gs-y=\"0\"\n                     data-desktop-gs-width=\"1\"\n                     data-desktop-gs-height=\"53\"\n                     data-desktop-skin=\"thumbnail-title-excerpt\"\n\n                     data-image-width=\"2560\"\n                     data-image-height=\"1920\"\n                >\n                    <div class=\"grid-post-item thumbnail\" data-thumbnail-only=\"1\">\n    <div class=\"thumbnail-image\" data-img=\"https:\/\/dospocolocos.com\/wp-content\/uploads\/2022\/03\/IMG_1477-2-scaled.jpg\">\n                    <img decoding=\"async\" src=\"https:\/\/dospocolocos.com\/wp-content\/uploads\/2022\/03\/IMG_1477-2-scaled.jpg\" alt=\"Las Terrenas\" >\n                <div class=\"hover-outer transition-30\">\n                            <a href=\"https:\/\/dospocolocos.com\/en\/guide\/regions\/samana_peninsula\/las_terrenas\/\" title=\"Las Terrenas\"><\/a>\n                        <div class=\"hover-inner transition-50\">\n                                    <div class=\"title\">\n                                                    <a href=\"https:\/\/dospocolocos.com\/en\/guide\/regions\/samana_peninsula\/las_terrenas\/\" title=\"Las Terrenas\">Las Terrenas<\/a>\n                                            <\/div>\n                                                    <div class=\"excerpt\">Las Terrenas je mal\u00e9 mesto situovan\u00e9 na severe Dominik\u00e1nskej republiky v provincii Saman\u00e1. Jeho vznik sa datuje do roku 1946. Vtedaj\u0161\u00ed prezident nariadil presun chudobn\u00fdch &hellip;<\/div>\n                            <\/div>\n        <\/div>\n    <\/div>\n<\/div>\n                <\/div>\n                                <div class=\"item\" data-gs-x=\"2\"\n                     data-gs-y=\"0\"\n                     data-gs-width=\"1\"\n                     data-gs-height=\"53\"\n                     data-skin=\"thumbnail-title-excerpt\"\n\n                     data-desktop-gs-x=\"2\"\n                     data-desktop-gs-y=\"0\"\n                     data-desktop-gs-width=\"1\"\n                     data-desktop-gs-height=\"53\"\n                     data-desktop-skin=\"thumbnail-title-excerpt\"\n\n                     data-image-width=\"938\"\n                     data-image-height=\"397\"\n                >\n                    <div class=\"grid-post-item thumbnail\" data-thumbnail-only=\"1\">\n    <div class=\"thumbnail-image\" data-img=\"https:\/\/dospocolocos.com\/wp-content\/uploads\/2022\/04\/Snimka-obrazovky-2022-04-07-o-15.29.58-e1649435255190.png\">\n                    <img decoding=\"async\" src=\"https:\/\/dospocolocos.com\/wp-content\/uploads\/2022\/04\/Snimka-obrazovky-2022-04-07-o-15.29.58-e1649435255190.png\" alt=\"Saman\u00e1\" >\n                <div class=\"hover-outer transition-30\">\n                            <a href=\"https:\/\/dospocolocos.com\/en\/guide\/regions\/samana_peninsula\/samana\/\" title=\"Saman\u00e1\"><\/a>\n                        <div class=\"hover-inner transition-50\">\n                                    <div class=\"title\">\n                                                    <a href=\"https:\/\/dospocolocos.com\/en\/guide\/regions\/samana_peninsula\/samana\/\" title=\"Saman\u00e1\">Saman\u00e1<\/a>\n                                            <\/div>\n                                                    <div class=\"excerpt\">The full name of Santa Barbara de Saman\u00e1 is the capital of the province of Saman\u00e1, which is located in the north of the Dominican Republic, on the peninsula of the same name - Saman\u00e1. \u2026<\/div>\n                            <\/div>\n        <\/div>\n    <\/div>\n<\/div>\n                <\/div>\n                        <\/div>\n\n            <\/div>\n<\/div>","protected":false},"excerpt":{"rendered":"","protected":false},"author":1,"featured_media":43,"parent":156,"menu_order":0,"comment_status":"closed","ping_status":"closed","template":"","meta":{"footnotes":""},"class_list":["post-612","page","type-page","status-publish","has-post-thumbnail","hentry"],"_links":{"self":[{"href":"https:\/\/dospocolocos.com\/en\/wp-json\/wp\/v2\/pages\/612","targetHints":{"allow":["GET"]}}],"collection":[{"href":"https:\/\/dospocolocos.com\/en\/wp-json\/wp\/v2\/pages"}],"about":[{"href":"https:\/\/dospocolocos.com\/en\/wp-json\/wp\/v2\/types\/page"}],"author":[{"embeddable":true,"href":"https:\/\/dospocolocos.com\/en\/wp-json\/wp\/v2\/users\/1"}],"replies":[{"embeddable":true,"href":"https:\/\/dospocolocos.com\/en\/wp-json\/wp\/v2\/comments?post=612"}],"version-history":[{"count":6,"href":"https:\/\/dospocolocos.com\/en\/wp-json\/wp\/v2\/pages\/612\/revisions"}],"predecessor-version":[{"id":2631,"href":"https:\/\/dospocolocos.com\/en\/wp-json\/wp\/v2\/pages\/612\/revisions\/2631"}],"up":[{"embeddable":true,"href":"https:\/\/dospocolocos.com\/en\/wp-json\/wp\/v2\/pages\/156"}],"wp:featuredmedia":[{"embeddable":true,"href":"https:\/\/dospocolocos.com\/en\/wp-json\/wp\/v2\/media\/43"}],"wp:attachment":[{"href":"https:\/\/dospocolocos.com\/en\/wp-json\/wp\/v2\/media?parent=612"}],"curies":[{"name":"wp","href":"https:\/\/api.w.org\/{rel}","templated":true}]}}