{"id":318,"date":"2022-02-26T16:57:49","date_gmt":"2022-02-26T20:57:49","guid":{"rendered":"https:\/\/dospocolocos.com\/?page_id=318"},"modified":"2023-10-26T19:56:01","modified_gmt":"2023-10-26T23:56:01","slug":"las_galeras","status":"publish","type":"page","link":"https:\/\/dospocolocos.com\/en\/guide\/regions\/samana_peninsula\/las_galeras\/","title":{"rendered":"Las Galeras"},"content":{"rendered":"<h2 class=\"wp-block-heading\">Las Galeras<\/h2>\n\n\n\n<p>The last part, or place on the Saman\u00e1 peninsula is Las Galeras. I literally call this part of the island the end of the world, especially because you will not meet masses of tourists or see huge luxury hotel complexes. <\/p>\n\n\n\n<p>Las Galeras is a place created for those who want to experience the true Caribbean in all its splendor. On the way through the city you will notice the everyday life of the locals together with the beautiful nature. It is a quiet town, with a few restaurants and bars. However, its dominance is enchanting nature. Beaches with white sand and azure clear ocean like from the covers of magazines. Cliffs overlooking the endless ocean. Peace, quiet and well-being. This is Las Galeras.<\/p>\n\n\n\n<p>Be sure not to miss beach <a href=\"https:\/\/dospocolocos.com\/en\/guide\/regions\/samana_peninsula\/las_galeras\/beaches\/playa_rincon\/\" data-type=\"page\" data-id=\"1053\">Playa Rincon<\/a>, from which you will be just amazed. No filter needed. Trust me. No wonder it is one of the top 10 most beautiful beaches on Earth. <\/p>\n\n\n\n<p>At its very end you will find Ca\u00f1o Fr\u00edo - a stream or rather a lake with really refreshing-cold water. <\/p>\n\n\n\n<p>The boat will take you to the beautiful beaches - Playa Fronton and Playa Madama. <\/p>\n\n\n\n<p>An interesting tourist destination is La Boca del Diablo, literally the mouth of the devil. It is a natural phenomenon where ocean waters crash into rocks and spring to the surface. <\/p>\n\n\n\n<p>And the last point I must mention and you must not miss is El Cabito. This is the very end of the world as I mentioned above. It's a cliff where you will find only one small restaurant with breathtaking viewpoint at the ocean, which I wrote about<a href=\"https:\/\/dospocolocos.com\/en\/guide\/regions\/samana_peninsula\/las_galeras\/insteresting_places\/el_cabito\/\" data-type=\"page\" data-id=\"1061\"> here.<\/a><\/p>\n\n\n\n<p>Las Galeras - here you will experience the harmony of perfect nature and undisturbed peace. <\/p>\n\n\n\n<h3 class=\"wp-block-heading\">Beaches<\/h3>\n\n\n\n<div class=\"grid-plus-container grid-69dec15b3597d page\"\n     id=\"69dec15b3597d\"\n     data-grid-name=\"cities-LG_playas_small_grid\"\n     data-animation=\"zoomIn\">\n    <div class=\"grid-stack-container grid-plus-inner\"\n         data-ajax-url=\"https:\/\/dospocolocos.com\/wp-admin\/admin-ajax.php\"\n         data-grid-id=\"625d8f5786764\"\n         data-current-category=\"\"\n         data-section-id=\"69dec15b3597d\"\n         data-gutter=\"5\"\n         data-columns=\"3\"\n         data-height-ratio=\"1\"\n         data-width-ratio=\"1\"\n         data-desktop-columns=\"3\"\n         data-tablet-columns=\"2\"\n         data-mobile-columns=\"1\"\n         data-layout-type=\"grid\"\n         data-fix-item-height=\"false\"\n         data-nonce=\"84d688c390\"\n    >\n        \n        <div class=\"grid-stack grid-stack-3\" data-layout=\"grid\"\n             style=\"height: 2380px\">\n        <\/div>\n        <div class=\"grid-items\">\n                            <div class=\"item\" data-gs-x=\"0\"\n                     data-gs-y=\"0\"\n                     data-gs-width=\"1\"\n                     data-gs-height=\"53\"\n                     data-skin=\"thumbnail-title-excerpt\"\n\n                     data-desktop-gs-x=\"0\"\n                     data-desktop-gs-y=\"0\"\n                     data-desktop-gs-width=\"1\"\n                     data-desktop-gs-height=\"53\"\n                     data-desktop-skin=\"thumbnail-title-excerpt\"\n\n                     data-image-width=\"2560\"\n                     data-image-height=\"1707\"\n                >\n                    <div class=\"grid-post-item thumbnail\" data-thumbnail-only=\"1\">\n    <div class=\"thumbnail-image\" data-img=\"https:\/\/dospocolocos.com\/wp-content\/uploads\/2022\/02\/DSC_6655-scaled.jpg\">\n                    <img decoding=\"async\" src=\"https:\/\/dospocolocos.com\/wp-content\/uploads\/2022\/02\/DSC_6655-scaled.jpg\" alt=\"Playa Rincon\" >\n                <div class=\"hover-outer transition-30\">\n                            <a href=\"https:\/\/dospocolocos.com\/en\/guide\/regions\/samana_peninsula\/las_galeras\/beaches\/playa_rincon\/\" title=\"Playa Rincon\"><\/a>\n                        <div class=\"hover-inner transition-50\">\n                                    <div class=\"title\">\n                                                    <a href=\"https:\/\/dospocolocos.com\/en\/guide\/regions\/samana_peninsula\/las_galeras\/beaches\/playa_rincon\/\" title=\"Playa Rincon\">Playa Rincon<\/a>\n                                            <\/div>\n                                                    <div class=\"excerpt\">Playa Rincon Dominanta polostrova Saman\u00e1 a jedna z najkraj\u0161\u00edch pl\u00e1\u017ei na svete sa nach\u00e1dza pr\u00e1ve v tu, v Dominik\u00e1nskej Republike &#8211; v Las Galeras. Playa &hellip;<\/div>\n                            <\/div>\n        <\/div>\n    <\/div>\n<\/div>\n                <\/div>\n                        <\/div>\n\n            <\/div>\n<\/div>\n\n\n\n\n<h3 class=\"wp-block-heading\">Zauj\u00edmav\u00e9 miesta <\/h3>\n\n\n\n<div class=\"grid-plus-container grid-69dec15b37c49 page\"\n     id=\"69dec15b37c49\"\n     data-grid-name=\"cities-LG_places_small_grid\"\n     data-animation=\"zoomIn\">\n    <div class=\"grid-stack-container grid-plus-inner\"\n         data-ajax-url=\"https:\/\/dospocolocos.com\/wp-admin\/admin-ajax.php\"\n         data-grid-id=\"625d8fee3a0ad\"\n         data-current-category=\"\"\n         data-section-id=\"69dec15b37c49\"\n         data-gutter=\"5\"\n         data-columns=\"3\"\n         data-height-ratio=\"1\"\n         data-width-ratio=\"1\"\n         data-desktop-columns=\"3\"\n         data-tablet-columns=\"2\"\n         data-mobile-columns=\"1\"\n         data-layout-type=\"grid\"\n         data-fix-item-height=\"false\"\n         data-nonce=\"84d688c390\"\n    >\n        \n        <div class=\"grid-stack grid-stack-3\" data-layout=\"grid\"\n             style=\"height: 2380px\">\n        <\/div>\n        <div class=\"grid-items\">\n                            <div class=\"item\" data-gs-x=\"0\"\n                     data-gs-y=\"0\"\n                     data-gs-width=\"1\"\n                     data-gs-height=\"53\"\n                     data-skin=\"thumbnail-title-excerpt\"\n\n                     data-desktop-gs-x=\"0\"\n                     data-desktop-gs-y=\"0\"\n                     data-desktop-gs-width=\"1\"\n                     data-desktop-gs-height=\"53\"\n                     data-desktop-skin=\"thumbnail-title-excerpt\"\n\n                     data-image-width=\"1500\"\n                     data-image-height=\"1125\"\n                >\n                    <div class=\"grid-post-item thumbnail\" data-thumbnail-only=\"1\">\n    <div class=\"thumbnail-image\" data-img=\"https:\/\/dospocolocos.com\/wp-content\/uploads\/2022\/04\/IMG_20191017_175144-scaled-e1650296763101.jpg\">\n                    <img decoding=\"async\" src=\"https:\/\/dospocolocos.com\/wp-content\/uploads\/2022\/04\/IMG_20191017_175144-scaled-e1650296763101.jpg\" alt=\"El Cabito\" >\n                <div class=\"hover-outer transition-30\">\n                            <a href=\"https:\/\/dospocolocos.com\/en\/guide\/regions\/samana_peninsula\/las_galeras\/insteresting_places\/el_cabito\/\" title=\"El Cabito\"><\/a>\n                        <div class=\"hover-inner transition-50\">\n                                    <div class=\"title\">\n                                                    <a href=\"https:\/\/dospocolocos.com\/en\/guide\/regions\/samana_peninsula\/las_galeras\/insteresting_places\/el_cabito\/\" title=\"El Cabito\">El Cabito<\/a>\n                                            <\/div>\n                                                    <div class=\"excerpt\">Be sure to visit this place when you are in Las Galeras. El Cabito is basically an \"apart hotel\" ...<\/div>\n                            <\/div>\n        <\/div>\n    <\/div>\n<\/div>\n                <\/div>\n                        <\/div>\n\n            <\/div>\n<\/div>","protected":false},"excerpt":{"rendered":"<p>Las Galeras Poslednou \u010das\u0165ou resp. miestom na polostrove Saman\u00e1 je mesto Las Galeras. Doslova t\u00fato \u010das\u0165 ostrova sama naz\u00fdvam koncom sveta, najm\u00e4 kv\u00f4li tomu, \u017ee &hellip;<\/p>","protected":false},"author":1,"featured_media":43,"parent":817,"menu_order":0,"comment_status":"closed","ping_status":"closed","template":"","meta":{"footnotes":""},"class_list":["post-318","page","type-page","status-publish","has-post-thumbnail","hentry"],"_links":{"self":[{"href":"https:\/\/dospocolocos.com\/en\/wp-json\/wp\/v2\/pages\/318","targetHints":{"allow":["GET"]}}],"collection":[{"href":"https:\/\/dospocolocos.com\/en\/wp-json\/wp\/v2\/pages"}],"about":[{"href":"https:\/\/dospocolocos.com\/en\/wp-json\/wp\/v2\/types\/page"}],"author":[{"embeddable":true,"href":"https:\/\/dospocolocos.com\/en\/wp-json\/wp\/v2\/users\/1"}],"replies":[{"embeddable":true,"href":"https:\/\/dospocolocos.com\/en\/wp-json\/wp\/v2\/comments?post=318"}],"version-history":[{"count":10,"href":"https:\/\/dospocolocos.com\/en\/wp-json\/wp\/v2\/pages\/318\/revisions"}],"predecessor-version":[{"id":2020,"href":"https:\/\/dospocolocos.com\/en\/wp-json\/wp\/v2\/pages\/318\/revisions\/2020"}],"up":[{"embeddable":true,"href":"https:\/\/dospocolocos.com\/en\/wp-json\/wp\/v2\/pages\/817"}],"wp:featuredmedia":[{"embeddable":true,"href":"https:\/\/dospocolocos.com\/en\/wp-json\/wp\/v2\/media\/43"}],"wp:attachment":[{"href":"https:\/\/dospocolocos.com\/en\/wp-json\/wp\/v2\/media?parent=318"}],"curies":[{"name":"wp","href":"https:\/\/api.w.org\/{rel}","templated":true}]}}