{"id":285,"date":"2022-02-26T15:02:49","date_gmt":"2022-02-26T19:02:49","guid":{"rendered":"https:\/\/dospocolocos.com\/?page_id=285"},"modified":"2023-12-18T12:03:47","modified_gmt":"2023-12-18T16:03:47","slug":"las_terrenas","status":"publish","type":"page","link":"https:\/\/dospocolocos.com\/en\/guide\/regions\/samana_peninsula\/las_terrenas\/","title":{"rendered":"Las Terrenas"},"content":{"rendered":"<div class=\"wp-block-cover aligncenter is-light\"><span aria-hidden=\"true\" class=\"wp-block-cover__background has-background-dim-0 has-background-dim\"><\/span><img decoding=\"async\" width=\"2560\" height=\"1920\" class=\"wp-block-cover__image-background wp-image-432\" alt=\"\" src=\"https:\/\/dospocolocos.com\/wp-content\/uploads\/2022\/03\/IMG_1477-2-scaled.jpg\" style=\"object-position:51% 81%\" data-object-fit=\"cover\" data-object-position=\"51% 81%\" srcset=\"https:\/\/dospocolocos.com\/wp-content\/uploads\/2022\/03\/IMG_1477-2-scaled.jpg 2560w, https:\/\/dospocolocos.com\/wp-content\/uploads\/2022\/03\/IMG_1477-2-300x225.jpg 300w, https:\/\/dospocolocos.com\/wp-content\/uploads\/2022\/03\/IMG_1477-2-1024x768.jpg 1024w, https:\/\/dospocolocos.com\/wp-content\/uploads\/2022\/03\/IMG_1477-2-768x576.jpg 768w, https:\/\/dospocolocos.com\/wp-content\/uploads\/2022\/03\/IMG_1477-2-1536x1152.jpg 1536w, https:\/\/dospocolocos.com\/wp-content\/uploads\/2022\/03\/IMG_1477-2-2048x1536.jpg 2048w, https:\/\/dospocolocos.com\/wp-content\/uploads\/2022\/03\/IMG_1477-2-16x12.jpg 16w, https:\/\/dospocolocos.com\/wp-content\/uploads\/2022\/03\/IMG_1477-2-387x290.jpg 387w\" sizes=\"(max-width: 2560px) 100vw, 2560px\" \/><div class=\"wp-block-cover__inner-container is-layout-flow wp-block-cover-is-layout-flow\">\n<p class=\"has-text-align-center has-large-font-size\"><\/p>\n<\/div><\/div>\n\n\n\n<p>Las Terrenas is a small town located in the north of the Dominican Republic in the province of Saman\u00e1. Its origin dates back to 1946. The president ordered the transfer of the poor from the capital Santo Domingo, here, to the north of the country, where they became farmers and fishermen. Las Terrenas is also known as a city of fishermen. It is also interesting that until 1994 no electricity was introduced here and getting here was quite an adventure. The road that led here through Sanchez was built in 1989, so the city and its inhabitants were completely isolated from the rest of the country until that moment. Overall, the province of Saman\u00e1 has been known since the 17th century, mainly because England traded with slaves here. Today, the people of this province are mix of Taino, Spanish, West Indian and African slaves.<\/p>\n\n\n\n<p>Turning away from history, today's Las Terrenas is considered the most European oriented city. There are very many French and Italians who have moved here not only their homes but also their business. Here you will find countless beautiful restaurants and bars, which are exactly what we are used to have at home.<\/p>\n\n\n<div class=\"wp-block-image is-resized\">\n<figure class=\"aligncenter size-large\"><img decoding=\"async\" width=\"1024\" height=\"768\" src=\"https:\/\/dospocolocos.com\/wp-content\/uploads\/2022\/03\/IMG_7153-1024x768.jpg\" alt=\"\" class=\"wp-image-441\" srcset=\"https:\/\/dospocolocos.com\/wp-content\/uploads\/2022\/03\/IMG_7153-1024x768.jpg 1024w, https:\/\/dospocolocos.com\/wp-content\/uploads\/2022\/03\/IMG_7153-300x225.jpg 300w, https:\/\/dospocolocos.com\/wp-content\/uploads\/2022\/03\/IMG_7153-768x576.jpg 768w, https:\/\/dospocolocos.com\/wp-content\/uploads\/2022\/03\/IMG_7153-16x12.jpg 16w, https:\/\/dospocolocos.com\/wp-content\/uploads\/2022\/03\/IMG_7153-387x290.jpg 387w, https:\/\/dospocolocos.com\/wp-content\/uploads\/2022\/03\/IMG_7153.jpg 1504w\" sizes=\"(max-width: 1024px) 100vw, 1024px\" \/><\/figure>\n<\/div>\n\n\n<p>It is said that whole Samana has as many palm trees as there are in the whole island. And it's true, when you come here, from the viewpoint of Mirador Coson, you will see the beauty. Las Terrenas is still untouched by commerce, so every lover of beautiful nature and everyone who has been here will tell you that you will experience the real Caribbean here. <\/p>\n\n\n<div class=\"wp-block-image is-resized\">\n<figure class=\"aligncenter size-large\"><img decoding=\"async\" width=\"1024\" height=\"766\" src=\"https:\/\/dospocolocos.com\/wp-content\/uploads\/2022\/03\/IMG_7152-1024x766.jpg\" alt=\"\" class=\"wp-image-437\" srcset=\"https:\/\/dospocolocos.com\/wp-content\/uploads\/2022\/03\/IMG_7152-1024x766.jpg 1024w, https:\/\/dospocolocos.com\/wp-content\/uploads\/2022\/03\/IMG_7152-300x225.jpg 300w, https:\/\/dospocolocos.com\/wp-content\/uploads\/2022\/03\/IMG_7152-768x575.jpg 768w, https:\/\/dospocolocos.com\/wp-content\/uploads\/2022\/03\/IMG_7152-16x12.jpg 16w, https:\/\/dospocolocos.com\/wp-content\/uploads\/2022\/03\/IMG_7152-387x290.jpg 387w, https:\/\/dospocolocos.com\/wp-content\/uploads\/2022\/03\/IMG_7152.jpg 1296w\" sizes=\"(max-width: 1024px) 100vw, 1024px\" \/><\/figure>\n<\/div>\n\n\n<p><\/p>\n\n\n<div class=\"wp-block-image is-resized\">\n<figure class=\"aligncenter size-large\"><img decoding=\"async\" width=\"1024\" height=\"576\" src=\"https:\/\/dospocolocos.com\/wp-content\/uploads\/2022\/03\/IMG_7579-1024x576.jpg\" alt=\"\" class=\"wp-image-434\"\/><\/figure>\n<\/div>\n\n\n<h2 class=\"wp-block-heading has-text-align-left\" style=\"font-style:italic;font-weight:500\"><strong><a href=\"https:\/\/dospocolocos.com\/en\/guide\/regions\/samana_peninsula\/las_terrenas\/beaches\/\" data-type=\"page\" data-id=\"290\">Beaches<\/a><\/strong><\/h2>\n\n\n\n<div class=\"grid-plus-container grid-69df12bfcf8be page\"\n     id=\"69df12bfcf8be\"\n     data-grid-name=\"cities-LT_playas_small_grid\"\n     data-animation=\"zoomIn\">\n    <div class=\"grid-stack-container grid-plus-inner\"\n         data-ajax-url=\"https:\/\/dospocolocos.com\/wp-admin\/admin-ajax.php\"\n         data-grid-id=\"62275a1e5d3f8\"\n         data-current-category=\"\"\n         data-section-id=\"69df12bfcf8be\"\n         data-gutter=\"5\"\n         data-columns=\"3\"\n         data-height-ratio=\"1\"\n         data-width-ratio=\"1\"\n         data-desktop-columns=\"3\"\n         data-tablet-columns=\"2\"\n         data-mobile-columns=\"1\"\n         data-layout-type=\"grid\"\n         data-fix-item-height=\"false\"\n         data-nonce=\"e6692cacf7\"\n    >\n        \n        <div class=\"grid-stack grid-stack-3\" data-layout=\"grid\"\n             style=\"height: 2380px\">\n        <\/div>\n        <div class=\"grid-items\">\n                            <div class=\"item\" data-gs-x=\"0\"\n                     data-gs-y=\"0\"\n                     data-gs-width=\"1\"\n                     data-gs-height=\"53\"\n                     data-skin=\"thumbnail-title-excerpt\"\n\n                     data-desktop-gs-x=\"0\"\n                     data-desktop-gs-y=\"0\"\n                     data-desktop-gs-width=\"1\"\n                     data-desktop-gs-height=\"53\"\n                     data-desktop-skin=\"thumbnail-title-excerpt\"\n\n                     data-image-width=\"2560\"\n                     data-image-height=\"1920\"\n                >\n                    <div class=\"grid-post-item thumbnail\" data-thumbnail-only=\"1\">\n    <div class=\"thumbnail-image\" data-img=\"https:\/\/dospocolocos.com\/wp-content\/uploads\/2022\/03\/IMG_9269-scaled.jpg\">\n                    <img decoding=\"async\" src=\"https:\/\/dospocolocos.com\/wp-content\/uploads\/2022\/03\/IMG_9269-scaled.jpg\" alt=\"Playa Bonita\" >\n                <div class=\"hover-outer transition-30\">\n                            <a href=\"https:\/\/dospocolocos.com\/en\/guide\/regions\/samana_peninsula\/las_terrenas\/beaches\/playa_bonita\/\" title=\"Playa Bonita\"><\/a>\n                        <div class=\"hover-inner transition-50\">\n                                    <div class=\"title\">\n                                                    <a href=\"https:\/\/dospocolocos.com\/en\/guide\/regions\/samana_peninsula\/las_terrenas\/beaches\/playa_bonita\/\" title=\"Playa Bonita\">Playa Bonita<\/a>\n                                            <\/div>\n                                                    <div class=\"excerpt\">Really Bonita ! And one of my favorite beaches. Playa Bonita pulls you into its beauty as soon as you enter \u2026<\/div>\n                            <\/div>\n        <\/div>\n    <\/div>\n<\/div>\n                <\/div>\n                                <div class=\"item\" data-gs-x=\"1\"\n                     data-gs-y=\"0\"\n                     data-gs-width=\"1\"\n                     data-gs-height=\"53\"\n                     data-skin=\"thumbnail-title-excerpt\"\n\n                     data-desktop-gs-x=\"1\"\n                     data-desktop-gs-y=\"0\"\n                     data-desktop-gs-width=\"1\"\n                     data-desktop-gs-height=\"53\"\n                     data-desktop-skin=\"thumbnail-title-excerpt\"\n\n                     data-image-width=\"500\"\n                     data-image-height=\"374\"\n                >\n                    <div class=\"grid-post-item thumbnail\" data-thumbnail-only=\"1\">\n    <div class=\"thumbnail-image\" data-img=\"https:\/\/dospocolocos.com\/wp-content\/uploads\/2022\/03\/IMG_20210311_181145-e1646702830947.jpg\">\n                    <img decoding=\"async\" src=\"https:\/\/dospocolocos.com\/wp-content\/uploads\/2022\/03\/IMG_20210311_181145-e1646702830947.jpg\" alt=\"Playa Coson\" >\n                <div class=\"hover-outer transition-30\">\n                            <a href=\"https:\/\/dospocolocos.com\/en\/guide\/regions\/samana_peninsula\/las_terrenas\/beaches\/playa_coson\/\" title=\"Playa Coson\"><\/a>\n                        <div class=\"hover-inner transition-50\">\n                                    <div class=\"title\">\n                                                    <a href=\"https:\/\/dospocolocos.com\/en\/guide\/regions\/samana_peninsula\/las_terrenas\/beaches\/playa_coson\/\" title=\"Playa Coson\">Playa Coson<\/a>\n                                            <\/div>\n                                                    <div class=\"excerpt\">A very long, relatively quiet beach stretching from Playa Bonita to the end of Las Terrenas itself. Overall, part of Coson is more or less uninhabited, or \u2026<\/div>\n                            <\/div>\n        <\/div>\n    <\/div>\n<\/div>\n                <\/div>\n                                <div class=\"item\" data-gs-x=\"2\"\n                     data-gs-y=\"0\"\n                     data-gs-width=\"1\"\n                     data-gs-height=\"53\"\n                     data-skin=\"thumbnail-title-excerpt\"\n\n                     data-desktop-gs-x=\"2\"\n                     data-desktop-gs-y=\"0\"\n                     data-desktop-gs-width=\"1\"\n                     data-desktop-gs-height=\"53\"\n                     data-desktop-skin=\"thumbnail-title-excerpt\"\n\n                     data-image-width=\"1024\"\n                     data-image-height=\"766\"\n                >\n                    <div class=\"grid-post-item thumbnail\" data-thumbnail-only=\"1\">\n    <div class=\"thumbnail-image\" data-img=\"https:\/\/dospocolocos.com\/wp-content\/uploads\/2022\/03\/IMG_20210312_135950-e1646952200335.jpg\">\n                    <img decoding=\"async\" src=\"https:\/\/dospocolocos.com\/wp-content\/uploads\/2022\/03\/IMG_20210312_135950-e1646952200335.jpg\" alt=\"Playa El Moron\" >\n                <div class=\"hover-outer transition-30\">\n                            <a href=\"https:\/\/dospocolocos.com\/en\/guide\/regions\/samana_peninsula\/las_terrenas\/beaches\/playa_el_moron\/\" title=\"Playa El Moron\"><\/a>\n                        <div class=\"hover-inner transition-50\">\n                                    <div class=\"title\">\n                                                    <a href=\"https:\/\/dospocolocos.com\/en\/guide\/regions\/samana_peninsula\/las_terrenas\/beaches\/playa_el_moron\/\" title=\"Playa El Moron\">Playa El Moron<\/a>\n                                            <\/div>\n                                                    <div class=\"excerpt\">You should definitely visit this beach. It is approximately 20 km from the city, towards El Limon. Visiting this beach is\u2026<\/div>\n                            <\/div>\n        <\/div>\n    <\/div>\n<\/div>\n                <\/div>\n                        <\/div>\n\n        <div class=\"grid-paging-navigation-wrap text-center\">\n    <div class=\"grid-paging-navigation clearfix\" data-section-id=\"69df12bfcf8be\">\n        <span aria-current=\"page\" class=\"page-numbers current\"><span >1<\/span><\/span>\n<a class=\"page-numbers\" href=\"https:\/\/dospocolocos.com\/en\/wp-json\/wp\/v2\/pages\/285\/page\/2\/\"><span >2<\/span><\/a>\n<a class=\"page-numbers\" href=\"https:\/\/dospocolocos.com\/en\/wp-json\/wp\/v2\/pages\/285\/page\/3\/\"><span >3<\/span><\/a>\n<a class=\"next page-numbers\" href=\"https:\/\/dospocolocos.com\/en\/wp-json\/wp\/v2\/pages\/285\/page\/2\/\"><span >\u010eal\u0161ie<i class=\"fa fa-angle-right\"><\/i><\/span><\/a>    <\/div>\n<\/div>\n    <\/div>\n<\/div>\n\n\n\n\n<h2 class=\"wp-block-heading has-text-align-left\" style=\"font-style:italic;font-weight:500\"><strong><a href=\"https:\/\/dospocolocos.com\/en\/guide\/regions\/samana_peninsula\/las_terrenas\/interesting_places\/\" data-type=\"page\" data-id=\"297\">Zauj\u00edmav\u00e9 miesta<\/a><\/strong><\/h2>\n\n\n\n<div class=\"grid-plus-container grid-69df12bfda5f8 page\"\n     id=\"69df12bfda5f8\"\n     data-grid-name=\"cities-LT_places_small_grid\"\n     data-animation=\"zoomIn\">\n    <div class=\"grid-stack-container grid-plus-inner\"\n         data-ajax-url=\"https:\/\/dospocolocos.com\/wp-admin\/admin-ajax.php\"\n         data-grid-id=\"622793488e00f\"\n         data-current-category=\"\"\n         data-section-id=\"69df12bfda5f8\"\n         data-gutter=\"5\"\n         data-columns=\"3\"\n         data-height-ratio=\"1\"\n         data-width-ratio=\"1\"\n         data-desktop-columns=\"3\"\n         data-tablet-columns=\"2\"\n         data-mobile-columns=\"1\"\n         data-layout-type=\"grid\"\n         data-fix-item-height=\"false\"\n         data-nonce=\"e6692cacf7\"\n    >\n        \n        <div class=\"grid-stack grid-stack-3\" data-layout=\"grid\"\n             style=\"height: 2380px\">\n        <\/div>\n        <div class=\"grid-items\">\n                            <div class=\"item\" data-gs-x=\"0\"\n                     data-gs-y=\"0\"\n                     data-gs-width=\"1\"\n                     data-gs-height=\"53\"\n                     data-skin=\"thumbnail-title-excerpt\"\n\n                     data-desktop-gs-x=\"0\"\n                     data-desktop-gs-y=\"0\"\n                     data-desktop-gs-width=\"1\"\n                     data-desktop-gs-height=\"53\"\n                     data-desktop-skin=\"thumbnail-title-excerpt\"\n\n                     data-image-width=\"2236\"\n                     data-image-height=\"1355\"\n                >\n                    <div class=\"grid-post-item thumbnail\" data-thumbnail-only=\"1\">\n    <div class=\"thumbnail-image\" data-img=\"https:\/\/dospocolocos.com\/wp-content\/uploads\/2022\/03\/cayo-1.jpeg\">\n                    <img decoding=\"async\" src=\"https:\/\/dospocolocos.com\/wp-content\/uploads\/2022\/03\/cayo-1.jpeg\" alt=\"Ostrov Cayo Levantado\" >\n                <div class=\"hover-outer transition-30\">\n                            <a href=\"https:\/\/dospocolocos.com\/en\/guide\/islands\/island_cayo_levantado\/\" title=\"Cayo Levantado\"><\/a>\n                        <div class=\"hover-inner transition-50\">\n                                    <div class=\"title\">\n                                                    <a href=\"https:\/\/dospocolocos.com\/en\/guide\/islands\/island_cayo_levantado\/\" title=\"Cayo Levantado\">Cayo Levantado<\/a>\n                                            <\/div>\n                                                    <div class=\"excerpt\">When you imagine paradise on earth, what would it look like? It looks exactly like Cayo Levantado in my head. This place is like\u2026<\/div>\n                            <\/div>\n        <\/div>\n    <\/div>\n<\/div>\n                <\/div>\n                                <div class=\"item\" data-gs-x=\"1\"\n                     data-gs-y=\"0\"\n                     data-gs-width=\"1\"\n                     data-gs-height=\"53\"\n                     data-skin=\"thumbnail-title-excerpt\"\n\n                     data-desktop-gs-x=\"1\"\n                     data-desktop-gs-y=\"0\"\n                     data-desktop-gs-width=\"1\"\n                     data-desktop-gs-height=\"53\"\n                     data-desktop-skin=\"thumbnail-title-excerpt\"\n\n                     data-image-width=\"669\"\n                     data-image-height=\"446\"\n                >\n                    <div class=\"grid-post-item thumbnail\" data-thumbnail-only=\"1\">\n    <div class=\"thumbnail-image\" data-img=\"https:\/\/dospocolocos.com\/wp-content\/uploads\/2022\/03\/whales-1.jpeg\">\n                    <img decoding=\"async\" src=\"https:\/\/dospocolocos.com\/wp-content\/uploads\/2022\/03\/whales-1.jpeg\" alt=\"Velryby\" >\n                <div class=\"hover-outer transition-30\">\n                            <a href=\"https:\/\/dospocolocos.com\/en\/guide\/regions\/samana_peninsula\/las_terrenas\/interesting_places\/whales\/\" title=\"Whales\"><\/a>\n                        <div class=\"hover-inner transition-50\">\n                                    <div class=\"title\">\n                                                    <a href=\"https:\/\/dospocolocos.com\/en\/guide\/regions\/samana_peninsula\/las_terrenas\/interesting_places\/whales\/\" title=\"Whales\">Whales<\/a>\n                                            <\/div>\n                                                    <div class=\"excerpt\">As many of you already know, in addition to trips around the peninsula, Samana also offers trips outside of it. One of them is whale watching. Yes, you read that right. Whales. \u2026<\/div>\n                            <\/div>\n        <\/div>\n    <\/div>\n<\/div>\n                <\/div>\n                                <div class=\"item\" data-gs-x=\"2\"\n                     data-gs-y=\"0\"\n                     data-gs-width=\"1\"\n                     data-gs-height=\"53\"\n                     data-skin=\"thumbnail-title-excerpt\"\n\n                     data-desktop-gs-x=\"2\"\n                     data-desktop-gs-y=\"0\"\n                     data-desktop-gs-width=\"1\"\n                     data-desktop-gs-height=\"53\"\n                     data-desktop-skin=\"thumbnail-title-excerpt\"\n\n                     data-image-width=\"2560\"\n                     data-image-height=\"1707\"\n                >\n                    <div class=\"grid-post-item thumbnail\" data-thumbnail-only=\"1\">\n    <div class=\"thumbnail-image\" data-img=\"https:\/\/dospocolocos.com\/wp-content\/uploads\/2022\/03\/IMG_3250-scaled.jpg\">\n                    <img decoding=\"async\" src=\"https:\/\/dospocolocos.com\/wp-content\/uploads\/2022\/03\/IMG_3250-scaled.jpg\" alt=\"Vodop\u00e1dy Cascada El Limon\" >\n                <div class=\"hover-outer transition-30\">\n                            <a href=\"https:\/\/dospocolocos.com\/en\/guide\/regions\/samana_peninsula\/las_terrenas\/interesting_places\/cascada_el_limon\/\" title=\"Cascada El Limon waterfall\"><\/a>\n                        <div class=\"hover-inner transition-50\">\n                                    <div class=\"title\">\n                                                    <a href=\"https:\/\/dospocolocos.com\/en\/guide\/regions\/samana_peninsula\/las_terrenas\/interesting_places\/cascada_el_limon\/\" title=\"Cascada El Limon waterfall\">Cascada El Limon waterfall<\/a>\n                                            <\/div>\n                                                    <div class=\"excerpt\">You already know that the Dominican Republic is a diverse country full of possibilities for spending time during your vacation...<\/div>\n                            <\/div>\n        <\/div>\n    <\/div>\n<\/div>\n                <\/div>\n                        <\/div>\n\n        <div class=\"grid-paging-navigation-wrap text-center\">\n    <div class=\"grid-paging-navigation clearfix\" data-section-id=\"69df12bfda5f8\">\n        <span aria-current=\"page\" class=\"page-numbers current\"><span >1<\/span><\/span>\n<a class=\"page-numbers\" href=\"https:\/\/dospocolocos.com\/en\/wp-json\/wp\/v2\/pages\/285\/page\/2\/\"><span >2<\/span><\/a>\n<a class=\"next page-numbers\" href=\"https:\/\/dospocolocos.com\/en\/wp-json\/wp\/v2\/pages\/285\/page\/2\/\"><span >\u010eal\u0161ie<i class=\"fa fa-angle-right\"><\/i><\/span><\/a>    <\/div>\n<\/div>\n    <\/div>\n<\/div>\n\n\n\n\n<h2 class=\"wp-block-heading\">Photos<\/h2>\n\n\n<div class=\"sgdg-gallery-container\" data-sgdg-hash=\"12911d2a1e0025bdc0c49c39772f92e5c8fc11c02f86884a32e44a59e214bb3a\"><div class=\"sgdg-loading\"><div><\/div><\/div><\/div>","protected":false},"excerpt":{"rendered":"<p>Las Terrenas je mal\u00e9 mesto situovan\u00e9 na severe Dominik\u00e1nskej republiky v provincii Saman\u00e1. Jeho vznik sa datuje do roku 1946. Vtedaj\u0161\u00ed prezident nariadil presun chudobn\u00fdch &hellip;<\/p>","protected":false},"author":1,"featured_media":432,"parent":817,"menu_order":0,"comment_status":"closed","ping_status":"closed","template":"","meta":{"footnotes":""},"class_list":["post-285","page","type-page","status-publish","has-post-thumbnail","hentry"],"_links":{"self":[{"href":"https:\/\/dospocolocos.com\/en\/wp-json\/wp\/v2\/pages\/285","targetHints":{"allow":["GET"]}}],"collection":[{"href":"https:\/\/dospocolocos.com\/en\/wp-json\/wp\/v2\/pages"}],"about":[{"href":"https:\/\/dospocolocos.com\/en\/wp-json\/wp\/v2\/types\/page"}],"author":[{"embeddable":true,"href":"https:\/\/dospocolocos.com\/en\/wp-json\/wp\/v2\/users\/1"}],"replies":[{"embeddable":true,"href":"https:\/\/dospocolocos.com\/en\/wp-json\/wp\/v2\/comments?post=285"}],"version-history":[{"count":55,"href":"https:\/\/dospocolocos.com\/en\/wp-json\/wp\/v2\/pages\/285\/revisions"}],"predecessor-version":[{"id":2538,"href":"https:\/\/dospocolocos.com\/en\/wp-json\/wp\/v2\/pages\/285\/revisions\/2538"}],"up":[{"embeddable":true,"href":"https:\/\/dospocolocos.com\/en\/wp-json\/wp\/v2\/pages\/817"}],"wp:featuredmedia":[{"embeddable":true,"href":"https:\/\/dospocolocos.com\/en\/wp-json\/wp\/v2\/media\/432"}],"wp:attachment":[{"href":"https:\/\/dospocolocos.com\/en\/wp-json\/wp\/v2\/media?parent=285"}],"curies":[{"name":"wp","href":"https:\/\/api.w.org\/{rel}","templated":true}]}}