{"id":2348,"date":"2023-11-25T15:45:56","date_gmt":"2023-11-25T19:45:56","guid":{"rendered":"https:\/\/dospocolocos.com\/?page_id=2348"},"modified":"2024-01-13T19:03:58","modified_gmt":"2024-01-13T23:03:58","slug":"cayo_arena_paradise_island","status":"publish","type":"page","link":"https:\/\/dospocolocos.com\/en\/guide\/islands\/cayo_arena_paradise_island\/","title":{"rendered":"Cayo Arena (Paradise Island)"},"content":{"rendered":"<p>A tiny island that you will not forget. A huge number of tourists come here and it's no wonder. The ocean  and sand color is incredible, as is the view on the nearby mountains.<\/p>\n\n\n\n<p>Here, every photo you take will be like from the Maldives. White sand and unbelievably turquoise clear water full of life, corals and fish will amaze you.<\/p>\n\n\n\n<p>You can only get here by boat, preferably from <strong>Punta Rucia<\/strong>, where you can negotiate the price.  A few Dominicans offered us a trip right along the main road. We agreed in advance on a price of 4000 pesos per boat, the price included a fee of 150 pesos per person to the Ministry of the Environment. Which we thought was a reasonable price when there are only 2 of us, but I believe that it could still be negotiated. <\/p>\n\n\n\n<p>We hopped on the boat, got our life jackets and set off. The first stop was at the <strong>Piscina Natural<\/strong> (natural pool), where we had the opportunity to swim. The water here is beautifully clear thanks to the shallow water and white sand. <\/p>\n\n\n\n<p>Our main destination was the <strong>Cayo Arena<\/strong>. When we are approaching it, it was immediately clear to us why the island is so popular. It is a tiny island that changes its size according to the level of the ocean. It can be several square meters or be completely submerged. A few wooden shelters are built here to provide shade. The number of shelters changes throughout the year, they are renovated and it depends on what the season is. That is why you will find videos where there are 7 shelters and we have 3 and 1 demolished in the video.<\/p>\n\n\n\n<p>It is usual to stay at this place for 2 hours and use it for snorkeling and taking photos and videos. We had goggles and snorkels at our disposal, we also took buns (or you can take bread), although our captain had them too. After the first casting of the crumbs, lots of tropical colorful fish began to appear around. There are coral reefs around the island that Robert went to explore. Our captain even offered to make a video with him. I watched everything from the island, it was really nice. <\/p>\n\n\n\n<p>After two hours on the island we boarded the boat and continued to the <strong>Mangroves<\/strong>. Robert enjoyed this experience more \ud83d\ude42 The captain directed the boat at full steam into the mangrove forest, where no path could be seen, I had death in my eyes \ud83d\ude42 A narrow path was revealed at very last moment and we plunged between the roots and tree trunks into the forest. I immediately understood that the captain knows the route from the memory. We learned that the forest has a purifying function and that fresh water and salt water mix here. We drove the entire route and were returning back to the mainland. <\/p>\n\n\n\n<h2 class=\"wp-block-heading\">Conclusion:<\/h2>\n\n\n\n<p>Cayo Arena is one of the prettiest places on the North Shore. The place is very visited and it is better to go early in the morning. If there are big waves, for example after a storm, no one will take you there and neither you would even enjoy it. The calmer the water, the better the conditions for snorkeling and for staying on the island itself. I recommend taking drinks and food with you and 1 extra bun for the fish. Apply a sunscreen cream with a high protection factor (with the label Coral Friendly), take a T-shirt and a hat. The whole trip lasted around 3 hours.<\/p>\n\n\n\n<h2 class=\"wp-block-heading\">Video<\/h2>\n\n\n\n<blockquote class=\"instagram-media\" data-instgrm-permalink=\"https:\/\/www.instagram.com\/reel\/C2C4qSML5nL\/?utm_source=ig_embed&amp;utm_campaign=loading\" data-instgrm-version=\"14\" style=\" background:#FFF; border:0; border-radius:3px; box-shadow:0 0 1px 0 rgba(0,0,0,0.5),0 1px 10px 0 rgba(0,0,0,0.15); margin: 1px; max-width:540px; min-width:326px; padding:0; width:99.375%; width:-webkit-calc(100% - 2px); width:calc(100% - 2px);\"><div style=\"padding:16px;\"> <a href=\"https:\/\/www.instagram.com\/reel\/C2C4qSML5nL\/?utm_source=ig_embed&amp;utm_campaign=loading\" style=\" background:#FFFFFF; line-height:0; padding:0 0; text-align:center; text-decoration:none; width:100%;\" target=\"_blank\" rel=\"noopener\"> <div style=\" display: flex; flex-direction: row; align-items: center;\"> <div style=\"background-color: #F4F4F4; border-radius: 50%; flex-grow: 0; height: 40px; margin-right: 14px; width: 40px;\"><\/div> <div style=\"display: flex; flex-direction: column; flex-grow: 1; justify-content: center;\"> <div style=\" background-color: #F4F4F4; border-radius: 4px; flex-grow: 0; height: 14px; margin-bottom: 6px; width: 100px;\"><\/div> <div style=\" background-color: #F4F4F4; border-radius: 4px; flex-grow: 0; height: 14px; width: 60px;\"><\/div><\/div><\/div><div style=\"padding: 19% 0;\"><\/div> <div style=\"display:block; height:50px; margin:0 auto 12px; width:50px;\"><svg width=\"50px\" height=\"50px\" viewbox=\"0 0 60 60\" version=\"1.1\" xmlns=\"https:\/\/www.w3.org\/2000\/svg\" xmlns:xlink=\"https:\/\/www.w3.org\/1999\/xlink\"><g stroke=\"none\" stroke-width=\"1\" fill=\"none\" fill-rule=\"evenodd\"><g transform=\"translate(-511.000000, -20.000000)\" fill=\"#000000\"><g><path d=\"M556.869,30.41 C554.814,30.41 553.148,32.076 553.148,34.131 C553.148,36.186 554.814,37.852 556.869,37.852 C558.924,37.852 560.59,36.186 560.59,34.131 C560.59,32.076 558.924,30.41 556.869,30.41 M541,60.657 C535.114,60.657 530.342,55.887 530.342,50 C530.342,44.114 535.114,39.342 541,39.342 C546.887,39.342 551.658,44.114 551.658,50 C551.658,55.887 546.887,60.657 541,60.657 M541,33.886 C532.1,33.886 524.886,41.1 524.886,50 C524.886,58.899 532.1,66.113 541,66.113 C549.9,66.113 557.115,58.899 557.115,50 C557.115,41.1 549.9,33.886 541,33.886 M565.378,62.101 C565.244,65.022 564.756,66.606 564.346,67.663 C563.803,69.06 563.154,70.057 562.106,71.106 C561.058,72.155 560.06,72.803 558.662,73.347 C557.607,73.757 556.021,74.244 553.102,74.378 C549.944,74.521 548.997,74.552 541,74.552 C533.003,74.552 532.056,74.521 528.898,74.378 C525.979,74.244 524.393,73.757 523.338,73.347 C521.94,72.803 520.942,72.155 519.894,71.106 C518.846,70.057 518.197,69.06 517.654,67.663 C517.244,66.606 516.755,65.022 516.623,62.101 C516.479,58.943 516.448,57.996 516.448,50 C516.448,42.003 516.479,41.056 516.623,37.899 C516.755,34.978 517.244,33.391 517.654,32.338 C518.197,30.938 518.846,29.942 519.894,28.894 C520.942,27.846 521.94,27.196 523.338,26.654 C524.393,26.244 525.979,25.756 528.898,25.623 C532.057,25.479 533.004,25.448 541,25.448 C548.997,25.448 549.943,25.479 553.102,25.623 C556.021,25.756 557.607,26.244 558.662,26.654 C560.06,27.196 561.058,27.846 562.106,28.894 C563.154,29.942 563.803,30.938 564.346,32.338 C564.756,33.391 565.244,34.978 565.378,37.899 C565.522,41.056 565.552,42.003 565.552,50 C565.552,57.996 565.522,58.943 565.378,62.101 M570.82,37.631 C570.674,34.438 570.167,32.258 569.425,30.349 C568.659,28.377 567.633,26.702 565.965,25.035 C564.297,23.368 562.623,22.342 560.652,21.575 C558.743,20.834 556.562,20.326 553.369,20.18 C550.169,20.033 549.148,20 541,20 C532.853,20 531.831,20.033 528.631,20.18 C525.438,20.326 523.257,20.834 521.349,21.575 C519.376,22.342 517.703,23.368 516.035,25.035 C514.368,26.702 513.342,28.377 512.574,30.349 C511.834,32.258 511.326,34.438 511.181,37.631 C511.035,40.831 511,41.851 511,50 C511,58.147 511.035,59.17 511.181,62.369 C511.326,65.562 511.834,67.743 512.574,69.651 C513.342,71.625 514.368,73.296 516.035,74.965 C517.703,76.634 519.376,77.658 521.349,78.425 C523.257,79.167 525.438,79.673 528.631,79.82 C531.831,79.965 532.853,80.001 541,80.001 C549.148,80.001 550.169,79.965 553.369,79.82 C556.562,79.673 558.743,79.167 560.652,78.425 C562.623,77.658 564.297,76.634 565.965,74.965 C567.633,73.296 568.659,71.625 569.425,69.651 C570.167,67.743 570.674,65.562 570.82,62.369 C570.966,59.17 571,58.147 571,50 C571,41.851 570.966,40.831 570.82,37.631\"><\/path><\/g><\/g><\/g><\/svg><\/div><div style=\"padding-top: 8px;\"> <div style=\" color:#3897f0; font-family:Arial,sans-serif; font-size:14px; font-style:normal; font-weight:550; line-height:18px;\">View this post on Instagram<\/div><\/div><div style=\"padding: 12.5% 0;\"><\/div> <div style=\"display: flex; flex-direction: row; margin-bottom: 14px; align-items: center;\"><div> <div style=\"background-color: #F4F4F4; border-radius: 50%; height: 12.5px; width: 12.5px; transform: translateX(0px) translateY(7px);\"><\/div> <div style=\"background-color: #F4F4F4; height: 12.5px; transform: rotate(-45deg) translateX(3px) translateY(1px); width: 12.5px; flex-grow: 0; margin-right: 14px; margin-left: 2px;\"><\/div> <div style=\"background-color: #F4F4F4; border-radius: 50%; height: 12.5px; width: 12.5px; transform: translateX(9px) translateY(-18px);\"><\/div><\/div><div style=\"margin-left: 8px;\"> <div style=\" background-color: #F4F4F4; border-radius: 50%; flex-grow: 0; height: 20px; width: 20px;\"><\/div> <div style=\" width: 0; height: 0; border-top: 2px solid transparent; border-left: 6px solid #f4f4f4; border-bottom: 2px solid transparent; transform: translateX(16px) translateY(-4px) rotate(30deg)\"><\/div><\/div><div style=\"margin-left: auto;\"> <div style=\" width: 0px; border-top: 8px solid #F4F4F4; border-right: 8px solid transparent; transform: translateY(16px);\"><\/div> <div style=\" background-color: #F4F4F4; flex-grow: 0; height: 12px; width: 16px; transform: translateY(-4px);\"><\/div> <div style=\" width: 0; height: 0; border-top: 8px solid #F4F4F4; border-left: 8px solid transparent; transform: translateY(-4px) translateX(8px);\"><\/div><\/div><\/div> <div style=\"display: flex; flex-direction: column; flex-grow: 1; justify-content: center; margin-bottom: 24px;\"> <div style=\" background-color: #F4F4F4; border-radius: 4px; flex-grow: 0; height: 14px; margin-bottom: 6px; width: 224px;\"><\/div> <div style=\" background-color: #F4F4F4; border-radius: 4px; flex-grow: 0; height: 14px; width: 144px;\"><\/div><\/div><\/a><p style=\" color:#c9c8cd; font-family:Arial,sans-serif; font-size:14px; line-height:17px; margin-bottom:0; margin-top:8px; overflow:hidden; padding:8px 0 7px; text-align:center; text-overflow:ellipsis; white-space:nowrap;\"><a href=\"https:\/\/www.instagram.com\/reel\/C2C4qSML5nL\/?utm_source=ig_embed&amp;utm_campaign=loading\" style=\" color:#c9c8cd; font-family:Arial,sans-serif; font-size:14px; font-style:normal; font-weight:normal; line-height:17px; text-decoration:none;\" target=\"_blank\" rel=\"noopener\">A post shared by Dos poco locos (@dos_poco_locos)<\/a><\/p><\/div><\/blockquote> <script async src=\"\/\/www.instagram.com\/embed.js\"><\/script>\n\n\n\n<h2 class=\"wp-block-heading\">Photos<\/h2>\n\n\n<div class=\"sgdg-gallery-container\" data-sgdg-hash=\"4fe744302f9f1476845674bf2f317b1762d35d472eb9906cbb1da46f80a81a01\"><div class=\"sgdg-loading\"><div><\/div><\/div><\/div>\n\n\n<h2 class=\"wp-block-heading\">Map<\/h2>\n\n\n\n<iframe src=\"https:\/\/www.google.com\/maps\/embed?pb=!1m18!1m12!1m3!1d29123.818654087234!2d-71.28647994495063!3d19.858641272489983!2m3!1f0!2f0!3f0!3m2!1i1024!2i768!4f13.1!3m3!1m2!1s0x8eb170beb883f503%3A0x9edb80bb3c8a0c92!2sParadise%20Island!5e1!3m2!1ssk!2sdo!4v1705187008992!5m2!1ssk!2sdo\" width=\"500\" height=\"375\" style=\"border:0;\" allowfullscreen=\"\" loading=\"lazy\" referrerpolicy=\"no-referrer-when-downgrade\"><\/iframe>","protected":false},"excerpt":{"rendered":"<p>Malink\u00fd ostr\u016fvek, na kter\u00fd nezapomenete. P\u0159iplouv\u00e1 sem obrovsk\u00e9 mno\u017estv\u00ed turist\u016f a nen\u00ed se \u010demu divit. Barva oce\u00e1nu a p\u00edsku je a\u017e neuv\u011b\u0159iteln\u00e1 stejn\u011b jako v\u00fdhled &hellip;<\/p>","protected":false},"author":1,"featured_media":0,"parent":601,"menu_order":0,"comment_status":"closed","ping_status":"closed","template":"","meta":{"footnotes":""},"class_list":["post-2348","page","type-page","status-publish","hentry"],"_links":{"self":[{"href":"https:\/\/dospocolocos.com\/en\/wp-json\/wp\/v2\/pages\/2348","targetHints":{"allow":["GET"]}}],"collection":[{"href":"https:\/\/dospocolocos.com\/en\/wp-json\/wp\/v2\/pages"}],"about":[{"href":"https:\/\/dospocolocos.com\/en\/wp-json\/wp\/v2\/types\/page"}],"author":[{"embeddable":true,"href":"https:\/\/dospocolocos.com\/en\/wp-json\/wp\/v2\/users\/1"}],"replies":[{"embeddable":true,"href":"https:\/\/dospocolocos.com\/en\/wp-json\/wp\/v2\/comments?post=2348"}],"version-history":[{"count":10,"href":"https:\/\/dospocolocos.com\/en\/wp-json\/wp\/v2\/pages\/2348\/revisions"}],"predecessor-version":[{"id":2659,"href":"https:\/\/dospocolocos.com\/en\/wp-json\/wp\/v2\/pages\/2348\/revisions\/2659"}],"up":[{"embeddable":true,"href":"https:\/\/dospocolocos.com\/en\/wp-json\/wp\/v2\/pages\/601"}],"wp:attachment":[{"href":"https:\/\/dospocolocos.com\/en\/wp-json\/wp\/v2\/media?parent=2348"}],"curies":[{"name":"wp","href":"https:\/\/api.w.org\/{rel}","templated":true}]}}