{"id":1053,"date":"2022-04-16T14:01:51","date_gmt":"2022-04-16T18:01:51","guid":{"rendered":"https:\/\/dospocolocos.com\/?page_id=1053"},"modified":"2023-10-26T20:00:05","modified_gmt":"2023-10-27T00:00:05","slug":"playa_rincon","status":"publish","type":"page","link":"https:\/\/dospocolocos.com\/en\/guide\/regions\/samana_peninsula\/las_galeras\/beaches\/playa_rincon\/","title":{"rendered":"Playa Rincon"},"content":{"rendered":"<h2 class=\"wp-block-heading\">Playa Rincon<\/h2>\n\n\n\n<p>The dominant feature of the Saman\u00e1 Peninsula and one of the most beautiful beaches in the world is located right here in the Dominican Republic - Las Galeras. <\/p>\n\n\n\n<p>Playa Rincon is so beautiful that you will not want to leave. Perfection itself. White sand, azure sea and palm trees - this is the true Caribbean. I could use all the superlatives and it would not be enough. Go and see for yourself. <\/p>\n\n\n\n<p>At the end of it, in the eastern part you will find a river with very cold and refreshing water - Ca\u00f1o Fr\u00edo, which I think is also worth a visit - at least you can really refresh yourself and relieve the heat that will be a daily part of your travels. <\/p>\n\n\n<div class=\"sgdg-gallery-container\" data-sgdg-hash=\"2070b2fc4e599b5edc47aebf875e6d6f116156a3a233b66d63775a0563bb64b5\"><div class=\"sgdg-loading\"><div><\/div><\/div><\/div>","protected":false},"excerpt":{"rendered":"<p>Playa Rincon Dominanta polostrova Saman\u00e1 a jedna z najkraj\u0161\u00edch pl\u00e1\u017ei na svete sa nach\u00e1dza pr\u00e1ve v tu, v Dominik\u00e1nskej Republike &#8211; v Las Galeras. Playa &hellip;<\/p>","protected":false},"author":1,"featured_media":43,"parent":390,"menu_order":0,"comment_status":"closed","ping_status":"closed","template":"","meta":{"footnotes":""},"class_list":["post-1053","page","type-page","status-publish","has-post-thumbnail","hentry"],"_links":{"self":[{"href":"https:\/\/dospocolocos.com\/en\/wp-json\/wp\/v2\/pages\/1053","targetHints":{"allow":["GET"]}}],"collection":[{"href":"https:\/\/dospocolocos.com\/en\/wp-json\/wp\/v2\/pages"}],"about":[{"href":"https:\/\/dospocolocos.com\/en\/wp-json\/wp\/v2\/types\/page"}],"author":[{"embeddable":true,"href":"https:\/\/dospocolocos.com\/en\/wp-json\/wp\/v2\/users\/1"}],"replies":[{"embeddable":true,"href":"https:\/\/dospocolocos.com\/en\/wp-json\/wp\/v2\/comments?post=1053"}],"version-history":[{"count":5,"href":"https:\/\/dospocolocos.com\/en\/wp-json\/wp\/v2\/pages\/1053\/revisions"}],"predecessor-version":[{"id":2023,"href":"https:\/\/dospocolocos.com\/en\/wp-json\/wp\/v2\/pages\/1053\/revisions\/2023"}],"up":[{"embeddable":true,"href":"https:\/\/dospocolocos.com\/en\/wp-json\/wp\/v2\/pages\/390"}],"wp:featuredmedia":[{"embeddable":true,"href":"https:\/\/dospocolocos.com\/en\/wp-json\/wp\/v2\/media\/43"}],"wp:attachment":[{"href":"https:\/\/dospocolocos.com\/en\/wp-json\/wp\/v2\/media?parent=1053"}],"curies":[{"name":"wp","href":"https:\/\/api.w.org\/{rel}","templated":true}]}}