{"id":898,"date":"2022-04-07T16:44:49","date_gmt":"2022-04-07T20:44:49","guid":{"rendered":"https:\/\/dospocolocos.com\/?page_id=898"},"modified":"2023-10-26T22:57:44","modified_gmt":"2023-10-27T02:57:44","slug":"samana","status":"publish","type":"page","link":"https:\/\/dospocolocos.com\/cz\/guide\/regions\/samana_peninsula\/samana\/","title":{"rendered":"Saman\u00e1"},"content":{"rendered":"\n<p>Cel\u00fdm menom Santa Barbara de Saman\u00e1 je hlavn\u00fdm mestom provincie Saman\u00e1, ktor\u00e1 sa nach\u00e1dza na severe Dominik\u00e1nskej Republiky, na polostrove s rovnak\u00fdm n\u00e1zvom &#8211; Saman\u00e1. <\/p>\n\n\n\n<p>Toto miesto nie je tak turisticky zauj\u00edmav\u00e9, resp. miesto, kde by ste si u\u017eili prav\u00fa Karibsk\u00fa dovolenku, av\u0161ak je to hlavn\u00fd bod \u010di dopravn\u00fd uzol na samotnom polostrove. Dostanete sa odtia\u013eto napr\u00edklad na <a href=\"https:\/\/dospocolocos.com\/guide\/islands\/island_cayo_levantado\/\" data-type=\"page\" data-id=\"386\">Cayo Levantado<\/a>, do n\u00e1rodn\u00e9ho parku Los Haitises, \u010di na pozorovanie <a href=\"https:\/\/dospocolocos.com\/guide\/regions\/samana_peninsula\/samana\/whales\/\" data-type=\"page\" data-id=\"1033\">ve\u013er\u00fdb<\/a>. \u010ealej napr\u00edklad do <a href=\"https:\/\/dospocolocos.com\/guide\/regions\/samana_peninsula\/samana\/playa_el_valle\/\" data-type=\"page\" data-id=\"1041\">El Valle <\/a>ale aj do mesta na samom konci Samany,  <a href=\"https:\/\/dospocolocos.com\/guide\/regions\/samana_peninsula\/las_galeras\/\" data-type=\"page\" data-id=\"318\">Las Galeras<\/a>. <\/p>\n\n\n\n<p>Cestou cez mesto m\u00f4\u017ete uvidie\u0165 stavby farebn\u00fdch dom\u010dekov &#8211; Avenida de la Marina, ktor\u00e9 s\u00fa pre\u0148 typick\u00e9. Ikonou tohto mesta je v\u0161ak nikam neved\u00faci most alebo mosty, Los Puentes de Saman\u00e1.  S\u00fa to tri mosty pre pe\u0161\u00edch, ktor\u00e9 sp\u00e1jaj\u00fa mesto Saman\u00e1 s ostrovmi Cayo Linares a Cayo Vigia &#8211;  pon\u00fakaj\u00fa kr\u00e1snu scen\u00e9riu a poh\u013ead na oce\u00e1n, kotviace lode pri pobre\u017e\u00ed mesta ako aj \u010d\u00edre vody z\u00e1livu.<\/p>\n\n\n\n<p>Santa Barbara de Saman\u00e1 tak ur\u010dite stoj\u00ed za va\u0161u n\u00e1v\u0161tevu.  <br><\/p>\n\n\n\n<h3 class=\"wp-block-heading\">Zaj\u00edmav\u00e1 m\u00edsta<\/h3>\n\n\n\n<div class=\"grid-plus-container grid-69dee82a1bb55 page \"\n     id=\"69dee82a1bb55\"\n     data-grid-name=\"cities-SAMANA_places_small_grid\"\n     data-animation=\"zoomIn\">\n    <div class=\"grid-stack-container grid-plus-inner\"\n         data-ajax-url=\"https:\/\/dospocolocos.com\/wp-admin\/admin-ajax.php\"\n         data-grid-id=\"62577fb0af9ae\"\n         data-current-category=\"\"\n         data-section-id=\"69dee82a1bb55\"\n         data-gutter=\"5\"\n         data-columns=\"3\"\n         data-height-ratio=\"1\"\n         data-width-ratio=\"1\"\n         data-desktop-columns=\"3\"\n         data-tablet-columns=\"2\"\n         data-mobile-columns=\"1\"\n         data-layout-type=\"grid\"\n         data-fix-item-height=\"false\"\n         data-nonce=\"e6692cacf7\"\n    >\n        \n        <div class=\"grid-stack grid-stack-3\" data-layout=\"grid\"\n             style=\"height: 2380px\">\n        <\/div>\n        <div class=\"grid-items\">\n                            <div class=\"item\" data-gs-x=\"0\"\n                     data-gs-y=\"0\"\n                     data-gs-width=\"1\"\n                     data-gs-height=\"53\"\n                     data-skin=\"thumbnail-title-excerpt\"\n\n                     data-desktop-gs-x=\"0\"\n                     data-desktop-gs-y=\"0\"\n                     data-desktop-gs-width=\"1\"\n                     data-desktop-gs-height=\"53\"\n                     data-desktop-skin=\"thumbnail-title-excerpt\"\n\n                     data-image-width=\"2560\"\n                     data-image-height=\"1920\"\n                >\n                    <div class=\"grid-post-item thumbnail\" data-thumbnail-only=\"1\">\n    <div class=\"thumbnail-image\" data-img=\"https:\/\/dospocolocos.com\/wp-content\/uploads\/2022\/04\/IMG_3572-scaled.jpg\">\n                    <img decoding=\"async\" src=\"https:\/\/dospocolocos.com\/wp-content\/uploads\/2022\/04\/IMG_3572-scaled.jpg\" alt=\"Playa El Valle\" >\n                <div class=\"hover-outer transition-30\">\n                            <a href=\"https:\/\/dospocolocos.com\/cz\/guide\/regions\/samana_peninsula\/samana\/playa_el_valle\/\" title=\"Playa El Valle\"><\/a>\n                        <div class=\"hover-inner transition-50\">\n                                    <div class=\"title\">\n                                                    <a href=\"https:\/\/dospocolocos.com\/cz\/guide\/regions\/samana_peninsula\/samana\/playa_el_valle\/\" title=\"Playa El Valle\">Playa El Valle<\/a>\n                                            <\/div>\n                                                    <div class=\"excerpt\">Playa El Valle Pribli\u017ene 10 km severne od mesta Santa Barbara de Saman\u00e1, alebo 55 km od Las Terrenas n\u00e1jdete skryt\u00fa, \u013eudmi nie moc nenav\u0161tevovan\u00fa &hellip;<\/div>\n                            <\/div>\n        <\/div>\n    <\/div>\n<\/div>\n                <\/div>\n                                <div class=\"item\" data-gs-x=\"1\"\n                     data-gs-y=\"0\"\n                     data-gs-width=\"1\"\n                     data-gs-height=\"53\"\n                     data-skin=\"thumbnail-title-excerpt\"\n\n                     data-desktop-gs-x=\"1\"\n                     data-desktop-gs-y=\"0\"\n                     data-desktop-gs-width=\"1\"\n                     data-desktop-gs-height=\"53\"\n                     data-desktop-skin=\"thumbnail-title-excerpt\"\n\n                     data-image-width=\"669\"\n                     data-image-height=\"446\"\n                >\n                    <div class=\"grid-post-item thumbnail\" data-thumbnail-only=\"1\">\n    <div class=\"thumbnail-image\" data-img=\"https:\/\/dospocolocos.com\/wp-content\/uploads\/2022\/03\/whales-1.jpeg\">\n                    <img decoding=\"async\" src=\"https:\/\/dospocolocos.com\/wp-content\/uploads\/2022\/03\/whales-1.jpeg\" alt=\"Velryby\" >\n                <div class=\"hover-outer transition-30\">\n                            <a href=\"https:\/\/dospocolocos.com\/cz\/guide\/regions\/samana_peninsula\/samana\/whales\/\" title=\"Velryby\"><\/a>\n                        <div class=\"hover-inner transition-50\">\n                                    <div class=\"title\">\n                                                    <a href=\"https:\/\/dospocolocos.com\/cz\/guide\/regions\/samana_peninsula\/samana\/whales\/\" title=\"Velryby\">Velryby<\/a>\n                                            <\/div>\n                                                    <div class=\"excerpt\">Velryby Od p\u016flky ledna do konce b\u0159ezna si nenechte uj\u00edt z\u00e1\u017eitek z pozorov\u00e1n\u00ed velryb hrbat\u00fdch, zn\u00e1m\u00fdch tak\u00e9 pod jm\u00e9nem keporkak i kdy\u017e spr\u00e1vn\u00e9 ozna\u010den\u00ed je &hellip;<\/div>\n                            <\/div>\n        <\/div>\n    <\/div>\n<\/div>\n                <\/div>\n                                <div class=\"item\" data-gs-x=\"2\"\n                     data-gs-y=\"0\"\n                     data-gs-width=\"1\"\n                     data-gs-height=\"53\"\n                     data-skin=\"thumbnail-title-excerpt\"\n\n                     data-desktop-gs-x=\"2\"\n                     data-desktop-gs-y=\"0\"\n                     data-desktop-gs-width=\"1\"\n                     data-desktop-gs-height=\"53\"\n                     data-desktop-skin=\"thumbnail-title-excerpt\"\n\n                     data-image-width=\"2560\"\n                     data-image-height=\"1707\"\n                >\n                    <div class=\"grid-post-item thumbnail\" data-thumbnail-only=\"1\">\n    <div class=\"thumbnail-image\" data-img=\"https:\/\/dospocolocos.com\/wp-content\/uploads\/2022\/03\/IMG_3250-scaled.jpg\">\n                    <img decoding=\"async\" src=\"https:\/\/dospocolocos.com\/wp-content\/uploads\/2022\/03\/IMG_3250-scaled.jpg\" alt=\"Vodop\u00e1dy Cascada El Limon\" >\n                <div class=\"hover-outer transition-30\">\n                            <a href=\"https:\/\/dospocolocos.com\/cz\/guide\/regions\/samana_peninsula\/samana\/cascada_el_limon\/\" title=\"Vodop\u00e1dy Cascada El Limon\"><\/a>\n                        <div class=\"hover-inner transition-50\">\n                                    <div class=\"title\">\n                                                    <a href=\"https:\/\/dospocolocos.com\/cz\/guide\/regions\/samana_peninsula\/samana\/cascada_el_limon\/\" title=\"Vodop\u00e1dy Cascada El Limon\">Vodop\u00e1dy Cascada El Limon<\/a>\n                                            <\/div>\n                                                    <div class=\"excerpt\">Vodop\u00e1dy Cascada El Limon To, \u017ee Dominik\u00e1nska Republika je rozmanit\u00e1 krajina pln\u00e1 mo\u017enost\u00ed ako tr\u00e1vi\u0165 \u010das po\u010das va\u0161ej dovolenky u\u017e viete. V tomto \u010dl\u00e1nku sa &hellip;<\/div>\n                            <\/div>\n        <\/div>\n    <\/div>\n<\/div>\n                <\/div>\n                        <\/div>\n\n            <\/div>\n<\/div>\n\n\n\n\n<h3 class=\"wp-block-heading\">Fotogalerie<\/h3>\n\n\n<div class=\"sgdg-gallery-container\" data-sgdg-hash=\"475b53c8e988a2dcc35afb1f668c21f9bfc61b0e031f9cc00dc76a2c5c43b19f\"><div class=\"sgdg-loading\"><div><\/div><\/div><\/div>\n\n\n<p><\/p>\n","protected":false},"excerpt":{"rendered":"<p>Cel\u00fdm menom Santa Barbara de Saman\u00e1 je hlavn\u00fdm mestom provincie Saman\u00e1, ktor\u00e1 sa nach\u00e1dza na severe Dominik\u00e1nskej Republiky, na polostrove s rovnak\u00fdm n\u00e1zvom &#8211; Saman\u00e1. &hellip;<\/p>\n","protected":false},"author":1,"featured_media":899,"parent":817,"menu_order":0,"comment_status":"closed","ping_status":"closed","template":"","meta":{"footnotes":""},"class_list":["post-898","page","type-page","status-publish","has-post-thumbnail","hentry"],"_links":{"self":[{"href":"https:\/\/dospocolocos.com\/cz\/wp-json\/wp\/v2\/pages\/898","targetHints":{"allow":["GET"]}}],"collection":[{"href":"https:\/\/dospocolocos.com\/cz\/wp-json\/wp\/v2\/pages"}],"about":[{"href":"https:\/\/dospocolocos.com\/cz\/wp-json\/wp\/v2\/types\/page"}],"author":[{"embeddable":true,"href":"https:\/\/dospocolocos.com\/cz\/wp-json\/wp\/v2\/users\/1"}],"replies":[{"embeddable":true,"href":"https:\/\/dospocolocos.com\/cz\/wp-json\/wp\/v2\/comments?post=898"}],"version-history":[{"count":12,"href":"https:\/\/dospocolocos.com\/cz\/wp-json\/wp\/v2\/pages\/898\/revisions"}],"predecessor-version":[{"id":2076,"href":"https:\/\/dospocolocos.com\/cz\/wp-json\/wp\/v2\/pages\/898\/revisions\/2076"}],"up":[{"embeddable":true,"href":"https:\/\/dospocolocos.com\/cz\/wp-json\/wp\/v2\/pages\/817"}],"wp:featuredmedia":[{"embeddable":true,"href":"https:\/\/dospocolocos.com\/cz\/wp-json\/wp\/v2\/media\/899"}],"wp:attachment":[{"href":"https:\/\/dospocolocos.com\/cz\/wp-json\/wp\/v2\/media?parent=898"}],"curies":[{"name":"wp","href":"https:\/\/api.w.org\/{rel}","templated":true}]}}