{"id":601,"date":"2022-03-08T13:20:58","date_gmt":"2022-03-08T17:20:58","guid":{"rendered":"https:\/\/dospocolocos.com\/?page_id=601"},"modified":"2023-09-14T09:15:48","modified_gmt":"2023-09-14T13:15:48","slug":"islands","status":"publish","type":"page","link":"https:\/\/dospocolocos.com\/cz\/guide\/islands\/","title":{"rendered":"Ostrovy"},"content":{"rendered":"\n<h2 class=\"wp-block-heading\">Ostrovy<\/h2>\n\n\n\n<div class=\"grid-plus-container grid-69def4e34fc15 page \"\n     id=\"69def4e34fc15\"\n     data-grid-name=\"cities-islands_full_grid\"\n     data-animation=\"zoomIn\">\n    <div class=\"grid-stack-container grid-plus-inner\"\n         data-ajax-url=\"https:\/\/dospocolocos.com\/wp-admin\/admin-ajax.php\"\n         data-grid-id=\"6227951236b19\"\n         data-current-category=\"\"\n         data-section-id=\"69def4e34fc15\"\n         data-gutter=\"5\"\n         data-columns=\"3\"\n         data-height-ratio=\"1\"\n         data-width-ratio=\"1\"\n         data-desktop-columns=\"3\"\n         data-tablet-columns=\"2\"\n         data-mobile-columns=\"1\"\n         data-layout-type=\"grid\"\n         data-fix-item-height=\"false\"\n         data-nonce=\"e6692cacf7\"\n    >\n        \n        <div class=\"grid-stack grid-stack-3\" data-layout=\"grid\"\n             style=\"height: 2380px\">\n        <\/div>\n        <div class=\"grid-items\">\n                            <div class=\"item\" data-gs-x=\"0\"\n                     data-gs-y=\"0\"\n                     data-gs-width=\"1\"\n                     data-gs-height=\"53\"\n                     data-skin=\"thumbnail-title-excerpt\"\n\n                     data-desktop-gs-x=\"0\"\n                     data-desktop-gs-y=\"0\"\n                     data-desktop-gs-width=\"1\"\n                     data-desktop-gs-height=\"53\"\n                     data-desktop-skin=\"thumbnail-title-excerpt\"\n\n                     data-image-width=\"2236\"\n                     data-image-height=\"1355\"\n                >\n                    <div class=\"grid-post-item thumbnail\" data-thumbnail-only=\"1\">\n    <div class=\"thumbnail-image\" data-img=\"https:\/\/dospocolocos.com\/wp-content\/uploads\/2022\/03\/cayo-1.jpeg\">\n                    <img decoding=\"async\" src=\"https:\/\/dospocolocos.com\/wp-content\/uploads\/2022\/03\/cayo-1.jpeg\" alt=\"Ostrov Cayo Levantado\" >\n                <div class=\"hover-outer transition-30\">\n                            <a href=\"https:\/\/dospocolocos.com\/cz\/guide\/islands\/island_cayo_levantado\/\" title=\"Ostrov Cayo Levantado\"><\/a>\n                        <div class=\"hover-inner transition-50\">\n                                    <div class=\"title\">\n                                                    <a href=\"https:\/\/dospocolocos.com\/cz\/guide\/islands\/island_cayo_levantado\/\" title=\"Ostrov Cayo Levantado\">Ostrov Cayo Levantado<\/a>\n                                            <\/div>\n                                                    <div class=\"excerpt\">Ostrov Cayo Levantado Ke\u010fsi predstav\u00edte raj na zemi, ako by vyzeral ? V mojej hlave vyzer\u00e1 presne ako Cayo Levantado. Toto miesto je ako z &hellip;<\/div>\n                            <\/div>\n        <\/div>\n    <\/div>\n<\/div>\n                <\/div>\n                                <div class=\"item\" data-gs-x=\"1\"\n                     data-gs-y=\"0\"\n                     data-gs-width=\"1\"\n                     data-gs-height=\"53\"\n                     data-skin=\"thumbnail-title-excerpt\"\n\n                     data-desktop-gs-x=\"1\"\n                     data-desktop-gs-y=\"0\"\n                     data-desktop-gs-width=\"1\"\n                     data-desktop-gs-height=\"53\"\n                     data-desktop-skin=\"thumbnail-title-excerpt\"\n\n                     data-image-width=\"1707\"\n                     data-image-height=\"2560\"\n                >\n                    <div class=\"grid-post-item thumbnail\" data-thumbnail-only=\"1\">\n    <div class=\"thumbnail-image\" data-img=\"https:\/\/dospocolocos.com\/wp-content\/uploads\/2022\/05\/DSC_8556-scaled.jpg\">\n                    <img decoding=\"async\" src=\"https:\/\/dospocolocos.com\/wp-content\/uploads\/2022\/05\/DSC_8556-scaled.jpg\" alt=\"Ostrov Saona\" >\n                <div class=\"hover-outer transition-30\">\n                            <a href=\"https:\/\/dospocolocos.com\/cz\/guide\/islands\/isla_saona\/\" title=\"Ostrov Saona\"><\/a>\n                        <div class=\"hover-inner transition-50\">\n                                    <div class=\"title\">\n                                                    <a href=\"https:\/\/dospocolocos.com\/cz\/guide\/islands\/isla_saona\/\" title=\"Ostrov Saona\">Ostrov Saona<\/a>\n                                            <\/div>\n                                                    <div class=\"excerpt\">Na ju\u017enej \u010dasti ostrova, cca dve hodiny lo\u010fou z Bayahihe, sa dostanete na ostrov, ktor\u00fd v\u00e1m vyraz\u00ed dych svojou n\u00e1dherou. Re\u010d je o ostrove Isla &hellip;<\/div>\n                            <\/div>\n        <\/div>\n    <\/div>\n<\/div>\n                <\/div>\n                        <\/div>\n\n            <\/div>\n<\/div>\n\n","protected":false},"excerpt":{"rendered":"<p>Ostrovy<\/p>\n","protected":false},"author":1,"featured_media":0,"parent":156,"menu_order":0,"comment_status":"closed","ping_status":"closed","template":"","meta":{"footnotes":""},"class_list":["post-601","page","type-page","status-publish","hentry"],"_links":{"self":[{"href":"https:\/\/dospocolocos.com\/cz\/wp-json\/wp\/v2\/pages\/601","targetHints":{"allow":["GET"]}}],"collection":[{"href":"https:\/\/dospocolocos.com\/cz\/wp-json\/wp\/v2\/pages"}],"about":[{"href":"https:\/\/dospocolocos.com\/cz\/wp-json\/wp\/v2\/types\/page"}],"author":[{"embeddable":true,"href":"https:\/\/dospocolocos.com\/cz\/wp-json\/wp\/v2\/users\/1"}],"replies":[{"embeddable":true,"href":"https:\/\/dospocolocos.com\/cz\/wp-json\/wp\/v2\/comments?post=601"}],"version-history":[{"count":3,"href":"https:\/\/dospocolocos.com\/cz\/wp-json\/wp\/v2\/pages\/601\/revisions"}],"predecessor-version":[{"id":609,"href":"https:\/\/dospocolocos.com\/cz\/wp-json\/wp\/v2\/pages\/601\/revisions\/609"}],"up":[{"embeddable":true,"href":"https:\/\/dospocolocos.com\/cz\/wp-json\/wp\/v2\/pages\/156"}],"wp:attachment":[{"href":"https:\/\/dospocolocos.com\/cz\/wp-json\/wp\/v2\/media?parent=601"}],"curies":[{"name":"wp","href":"https:\/\/api.w.org\/{rel}","templated":true}]}}