{"id":419,"date":"2022-03-04T00:18:11","date_gmt":"2022-03-04T04:18:11","guid":{"rendered":"https:\/\/dospocolocos.com\/?page_id=419"},"modified":"2023-10-26T21:52:37","modified_gmt":"2023-10-27T01:52:37","slug":"playa_las_terrenas","status":"publish","type":"page","link":"https:\/\/dospocolocos.com\/cz\/guide\/regions\/samana_peninsula\/las_terrenas\/beaches\/playa_las_terrenas\/","title":{"rendered":"Playa Las Terrenas"},"content":{"rendered":"\n<h2 class=\"wp-block-heading\">Playa Las Terrenas<\/h2>\n\n\n\n<p>Pl\u00e1\u017e najbli\u017e\u0161ie centru mesta. \u0164ahaj\u00fa sa popri nej v podstate v\u0161etky pl\u00e1\u017eov\u00e9 bary a re\u0161taur\u00e1cie &#8211; poh\u013ead na oce\u00e1n  a vychutn\u00e1vanie si ve\u010dere \u010di z\u00e1bava s priate\u013emi s\u00fa neoddelite\u013enou s\u00fa\u010das\u0165ou tejto pl\u00e1\u017ee :). <\/p>\n\n\n\n<p>T\u00e1to pl\u00e1\u017e za\u010d\u00edna od pl\u00e1\u017ee <a href=\"https:\/\/dospocolocos.com\/guide\/regions\/samana_peninsula\/las_terrenas\/beaches\/playa_punta_poppy\/\" data-type=\"page\" data-id=\"359\">Punta Poppy<\/a> a\u017e  po Pueblo de Los Pescadores &#8211; kde boli kedysi kr\u00e1sne dreven\u00e9 farebn\u00e9 dom\u010deky, ktor\u00e9 boli ve\u013emi ob\u013e\u00faben\u00e1mi re\u0161taur\u00e1ciami a predstavovali ozdobu cel\u00e9ho Las Terrenas. Bohu\u017eia\u013e v lete 2021 zhoreli ne\u0161\u0165astnou n\u00e1hodou kv\u00f4li skratu elektriny. Dnes po nich zostali len z\u00e1klady. <\/p>\n\n\n\n<p>Pl\u00e1\u017e je ako stvoren\u00e1 na prech\u00e1dzku, u\u017e\u00edvanie si vo\u013en\u00e9ho \u010dasu v bare (napr\u00edklad <a href=\"https:\/\/dospocolocos.com\/blogs\/places_we_visited\/etno-beach-club\/\" data-type=\"post\" data-id=\"1417\">ETNO<\/a>) \u010di v re\u0161taur\u00e1ciach alebo na sledovanie z\u00e1padu slnka. Na skuto\u010dn\u00fd oddych, \u010di slnenie to nie je. Na z\u00e1padnej strane je bl\u00edzko cesty na pl\u00e1\u017e <a href=\"https:\/\/dospocolocos.com\/guide\/regions\/samana_peninsula\/las_terrenas\/beaches\/playa_las_ballenas\/\" data-type=\"page\" data-id=\"329\">Las Ballenas<\/a>, preto je tam ve\u013ek\u00fd hluk a mimo in\u00e9ho sa tam nach\u00e1dzaj\u00fa aj kotviace lode. Po b\u00farke \u010dasto rieka hne\u010f ved\u013ea ETNO baru vypl\u00e1chne bordel z cel\u00e9ho mesta do oce\u00e1nu a je na to nepekn\u00fd poh\u013ead- voda v oce\u00e1ne je hned\u00e1, pln\u00e1 blata a odpadu. Jedin\u00e1 mo\u017enos\u0165 na k\u00fapanie je v\u00fdchodne od ETNO klubu pred re\u0161taur\u00e1ciami, kde si u\u017eijete vo\u013en\u00fd \u010das s jedlom alebo drinkom v ruke. Re\u0161taur\u00e1cie patria pov\u00e4\u010d\u0161inou dom\u00e1cim, tak\u017ee si doprajete gurm\u00e1nske z\u00e1\u017eitky. Na konci dlhej rady re\u0161taur\u00e1cii je kr\u00e1sne dizajnovan\u00fd Zu Ceviche Bar, kde si vychutn\u00e1te \u00fa\u017easn\u00e9 \u010derstv\u00e9 morsk\u00e9 \u0161peciality priamo od ryb\u00e1rov, ktor\u00ed pred\u00e1vaj\u00fa svoje \u00falovky za rohom. N\u00e1kup r\u00fdb alebo in\u00fdch morsk\u00fdch \u017eivo\u010d\u00edchov m\u00f4\u017eete urobi\u0165 koniec koncov sami na spom\u00ednanom trhovisku na v\u00fdchod od re\u0161taur\u00e1cii. Pl\u00e1\u017e sa \u0165ah\u00e1 popri ceste \u010falej na v\u00fdchod mesta a\u017e po pl\u00e1\u017e <a href=\"https:\/\/dospocolocos.com\/guide\/regions\/samana_peninsula\/las_terrenas\/beaches\/playa_punta_poppy\/\" data-type=\"page\" data-id=\"359\">Punta Poppy<\/a>. Samozrejme, pl\u00e1\u017e skoro nepou\u017eite\u013en\u00e1, preto\u017ee je hne\u010f ved\u013ea cesty, \u010di\u017ee je tam ve\u013ek\u00fd hluk od motoriek a kv\u00f4li er\u00f3zii p\u00f4dy tam doplnili kamenn\u00e9 z\u00e1tarasy, tak\u017ee pl\u00e1\u017e skr\u00e1tili na minimum.<br><\/p>\n\n\n<div class=\"sgdg-gallery-container\" data-sgdg-hash=\"368c2a28e32b18036db093e54fb59585d42d3f7e1d8c829fff03ef172c29681c\"><div class=\"sgdg-loading\"><div><\/div><\/div><\/div>","protected":false},"excerpt":{"rendered":"<p>Playa Las Terrenas Pl\u00e1\u017e najbli\u017e\u0161ie centru mesta. \u0164ahaj\u00fa sa popri nej v podstate v\u0161etky pl\u00e1\u017eov\u00e9 bary a re\u0161taur\u00e1cie &#8211; poh\u013ead na oce\u00e1n a vychutn\u00e1vanie si &hellip;<\/p>\n","protected":false},"author":1,"featured_media":576,"parent":290,"menu_order":0,"comment_status":"closed","ping_status":"closed","template":"","meta":{"footnotes":""},"class_list":["post-419","page","type-page","status-publish","has-post-thumbnail","hentry"],"_links":{"self":[{"href":"https:\/\/dospocolocos.com\/cz\/wp-json\/wp\/v2\/pages\/419","targetHints":{"allow":["GET"]}}],"collection":[{"href":"https:\/\/dospocolocos.com\/cz\/wp-json\/wp\/v2\/pages"}],"about":[{"href":"https:\/\/dospocolocos.com\/cz\/wp-json\/wp\/v2\/types\/page"}],"author":[{"embeddable":true,"href":"https:\/\/dospocolocos.com\/cz\/wp-json\/wp\/v2\/users\/1"}],"replies":[{"embeddable":true,"href":"https:\/\/dospocolocos.com\/cz\/wp-json\/wp\/v2\/comments?post=419"}],"version-history":[{"count":8,"href":"https:\/\/dospocolocos.com\/cz\/wp-json\/wp\/v2\/pages\/419\/revisions"}],"predecessor-version":[{"id":2063,"href":"https:\/\/dospocolocos.com\/cz\/wp-json\/wp\/v2\/pages\/419\/revisions\/2063"}],"up":[{"embeddable":true,"href":"https:\/\/dospocolocos.com\/cz\/wp-json\/wp\/v2\/pages\/290"}],"wp:featuredmedia":[{"embeddable":true,"href":"https:\/\/dospocolocos.com\/cz\/wp-json\/wp\/v2\/media\/576"}],"wp:attachment":[{"href":"https:\/\/dospocolocos.com\/cz\/wp-json\/wp\/v2\/media?parent=419"}],"curies":[{"name":"wp","href":"https:\/\/api.w.org\/{rel}","templated":true}]}}