{"id":390,"date":"2022-02-26T22:11:49","date_gmt":"2022-02-27T02:11:49","guid":{"rendered":"https:\/\/dospocolocos.com\/?page_id=390"},"modified":"2023-09-14T09:15:43","modified_gmt":"2023-09-14T13:15:43","slug":"beaches","status":"publish","type":"page","link":"https:\/\/dospocolocos.com\/cz\/guide\/regions\/samana_peninsula\/las_galeras\/beaches\/","title":{"rendered":"Pl\u00e1\u017ee"},"content":{"rendered":"\n<h2 class=\"wp-block-heading\">Pl\u00e1\u017ee<\/h2>\n\n\n\n<ul class=\"wp-block-list\"><li>Playa Rincon<ul><li>Ca\u00f1o Frio<\/li><\/ul><\/li><li>Playa Colorada<\/li><li>La Playita Javo<\/li><li>Bah\u00eda de Las Galeras<\/li><li>Playa del Aserradero<\/li><li>Playa Madama<\/li><li>Playa Fronton<\/li><\/ul>\n","protected":false},"excerpt":{"rendered":"<p>Pl\u00e1\u017ee Playa Rincon Ca\u00f1o Frio Playa Colorada La Playita Javo Bah\u00eda de Las Galeras Playa del Aserradero Playa Madama Playa Fronton<\/p>\n","protected":false},"author":1,"featured_media":0,"parent":318,"menu_order":0,"comment_status":"closed","ping_status":"closed","template":"","meta":{"footnotes":""},"class_list":["post-390","page","type-page","status-publish","hentry"],"_links":{"self":[{"href":"https:\/\/dospocolocos.com\/cz\/wp-json\/wp\/v2\/pages\/390","targetHints":{"allow":["GET"]}}],"collection":[{"href":"https:\/\/dospocolocos.com\/cz\/wp-json\/wp\/v2\/pages"}],"about":[{"href":"https:\/\/dospocolocos.com\/cz\/wp-json\/wp\/v2\/types\/page"}],"author":[{"embeddable":true,"href":"https:\/\/dospocolocos.com\/cz\/wp-json\/wp\/v2\/users\/1"}],"replies":[{"embeddable":true,"href":"https:\/\/dospocolocos.com\/cz\/wp-json\/wp\/v2\/comments?post=390"}],"version-history":[{"count":2,"href":"https:\/\/dospocolocos.com\/cz\/wp-json\/wp\/v2\/pages\/390\/revisions"}],"predecessor-version":[{"id":396,"href":"https:\/\/dospocolocos.com\/cz\/wp-json\/wp\/v2\/pages\/390\/revisions\/396"}],"up":[{"embeddable":true,"href":"https:\/\/dospocolocos.com\/cz\/wp-json\/wp\/v2\/pages\/318"}],"wp:attachment":[{"href":"https:\/\/dospocolocos.com\/cz\/wp-json\/wp\/v2\/media?parent=390"}],"curies":[{"name":"wp","href":"https:\/\/api.w.org\/{rel}","templated":true}]}}