{"id":388,"date":"2022-02-26T22:01:45","date_gmt":"2022-02-27T02:01:45","guid":{"rendered":"https:\/\/dospocolocos.com\/?page_id=388"},"modified":"2023-10-23T09:21:00","modified_gmt":"2023-10-23T13:21:00","slug":"whales","status":"publish","type":"page","link":"https:\/\/dospocolocos.com\/cz\/guide\/regions\/samana_peninsula\/las_terrenas\/interesting_places\/whales\/","title":{"rendered":"Velryby"},"content":{"rendered":"\n<h2 class=\"wp-block-heading\">Velryby<\/h2>\n\n\n\n<p>Ako u\u017e mnoh\u00ed viete, Samana pon\u00faka okrem v\u00fdletov po polostrove aj v\u00fdlety mimo neho. Jedn\u00fdm z nich je pozorovanie ve\u013er\u00fdb. \u00c1no, \u010d\u00edtate dobre. Ve\u013eryby. Od polovice janu\u00e1ra do konca marca. Tento term\u00edn sa striktne dodr\u017euje (aj kv\u00f4li Dominik\u00e1nskej vl\u00e1de) , tak\u017ee ak dovolenkujete mimo dan\u00e9ho term\u00ednu, na ve\u013eryby sa nepozriete. Je to aj preto, \u017ee v\u00e4\u010d\u0161ina z nich ku koncu marca op\u00fa\u0161\u0165a tieto vody a migruj\u00fa \u010falej. Hlavn\u00fdm d\u00f4vodom, pre\u010do sa tu objavuj\u00fa rok \u010do rok je ten, \u017ee sa sem chodia p\u00e1ri\u0165 :). <br><br>Ak si u\u017e\u00edvate dovolenku na Samane, dosta\u0165 sa na tento v\u00fdlet je pomerne jednoduch\u00e9. S\u00fa tu r\u00f4zny sprievodcovia a agent\u00fary, ktor\u00e9 tieto v\u00fdlety usporiadavaj\u00fa. V\u00e4\u010d\u0161inou je v\u0161ak tento v\u00fdlet spojen\u00fd s n\u00e1v\u0161tevou ostrova Cayo Levantado. Odtia\u013e je to cca 10-15 min\u00fat lo\u010fou na miesto, kde je ve\u013eryby mo\u017en\u00e9 vidie\u0165. Cena na osobu bola 70USD &#8211; v cene bol tie\u017e zahrnut\u00fd v\u00fdlet na Cayo Levantado, ob\u010derstvenie, obed a pitn\u00fd re\u017eim po\u010das obeda (r\u00e1no sme dostali aj k\u00e1vi\u010dku od miestnych :). Transfer do mesta Samana, odkia\u013e sa vyr\u00e1\u017ea, sme si zabezpe\u010dovali sami.  (Ak ste v Punta Cana alebo Bayahibe, v\u00fdlet za\u010d\u00edna skoro r\u00e1no &#8211; najprv cesta do Miches, cca 1,5 hod, a odtia\u013e plavba tie\u017e okolo 1,5 hod &#8211; je to celodenn\u00fd v\u00fdlet). <br><br>Samotn\u00e9 pozorovanie ve\u013er\u00fdb je naozaj z\u00e1\u017eitok. Ve\u013eryby predsa nie s\u00fa mo\u017en\u00e9 vidie\u0165 len tak hocikedy. V\u0161etci vieme \u017ee tieto zvierat\u00e1 s\u00fa jedn\u00fdmi z najv\u00e4\u0161\u010d\u00edch vo svete zvierat, av\u0161ak, ke\u010f ich vid\u00edte na\u017eivo, pochop\u00edte ten prav\u00fd v\u00fdznam slova najv\u00e4\u010d\u0161\u00ed. Ich obrovsk\u00e9 plutvy, ako vystrekuj\u00fa vodu a ako r\u00fdchlo sa pohybuj\u00fa,  to je nie\u010do z \u010doho v\u00e1m padne s\u00e1nka. Ja som sa zmohla len na udivuj\u00face waaaaau \ud83d\ude01.<\/p>\n\n\n\n<p>P\u00e1r riadkov na z\u00e1ver by som venovala rad\u00e1m \u010di postrehom z tohto v\u00fdletu. V prvom rade by som chcela najm\u00e4 upozorni\u0165 rodi\u010dov, ktor\u00ed maj\u00fa mal\u00e9 deti. Neodpor\u00fa\u010dala by som v\u00e1m bra\u0165 ich so sebou.  Hlavne kv\u00f4li plavbe na lodi. Ak sem cestujete ve\u013ekou v\u00fdletnou lo\u010fou, je to v poriadku. Ak sa v\u0161ak na toto pozorovanie dostanete na men\u0161ej lodi, ur\u010dite by to zo zdravotn\u00e9ho h\u013eadiska nebolo pr\u00edjemn\u00e9 a z bezpe\u010dnostn\u00e9ho h\u013eadiska nie moc bezpe\u010dn\u00e9. Ve\u013ek\u00e9 vlny sp\u00f4soboj\u00fa na men\u0161ej lodi dos\u0165 siln\u00e9 otrasy a n\u00e1razy, niekomu m\u00f4\u017ee pr\u00eds\u0165 zle a mal\u00e9 deti by to nemuseli dobre zn\u00e1\u0161a\u0165. Tak\u017ee tento faktor stoj\u00ed za zv\u00e1\u017eenie.  Niektor\u00ed sprievodcovia v\u00e1m umo\u017enia pozorovanie dlh\u0161ie ne\u017e 30 min\u00fat, no cel\u00e9 pozorovanie je sk\u00f4r &#8222;nah\u00e1\u0148anie&#8220; ve\u013er\u00fdb a mysl\u00edm, \u017ee t\u00e1 p\u00f3lhodina je naozaj tak akur\u00e1t. My sme sledovanie ve\u013er\u00fdb absolvovali poobede okolo 14hod a v na\u0161om okol\u00ed bolo len p\u00e1r lod\u00ed, ktor\u00e9 pozorovali tie\u017e. N\u00e1\u0161 sprievodca n\u00e1m povedal, \u017ee je lep\u0161ie \u00eds\u0165 takto poobede, preto\u017ee r\u00e1no je tam enormn\u00e9 mno\u017estvo lod\u00ed a mo\u017eno by ste si tento z\u00e1\u017eitok ani tak neu\u017eili. <\/p>\n\n\n\n<p>No a nakoniec by som v\u00e1m u\u017e len rada uk\u00e1zala zop\u00e1r vide\u00ed, na ktor\u00edch m\u00f4\u017ete vidie\u0165 tieto gigantick\u00e9 stvorenia. <\/p>\n\n\n\n<p>PS: ak by ste mali z\u00e1ujem a chceli by ste tip na super sprievodcu zo Samany, nap\u00ed\u0161te n\u00e1m ni\u017e\u0161ie alebo na niektorej zo soci\u00e1lnych siet\u00ed. Kontakt na n\u00e1s n\u00e1jdete v kol\u00f3nke &#8222;o n\u00e1s&#8220;. <\/p>\n\n\n\n<figure class=\"wp-block-embed is-type-video is-provider-youtube wp-block-embed-youtube wp-embed-aspect-4-3 wp-has-aspect-ratio\"><div class=\"wp-block-embed__wrapper\">\n<iframe title=\"Whale watching - Samana, Dominican Republic #DPL #rd #travel #whale\" width=\"633\" height=\"356\" src=\"https:\/\/www.youtube.com\/embed\/8D5c-y8u8hE?feature=oembed\" frameborder=\"0\" allow=\"accelerometer; autoplay; clipboard-write; encrypted-media; gyroscope; picture-in-picture; web-share\" referrerpolicy=\"strict-origin-when-cross-origin\" allowfullscreen><\/iframe>\n<\/div><\/figure>\n\n\n<div class=\"sgdg-gallery-container\" data-sgdg-hash=\"24d61cdf48b1bd7252e13286e7483f230d5dc73da42becd070eeaeb1bda86d9a\"><div class=\"sgdg-loading\"><div><\/div><\/div><\/div>","protected":false},"excerpt":{"rendered":"<p>Velryby Ako u\u017e mnoh\u00ed viete, Samana pon\u00faka okrem v\u00fdletov po polostrove aj v\u00fdlety mimo neho. Jedn\u00fdm z nich je pozorovanie ve\u013er\u00fdb. \u00c1no, \u010d\u00edtate dobre. Ve\u013eryby. &hellip;<\/p>\n","protected":false},"author":1,"featured_media":674,"parent":297,"menu_order":0,"comment_status":"closed","ping_status":"closed","template":"","meta":{"footnotes":""},"class_list":["post-388","page","type-page","status-publish","has-post-thumbnail","hentry"],"_links":{"self":[{"href":"https:\/\/dospocolocos.com\/cz\/wp-json\/wp\/v2\/pages\/388","targetHints":{"allow":["GET"]}}],"collection":[{"href":"https:\/\/dospocolocos.com\/cz\/wp-json\/wp\/v2\/pages"}],"about":[{"href":"https:\/\/dospocolocos.com\/cz\/wp-json\/wp\/v2\/types\/page"}],"author":[{"embeddable":true,"href":"https:\/\/dospocolocos.com\/cz\/wp-json\/wp\/v2\/users\/1"}],"replies":[{"embeddable":true,"href":"https:\/\/dospocolocos.com\/cz\/wp-json\/wp\/v2\/comments?post=388"}],"version-history":[{"count":5,"href":"https:\/\/dospocolocos.com\/cz\/wp-json\/wp\/v2\/pages\/388\/revisions"}],"predecessor-version":[{"id":1889,"href":"https:\/\/dospocolocos.com\/cz\/wp-json\/wp\/v2\/pages\/388\/revisions\/1889"}],"up":[{"embeddable":true,"href":"https:\/\/dospocolocos.com\/cz\/wp-json\/wp\/v2\/pages\/297"}],"wp:featuredmedia":[{"embeddable":true,"href":"https:\/\/dospocolocos.com\/cz\/wp-json\/wp\/v2\/media\/674"}],"wp:attachment":[{"href":"https:\/\/dospocolocos.com\/cz\/wp-json\/wp\/v2\/media?parent=388"}],"curies":[{"name":"wp","href":"https:\/\/api.w.org\/{rel}","templated":true}]}}