{"id":386,"date":"2022-02-26T22:00:20","date_gmt":"2022-02-27T02:00:20","guid":{"rendered":"https:\/\/dospocolocos.com\/?page_id=386"},"modified":"2023-10-23T09:22:49","modified_gmt":"2023-10-23T13:22:49","slug":"island_cayo_levantado","status":"publish","type":"page","link":"https:\/\/dospocolocos.com\/cz\/guide\/islands\/island_cayo_levantado\/","title":{"rendered":"Ostrov Cayo Levantado"},"content":{"rendered":"\n<h2 class=\"wp-block-heading\">Ostrov Cayo Levantado<\/h2>\n\n\n\n<p>Ke\u010fsi predstav\u00edte raj na zemi, ako by vyzeral ? V mojej hlave vyzer\u00e1 presne ako Cayo Levantado. Toto miesto je ako z ob\u00e1lky \u010dasopisu luxusn\u00fdch dovoleniek. Biely piesok, az\u00farovo \u010dist\u00e1 voda, palmy a hrej\u00face slnko. <br><br>N\u00e1\u0161 v\u00fdlet zapo\u010dal v meste Saman\u00e1, kde sme sa nalodili a bol spojen\u00fd s pozorovan\u00edm ve\u013er\u00fdb, o ktorom som p\u00edsala <a href=\"https:\/\/dospocolocos.com\/guide\/regions\/samana_peninsula\/samana\/whales\/\" data-type=\"page\" data-id=\"1033\">tu<\/a>. Cesta na ostrov trvala lo\u010fkou asi 20 min\u00fat. \u0160li sme r\u00e1no, \u010do bola v\u00fdhoda, preto\u017ee sme mali mo\u017enos\u0165 za\u017ei\u0165, ako sa r\u00e1no cel\u00fd ostrov len preb\u00fadza. Bol to naozaj pekn\u00fd z\u00e1\u017eitok. Na ostrove, cestou od pr\u00edstavu sme mohli vidie\u0165 mal\u00e9 obchdod\u00edky, kde dom\u00e1ci pred\u00e1vali r\u00f4zne suven\u00edry, pl\u00e1\u017eov\u00e9 oble\u010denie, Larimar a pod. Po p\u00e1r metroch sme pre\u0161li do &#8222;srdca&#8220; ostrov\u010deka, kde boli dom\u00e1ce re\u0161taur\u00e1cie a bary. N\u00e1\u0161 sprievodca n\u00e1s usadil a dali sme si rann\u00fa k\u00e1vi\u010dku. Dohodli sme si \u010das, ktor\u00fd na ostrove budeme. Medzit\u00fdm k n\u00e1m pri\u0161iel p\u00e1n s papag\u00e1jom, s ktor\u00fdm sme sa mohli odfoti\u0165. Super bolo, \u017ee tento p\u00e1n nep\u00fdtal priamo peniaze za fotku, bral to ako &#8222;propinu&#8220;, \u010di\u017ee dobrovo\u013en\u00fd pr\u00edspevok \ud83d\ude42  Ja som nev\u00e1hala a okam\u017eite som sa s papag\u00e1jom vyfotografovala. Po rannej k\u00e1vi\u010dke sme si hne\u010f \u0161li zmapova\u0165 okolie a pl\u00e1\u017e. <br>Pre va\u0161u zauj\u00edmavos\u0165, jedna polovica ostrova je otvoren\u00e1 pre turistov a verejnos\u0165, druh\u00e1 je ur\u010den\u00e1 pre hotelov\u00fdch host\u00ed, kde turisti nesm\u00fa a vyzer\u00e1 to tam fakt n\u00e1dherne. <br>Samotn\u00e1 pl\u00e1\u017e &#8211; zn\u00e1ma aj ako Bacardi Beach,  v\u00e1s uchv\u00e1ti. Biely piesok, zeleno modr\u00e1 voda a v\u00fdh\u013ead na oce\u00e1n. Proste n\u00e1dhera.  Na pl\u00e1\u017ei s\u00fa k dispoz\u00edci\u00ed leh\u00e1tka &#8211; za poplatok (cca 300 RDS). <br>Ako v\u0161ak \u010das plynul, tak sa plnila aj pl\u00e1\u017e a v jeden moment bola pln\u00e1 turistov &#8211; hlava na hlave. Kto je zvyknut\u00fd na hotelov\u00e9 komplexy asi ok, no ja som sa nec\u00edtila \u00faplne pohodlne. \u010eal\u0161ie m\u00ednus spojen\u00e9 s mnoho turistami bolo aj po\u017e\u00edvanie soci\u00e1lnych zariaden\u00ed (toaleta, sprchy). Vyst\u00e1la som si radu asi 20 min. Zhodnotila som, \u017ee by bolo lep\u0161ie \u00eds\u0165 na tento ostrov asi mimo sez\u00f3nu, aby som si ho mohla vychutna\u0165 naplno :).  <br>Na ostrove sme boli dokopy tak 3-3,5 hodiny, \u010do naozaj sta\u010d\u00ed. N\u00e1\u0161 sprievodca n\u00e1m zabezpe\u010dil aj obed, ktor\u00fd bol v cene v\u00fdletu. Po obede sme boli e\u0161te asi hodinu na pl\u00e1\u017ei, aby n\u00e1m vytr\u00e1vilo a mohli sme tak \u00eds\u0165 v pohode na lo\u010f a pozorova\u0165 ve\u013eryby. <br>Celkovo v\u0161ak v\u00fdlet na ostrov Cayo Levantado hodnot\u00edm ve\u013emi kladne a bola som spokojn\u00e1. Ostrov s\u00e1m o sebe je dokonal\u00fd, pr\u00edroda tu svoju \u00falohu zohrala na 200% :). Ur\u010dite sa chcem e\u0161te raz vr\u00e1ti\u0165 &#8211; minim\u00e1lne na t\u00fa druh\u00fa polovicu ostrova, kde by som ostala treb\u00e1rs aj cel\u00fd v\u00edkend. \ud83d\ude42 <br><\/p>\n\n\n<div class=\"sgdg-gallery-container\" data-sgdg-hash=\"bfedd3864184bb134eb1ae25d4377bba2995dbc5b1e6e384c93916011c04f1e9\"><div class=\"sgdg-loading\"><div><\/div><\/div><\/div>","protected":false},"excerpt":{"rendered":"<p>Ostrov Cayo Levantado Ke\u010fsi predstav\u00edte raj na zemi, ako by vyzeral ? V mojej hlave vyzer\u00e1 presne ako Cayo Levantado. Toto miesto je ako z &hellip;<\/p>\n","protected":false},"author":1,"featured_media":883,"parent":601,"menu_order":0,"comment_status":"closed","ping_status":"closed","template":"","meta":{"footnotes":""},"class_list":["post-386","page","type-page","status-publish","has-post-thumbnail","hentry"],"_links":{"self":[{"href":"https:\/\/dospocolocos.com\/cz\/wp-json\/wp\/v2\/pages\/386","targetHints":{"allow":["GET"]}}],"collection":[{"href":"https:\/\/dospocolocos.com\/cz\/wp-json\/wp\/v2\/pages"}],"about":[{"href":"https:\/\/dospocolocos.com\/cz\/wp-json\/wp\/v2\/types\/page"}],"author":[{"embeddable":true,"href":"https:\/\/dospocolocos.com\/cz\/wp-json\/wp\/v2\/users\/1"}],"replies":[{"embeddable":true,"href":"https:\/\/dospocolocos.com\/cz\/wp-json\/wp\/v2\/comments?post=386"}],"version-history":[{"count":4,"href":"https:\/\/dospocolocos.com\/cz\/wp-json\/wp\/v2\/pages\/386\/revisions"}],"predecessor-version":[{"id":1892,"href":"https:\/\/dospocolocos.com\/cz\/wp-json\/wp\/v2\/pages\/386\/revisions\/1892"}],"up":[{"embeddable":true,"href":"https:\/\/dospocolocos.com\/cz\/wp-json\/wp\/v2\/pages\/601"}],"wp:featuredmedia":[{"embeddable":true,"href":"https:\/\/dospocolocos.com\/cz\/wp-json\/wp\/v2\/media\/883"}],"wp:attachment":[{"href":"https:\/\/dospocolocos.com\/cz\/wp-json\/wp\/v2\/media?parent=386"}],"curies":[{"name":"wp","href":"https:\/\/api.w.org\/{rel}","templated":true}]}}