{"id":365,"date":"2022-02-26T21:38:46","date_gmt":"2022-02-27T01:38:46","guid":{"rendered":"https:\/\/dospocolocos.com\/?page_id=365"},"modified":"2023-10-26T21:07:41","modified_gmt":"2023-10-27T01:07:41","slug":"playa_lanza_del_norte","status":"publish","type":"page","link":"https:\/\/dospocolocos.com\/cz\/guide\/regions\/samana_peninsula\/las_terrenas\/beaches\/playa_lanza_del_norte\/","title":{"rendered":"Playa Lanza del Norte"},"content":{"rendered":"\n<h2 class=\"wp-block-heading\">Playa Lanza del Norte<\/h2>\n\n\n\n<p>Toto miesto je o\u00e1za pokoja. K\u013eudn\u00e1, ni\u010d\u00edm neru\u0161en\u00e1, \u010dlovekom nedotknut\u00e1 pl\u00e1\u017e sa nach\u00e1dza asi 20 km po ceste od Las Terrenas, smerom k El Lim\u00f3n. <\/p>\n\n\n\n<p>Ke\u010f tu doraz\u00edte, hne\u010f poc\u00edtite t\u00fa \u00fa\u017easn\u00fa energiu. Ticho, \u0161um mora a paliem v\u00e1m okam\u017eite vy\u010dar\u00ed \u00fasmev na tv\u00e1ry a zahlt\u00ed v\u00e1s harm\u00f3niou. Je dlh\u00e1 asi 3km, pokryt\u00e1 zlatist\u00fdm pieskom, tak\u017ee je vhodn\u00e1 nie len na le\u0148o\u0161enie, ale aj na pr\u00edjemn\u00fa prech\u00e1dzku. M\u00e1lokedy natraf\u00edte na nejak\u00e9ho \u010dloveka, tak\u017ee je dos\u0165 mo\u017en\u00e9, \u017ee budete ma\u0165 cel\u00fa pla\u017e len a len pre seba. Pozor v\u0161ak na siln\u00e9 pr\u00fady a vlny, pri k\u00fapan\u00ed sa zdr\u017eiavajte rad\u0161ej pri brehu. <\/p>\n\n\n\n<p>Ako som u\u017e spomenula, pl\u00e1\u017e je \u010dlovekom nedotknut\u00e1, nen\u00e1jdete tu \u017eiadnu re\u0161taur\u00e1ciu ani bar. Preto si na cestu ob\u010derstvenie priba\u013ete so sebou. <\/p>\n\n\n\n<p>Lanza del Norte nebola dokonca dlh\u00e9 roky zobrazen\u00e1 ani na map\u00e1ch a v minulosti toto miesto sl\u00fa\u017eilo ako \u00fakryt pre pir\u00e1tov ! Ak sa tu ocitnete naozaj pochop\u00edte pre\u010do. Doslova  &#8222;za rohom&#8220; n\u00e1jdete aj \u010fal\u0161iu prekr\u00e1snu pl\u00e1\u017e <a href=\"https:\/\/dospocolocos.com\/guide\/regions\/samana_peninsula\/las_terrenas\/beaches\/playa_el_moron\/\" data-type=\"page\" data-id=\"351\">El Moron<\/a>.<\/p>\n\n\n\n<p>Ak chcete svoj de\u0148 str\u00e1vi\u0165 mimo civiliz\u00e1ciu a dobi\u0165 baterky, tak toto miesto je ur\u010den\u00e9 presne pre v\u00e1s \ud83d\ude42. <\/p>\n\n\n\n<p>Mali\u010dk\u00e1 zauj\u00edmavos\u0165- na tejto pl\u00e1\u017ei sa nat\u00e1\u010dal aj seri\u00e1l <strong>The I-Land<\/strong> od Netflixu.<\/p>\n\n\n<div class=\"sgdg-gallery-container\" data-sgdg-hash=\"5390d356637a9ccce5ac4af28d4ce2c5c74305651aab4b4900944876db08bd25\"><div class=\"sgdg-loading\"><div><\/div><\/div><\/div>\n\n\n<p><\/p>\n","protected":false},"excerpt":{"rendered":"<p>Playa Lanza del Norte Toto miesto je o\u00e1za pokoja. K\u013eudn\u00e1, ni\u010d\u00edm neru\u0161en\u00e1, \u010dlovekom nedotknut\u00e1 pl\u00e1\u017e sa nach\u00e1dza asi 20 km po ceste od Las Terrenas, &hellip;<\/p>\n","protected":false},"author":1,"featured_media":949,"parent":290,"menu_order":0,"comment_status":"closed","ping_status":"closed","template":"","meta":{"footnotes":""},"class_list":["post-365","page","type-page","status-publish","has-post-thumbnail","hentry"],"_links":{"self":[{"href":"https:\/\/dospocolocos.com\/cz\/wp-json\/wp\/v2\/pages\/365","targetHints":{"allow":["GET"]}}],"collection":[{"href":"https:\/\/dospocolocos.com\/cz\/wp-json\/wp\/v2\/pages"}],"about":[{"href":"https:\/\/dospocolocos.com\/cz\/wp-json\/wp\/v2\/types\/page"}],"author":[{"embeddable":true,"href":"https:\/\/dospocolocos.com\/cz\/wp-json\/wp\/v2\/users\/1"}],"replies":[{"embeddable":true,"href":"https:\/\/dospocolocos.com\/cz\/wp-json\/wp\/v2\/comments?post=365"}],"version-history":[{"count":5,"href":"https:\/\/dospocolocos.com\/cz\/wp-json\/wp\/v2\/pages\/365\/revisions"}],"predecessor-version":[{"id":2052,"href":"https:\/\/dospocolocos.com\/cz\/wp-json\/wp\/v2\/pages\/365\/revisions\/2052"}],"up":[{"embeddable":true,"href":"https:\/\/dospocolocos.com\/cz\/wp-json\/wp\/v2\/pages\/290"}],"wp:featuredmedia":[{"embeddable":true,"href":"https:\/\/dospocolocos.com\/cz\/wp-json\/wp\/v2\/media\/949"}],"wp:attachment":[{"href":"https:\/\/dospocolocos.com\/cz\/wp-json\/wp\/v2\/media?parent=365"}],"curies":[{"name":"wp","href":"https:\/\/api.w.org\/{rel}","templated":true}]}}