{"id":361,"date":"2022-02-26T21:33:35","date_gmt":"2022-02-27T01:33:35","guid":{"rendered":"https:\/\/dospocolocos.com\/?page_id=361"},"modified":"2023-10-26T20:41:44","modified_gmt":"2023-10-27T00:41:44","slug":"playa_el_portillo","status":"publish","type":"page","link":"https:\/\/dospocolocos.com\/cz\/guide\/regions\/samana_peninsula\/las_terrenas\/beaches\/playa_el_portillo\/","title":{"rendered":"Playa El Portillo"},"content":{"rendered":"\n<h2 class=\"wp-block-heading\">Playa El Portillo<\/h2>\n\n\n\n<p>Za m\u0148a jedna z t\u00fdch najkraj\u0161\u00edch pl\u00e1\u017e\u00ed. V najkraj\u0161ej \u010dasti Las Terrenas &#8211; El Portillo, ktorej meno nesie aj samotn\u00e1 pl\u00e1\u017e &#8211; Playa El Portillo. T\u00e1to \u010das\u0165 mesta je pln\u00e1 apart-hotelov, s v\u00fdh\u013eadom na oce\u00e1n a dokonalou pr\u00edrodou. <\/p>\n\n\n\n<p>V tejto \u010dasti pl\u00e1\u017ee sa nach\u00e1dza aj perfetkn\u00e1 high-end re\u0161taur\u00e1cia Porto, kde by ste ur\u010dite mali z\u00e1js\u0165 &#8211; iste tu ocen\u00edte person\u00e1l hovoriaci anglicky a takisto v\u00fdborn\u00fa gastron\u00f3miu. Drinky komentova\u0165 nebudem, tie s\u00fa v\u0161ade na tomto ostrove jedn\u00fdm slovom super :). T\u00e1to re\u0161tika je samozrejme open-space, ve\u013emi efektne a n\u00e1padito dizajnovan\u00e1, je prepojen\u00e1 s v\u00e4\u010d\u0161ou \u010das\u0165ou pl\u00e1\u017ee, n\u00e1jdete tu aj pl\u00e1\u017eov\u00e9 leh\u00e1tka, kde si m\u00f4\u017ete vychutn\u00e1va\u0165 slne\u010dn\u00e9 l\u00fa\u010de a z\u00e1rove\u0148 pop\u00edja\u0165 osvie\u017euj\u00face drinky. <\/p>\n\n\n\n<p>O k\u00fasok \u010falej n\u00e1jdete tie\u017e pl\u00e1\u017eov\u00fd bar, tak\u017ee o vy\u017eitie na tejto pl\u00e1\u017ei ur\u010dite nebude n\u00fadza. Keby ste sa chceli prejs\u0165, odpor\u00fa\u010dam z\u00e1js\u0165 na c\u00edp pl\u00e1\u017ee &#8211; Cap Portillo, kde je okrem az\u00faroveho oce\u00e1nu a bieleho piesku (ktor\u00fd je mimochodom na celej pl\u00e1\u017ei) mo\u017enos\u0165 vidie\u0165 kite-surfing. <\/p>\n\n\n\n<p>Je tu celkom veterno, ale oce\u00e1n je pomerne k\u013eudn\u00fd &#8211; no ja sa nikdy neviem naba\u017ei\u0165 tej prek\u00e1rsnej farby a \u010distoty vody, o ktorej som p\u00edsala u\u017e vy\u0161\u0161ie :). A keby ste si chceli urobi\u0165 pekn\u00fa fotku na hojda\u010dke visiacej z palmy, tak tu ju n\u00e1jdete :). <\/p>\n\n\n<div class=\"sgdg-gallery-container\" data-sgdg-hash=\"753e994653d6a918debd6bda6496616809270216f6bbb883ea72b6d200647b17\"><div class=\"sgdg-loading\"><div><\/div><\/div><\/div>","protected":false},"excerpt":{"rendered":"<p>Playa El Portillo Za m\u0148a jedna z t\u00fdch najkraj\u0161\u00edch pl\u00e1\u017e\u00ed. V najkraj\u0161ej \u010dasti Las Terrenas &#8211; El Portillo, ktorej meno nesie aj samotn\u00e1 pl\u00e1\u017e &#8211; &hellip;<\/p>\n","protected":false},"author":1,"featured_media":583,"parent":290,"menu_order":0,"comment_status":"closed","ping_status":"closed","template":"","meta":{"footnotes":""},"class_list":["post-361","page","type-page","status-publish","has-post-thumbnail","hentry"],"_links":{"self":[{"href":"https:\/\/dospocolocos.com\/cz\/wp-json\/wp\/v2\/pages\/361","targetHints":{"allow":["GET"]}}],"collection":[{"href":"https:\/\/dospocolocos.com\/cz\/wp-json\/wp\/v2\/pages"}],"about":[{"href":"https:\/\/dospocolocos.com\/cz\/wp-json\/wp\/v2\/types\/page"}],"author":[{"embeddable":true,"href":"https:\/\/dospocolocos.com\/cz\/wp-json\/wp\/v2\/users\/1"}],"replies":[{"embeddable":true,"href":"https:\/\/dospocolocos.com\/cz\/wp-json\/wp\/v2\/comments?post=361"}],"version-history":[{"count":3,"href":"https:\/\/dospocolocos.com\/cz\/wp-json\/wp\/v2\/pages\/361\/revisions"}],"predecessor-version":[{"id":2044,"href":"https:\/\/dospocolocos.com\/cz\/wp-json\/wp\/v2\/pages\/361\/revisions\/2044"}],"up":[{"embeddable":true,"href":"https:\/\/dospocolocos.com\/cz\/wp-json\/wp\/v2\/pages\/290"}],"wp:featuredmedia":[{"embeddable":true,"href":"https:\/\/dospocolocos.com\/cz\/wp-json\/wp\/v2\/media\/583"}],"wp:attachment":[{"href":"https:\/\/dospocolocos.com\/cz\/wp-json\/wp\/v2\/media?parent=361"}],"curies":[{"name":"wp","href":"https:\/\/api.w.org\/{rel}","templated":true}]}}