{"id":359,"date":"2022-02-26T21:32:19","date_gmt":"2022-02-27T01:32:19","guid":{"rendered":"https:\/\/dospocolocos.com\/?page_id=359"},"modified":"2023-11-25T23:46:10","modified_gmt":"2023-11-26T03:46:10","slug":"playa_punta_poppy","status":"publish","type":"page","link":"https:\/\/dospocolocos.com\/cz\/guide\/regions\/samana_peninsula\/las_terrenas\/beaches\/playa_punta_poppy\/","title":{"rendered":"Playa Punta Poppy"},"content":{"rendered":"\n<h2 class=\"wp-block-heading\">Playa Punta Poppy<\/h2>\n\n\n\n<p>N\u00e1jdete ju na v\u00fdchodnej strane Las Terrenas, asi dva kilometre od centra mesta. Celkovo t\u00e1to strana Las Terrenas je ve\u013emi pekn\u00e1, po celej jej d\u013a\u017eke sa \u0165ahaj\u00fa r\u00f4zne kaviarni\u010dky a re\u0161taur\u00e1cie od v\u00fdmyslu sveta. Samozrejme s v\u00fdh\u013eadom na oce\u00e1n. Samotn\u00e1 Punta Poppy sa nach\u00e1dza na v\u00fdchodnom c\u00edpe mesta. <\/p>\n\n\n\n<p>Ob\u013eubuj\u00fa ju hlavne dom\u00e1ci, cez v\u00edkend, kedy tam chodia doslova pln\u00e9 autobusy \u013eud\u00ed. Cez t\u00fd\u017ede\u0148 je to v\u0161ak pokojn\u00e9 a pr\u00edjemn\u00e9 miesto, kde m\u00f4\u017ete str\u00e1vi\u0165 cel\u00fd de\u0148. <\/p>\n\n\n\n<p>Ako som u\u017e spom\u00ednala, cel\u00e1 t\u00e1to \u010das\u0165 mesta je zaplnen\u00e1 re\u0161taur\u00e1ciami, tak\u017ee ak dostanete chu\u0165 na nejak\u00fa dobrotu, ur\u010dite nebudete ma\u0165 n\u00fadzu pri h\u013eadan\u00ed toho spr\u00e1vneho miesta. <\/p>\n\n\n\n<p>Aby som v\u00e1m mohla pribl\u00ed\u017ei\u0165 aj t\u00fato pl\u00e1\u017e, fotky aj video n\u00e1jdete pod \u010dl\u00e1nkom. <\/p>\n\n\n<div class=\"sgdg-gallery-container\" data-sgdg-hash=\"d4e4e43674d7dd95b77c300bc17ffa0665168a884ae5349080f35e08fc564b02\"><div class=\"sgdg-loading\"><div><\/div><\/div><\/div>","protected":false},"excerpt":{"rendered":"<p>Playa Punta Poppy N\u00e1jdete ju na v\u00fdchodnej strane Las Terrenas, asi dva kilometre od centra mesta. Celkovo t\u00e1to strana Las Terrenas je ve\u013emi pekn\u00e1, po &hellip;<\/p>\n","protected":false},"author":1,"featured_media":947,"parent":290,"menu_order":0,"comment_status":"closed","ping_status":"closed","template":"","meta":{"footnotes":""},"class_list":["post-359","page","type-page","status-publish","has-post-thumbnail","hentry"],"_links":{"self":[{"href":"https:\/\/dospocolocos.com\/cz\/wp-json\/wp\/v2\/pages\/359","targetHints":{"allow":["GET"]}}],"collection":[{"href":"https:\/\/dospocolocos.com\/cz\/wp-json\/wp\/v2\/pages"}],"about":[{"href":"https:\/\/dospocolocos.com\/cz\/wp-json\/wp\/v2\/types\/page"}],"author":[{"embeddable":true,"href":"https:\/\/dospocolocos.com\/cz\/wp-json\/wp\/v2\/users\/1"}],"replies":[{"embeddable":true,"href":"https:\/\/dospocolocos.com\/cz\/wp-json\/wp\/v2\/comments?post=359"}],"version-history":[{"count":5,"href":"https:\/\/dospocolocos.com\/cz\/wp-json\/wp\/v2\/pages\/359\/revisions"}],"predecessor-version":[{"id":2400,"href":"https:\/\/dospocolocos.com\/cz\/wp-json\/wp\/v2\/pages\/359\/revisions\/2400"}],"up":[{"embeddable":true,"href":"https:\/\/dospocolocos.com\/cz\/wp-json\/wp\/v2\/pages\/290"}],"wp:featuredmedia":[{"embeddable":true,"href":"https:\/\/dospocolocos.com\/cz\/wp-json\/wp\/v2\/media\/947"}],"wp:attachment":[{"href":"https:\/\/dospocolocos.com\/cz\/wp-json\/wp\/v2\/media?parent=359"}],"curies":[{"name":"wp","href":"https:\/\/api.w.org\/{rel}","templated":true}]}}