{"id":353,"date":"2022-02-26T21:19:00","date_gmt":"2022-02-27T01:19:00","guid":{"rendered":"https:\/\/dospocolocos.com\/?page_id=353"},"modified":"2023-11-25T23:11:05","modified_gmt":"2023-11-26T03:11:05","slug":"playa_coson","status":"publish","type":"page","link":"https:\/\/dospocolocos.com\/cz\/guide\/regions\/samana_peninsula\/las_terrenas\/beaches\/playa_coson\/","title":{"rendered":"Playa Coson"},"content":{"rendered":"\n<h2 class=\"wp-block-heading\">Playa Coson<\/h2>\n\n\n\n<p>Ve\u013emi dlh\u00e1, pomerne k\u013eudn\u00e1 pl\u00e1\u017e \u0165ahaj\u00faca sa od Playa Bonita a\u017e po koniec samotn\u00e9ho Las Terrenas. Celkovo, \u010dast Coson je viac-menej neob\u00fdvan\u00e1, resp. n\u00e1jdete tu dva hotelov\u00e9 komplexy a zop\u00e1r luxusn\u00fdch dom\u010dekov, kde sa d\u00e1 str\u00e1vi\u0165 dovolenka.<\/p>\n\n\n\n<p>Autom alebo motorkou sa sem dostanete za necel\u00fdch 20 min\u00fat, no o to viac si v\u0161ak u\u017eijete s\u00fakromie. Ako som u\u017e spom\u00ednala, je to naozaj k\u013eudn\u00e1 a tich\u00e1 pl\u00e1\u017e, no nedajte sa oklama\u0165, oce\u00e1n je v tejto \u010dasto dos\u0165 b\u00farliv\u00fd. Aj preto sa tu konaj\u00fa surf\u00e9rske s\u00fa\u0165a\u017ee. Niekedy vedia by\u0165 vlny naozaj vysok\u00e9 a tak niet divu, \u017ee si surfisti toto miesto ob\u013e\u00fabili, no a ako sa hovor\u00ed, pr\u00eddu si tu na svoje. \ud83d\ude42 <\/p>\n\n\n\n<p>Ak by v\u00e1s prepadol hlad alebo dostanete chu\u0165 na k\u00e1vu alebo osvie\u017euj\u00faci drink, stavte sa v re\u0161taur\u00e1cii Luis. Je to typick\u00e1 dom\u00e1ca &#8222;re\u0161taur\u00e1cia&#8220;. P\u00ed\u0161em to v \u00favodzovk\u00e1ch, lebo to tam sk\u00f4r vyzer\u00e1, \u017ee ste na trhovisku \ud83d\ude42 Ale nebojte, za seba m\u00f4\u017eem len a len odporu\u010di\u0165. Jedla som tu asi najlep\u0161ie krevety. \u010co tu v\u0161ak ocen\u00edte s\u00fa ur\u010dite \u010derstv\u00e9 ryby a morsk\u00e9 plody, ktor\u00e9 si m\u00f4\u017eete samy vybra\u0165 a potom v\u00e1m ich dom\u00e1ci radi pripravia (mrknite na foto). <\/p>\n\n\n\n<p>No a aby som nezabudla spomen\u00fa\u0165, m\u00f4\u017eete tu za\u017ei\u0165 naozaj d\u00fdchber\u00faci z\u00e1pad slnka. Tak\u017ee \u010do viac? Asi len to\u013eko, \u017ee t\u00e1to pl\u00e1\u017e ur\u010dite stoj\u00ed za va\u0161u n\u00e1v\u0161tevu. <\/p>\n\n\n<div class=\"sgdg-gallery-container\" data-sgdg-hash=\"738220da8f44a5260115bc4b59ac5f35525a3c7b295ecd1d6278829347ee3430\"><div class=\"sgdg-loading\"><div><\/div><\/div><\/div>","protected":false},"excerpt":{"rendered":"<p>Playa Coson Ve\u013emi dlh\u00e1, pomerne k\u013eudn\u00e1 pl\u00e1\u017e \u0165ahaj\u00faca sa od Playa Bonita a\u017e po koniec samotn\u00e9ho Las Terrenas. Celkovo, \u010dast Coson je viac-menej neob\u00fdvan\u00e1, resp. &hellip;<\/p>\n","protected":false},"author":1,"featured_media":572,"parent":290,"menu_order":0,"comment_status":"closed","ping_status":"closed","template":"","meta":{"footnotes":""},"class_list":["post-353","page","type-page","status-publish","has-post-thumbnail","hentry"],"_links":{"self":[{"href":"https:\/\/dospocolocos.com\/cz\/wp-json\/wp\/v2\/pages\/353","targetHints":{"allow":["GET"]}}],"collection":[{"href":"https:\/\/dospocolocos.com\/cz\/wp-json\/wp\/v2\/pages"}],"about":[{"href":"https:\/\/dospocolocos.com\/cz\/wp-json\/wp\/v2\/types\/page"}],"author":[{"embeddable":true,"href":"https:\/\/dospocolocos.com\/cz\/wp-json\/wp\/v2\/users\/1"}],"replies":[{"embeddable":true,"href":"https:\/\/dospocolocos.com\/cz\/wp-json\/wp\/v2\/comments?post=353"}],"version-history":[{"count":8,"href":"https:\/\/dospocolocos.com\/cz\/wp-json\/wp\/v2\/pages\/353\/revisions"}],"predecessor-version":[{"id":2399,"href":"https:\/\/dospocolocos.com\/cz\/wp-json\/wp\/v2\/pages\/353\/revisions\/2399"}],"up":[{"embeddable":true,"href":"https:\/\/dospocolocos.com\/cz\/wp-json\/wp\/v2\/pages\/290"}],"wp:featuredmedia":[{"embeddable":true,"href":"https:\/\/dospocolocos.com\/cz\/wp-json\/wp\/v2\/media\/572"}],"wp:attachment":[{"href":"https:\/\/dospocolocos.com\/cz\/wp-json\/wp\/v2\/media?parent=353"}],"curies":[{"name":"wp","href":"https:\/\/api.w.org\/{rel}","templated":true}]}}