{"id":351,"date":"2022-02-26T21:17:13","date_gmt":"2022-02-27T01:17:13","guid":{"rendered":"https:\/\/dospocolocos.com\/?page_id=351"},"modified":"2023-10-26T20:39:12","modified_gmt":"2023-10-27T00:39:12","slug":"playa_el_moron","status":"publish","type":"page","link":"https:\/\/dospocolocos.com\/cz\/guide\/regions\/samana_peninsula\/las_terrenas\/beaches\/playa_el_moron\/","title":{"rendered":"Playa El Moron"},"content":{"rendered":"\n<h2 class=\"wp-block-heading\">Playa El Moron<\/h2>\n\n\n\n<p>T\u00fato pl\u00e1\u017e by ste mali rozhodne nav\u0161t\u00edvi\u0165. Je vzdialen\u00e1 pribli\u017ene 20 km od mesta, smerom na El Limon. N\u00e1v\u0161teva tejto pl\u00e1\u017ee je aj tipom na pekn\u00fd poldenn\u00fd v\u00fdlet. <\/p>\n\n\n\n<p>U\u017e pri vstupe na pl\u00e1\u017e ur\u010dite spozorujete to ticho. Je tam nebesk\u00fd k\u013eud, po\u010dut je len \u0161u\u0161tanie oce\u00e1nu a paliem. Sotva tam niekoho stretnete. My sme narazili na dom\u00e1ceho p\u00e1na, ktor\u00fd pred\u00e1val kokosy a chladen\u00e9 n\u00e1poje. Ale inak nikoho nikde. S\u00fakromie a tot\u00e1lny relax zaru\u010den\u00fd. <\/p>\n\n\n\n<p>Pl\u00e1\u017e je v podstate situovan\u00e1 v z\u00e1toke, na ktorej konci je vidie\u0165 zop\u00e1r dom\u010dekov, hotel a pl\u00e1\u017eov\u00fa re\u0161tau\u00e1ciu, do ktorej sa, \u017eia\u013e, ned\u00e1 dosta\u0165 &#8211; nie je pr\u00edstupn\u00e1 verejnosti. No i tak je cel\u00e9 prostredie priam a\u017e rozpr\u00e1vkov\u00e9 &#8211; pl\u00e1\u017eov\u00e9 postele s baldach\u00fdnmi len dotv\u00e1rali efekt exotiky a tropick\u00e9ho raja. <\/p>\n\n\n\n<p>No a ak by ste chceli pokra\u010dova\u0165 vo v\u00fdlete, m\u00f4\u017eete sa \u010falej vybra\u0165 aj na vodop\u00e1dy<a href=\"https:\/\/dospocolocos.com\/guide\/regions\/samana_peninsula\/las_terrenas\/interesting_places\/cascada_el_limon\/\" data-type=\"page\" data-id=\"347\"> El Limon<\/a>, \u010di na susedn\u00fa rozpr\u00e1vkov\u00fa pl\u00e1\u017e <a href=\"https:\/\/dospocolocos.com\/guide\/regions\/samana_peninsula\/las_terrenas\/beaches\/playa_lanza_del_norte\/\" data-type=\"page\" data-id=\"365\">Lanza del Norte<\/a>, o ktor\u00edch si m\u00f4\u017eete pre\u010d\u00edta\u0165 v \u010fal\u0161\u00edch pr\u00edspevkoch. <\/p>\n\n\n<div class=\"sgdg-gallery-container\" data-sgdg-hash=\"4acaead7f3142491670d8a48b54c45a8be7c6693767c5bdd306e93309bd3fcd9\"><div class=\"sgdg-loading\"><div><\/div><\/div><\/div>\n\n\n<p><\/p>\n\n\n\n<p><\/p>\n\n\n\n<p><\/p>\n","protected":false},"excerpt":{"rendered":"<p>Playa El Moron T\u00fato pl\u00e1\u017e by ste mali rozhodne nav\u0161t\u00edvi\u0165. Je vzdialen\u00e1 pribli\u017ene 20 km od mesta, smerom na El Limon. N\u00e1v\u0161teva tejto pl\u00e1\u017ee je &hellip;<\/p>\n","protected":false},"author":1,"featured_media":573,"parent":290,"menu_order":0,"comment_status":"closed","ping_status":"closed","template":"","meta":{"footnotes":""},"class_list":["post-351","page","type-page","status-publish","has-post-thumbnail","hentry"],"_links":{"self":[{"href":"https:\/\/dospocolocos.com\/cz\/wp-json\/wp\/v2\/pages\/351","targetHints":{"allow":["GET"]}}],"collection":[{"href":"https:\/\/dospocolocos.com\/cz\/wp-json\/wp\/v2\/pages"}],"about":[{"href":"https:\/\/dospocolocos.com\/cz\/wp-json\/wp\/v2\/types\/page"}],"author":[{"embeddable":true,"href":"https:\/\/dospocolocos.com\/cz\/wp-json\/wp\/v2\/users\/1"}],"replies":[{"embeddable":true,"href":"https:\/\/dospocolocos.com\/cz\/wp-json\/wp\/v2\/comments?post=351"}],"version-history":[{"count":16,"href":"https:\/\/dospocolocos.com\/cz\/wp-json\/wp\/v2\/pages\/351\/revisions"}],"predecessor-version":[{"id":2043,"href":"https:\/\/dospocolocos.com\/cz\/wp-json\/wp\/v2\/pages\/351\/revisions\/2043"}],"up":[{"embeddable":true,"href":"https:\/\/dospocolocos.com\/cz\/wp-json\/wp\/v2\/pages\/290"}],"wp:featuredmedia":[{"embeddable":true,"href":"https:\/\/dospocolocos.com\/cz\/wp-json\/wp\/v2\/media\/573"}],"wp:attachment":[{"href":"https:\/\/dospocolocos.com\/cz\/wp-json\/wp\/v2\/media?parent=351"}],"curies":[{"name":"wp","href":"https:\/\/api.w.org\/{rel}","templated":true}]}}