{"id":349,"date":"2022-02-26T19:09:04","date_gmt":"2022-02-26T23:09:04","guid":{"rendered":"https:\/\/dospocolocos.com\/?page_id=349"},"modified":"2023-10-26T22:48:07","modified_gmt":"2023-10-27T02:48:07","slug":"mirador_carretera","status":"publish","type":"page","link":"https:\/\/dospocolocos.com\/cz\/guide\/regions\/samana_peninsula\/las_terrenas\/interesting_places\/mirador_carretera\/","title":{"rendered":"Vyhl\u00eddka Mirador Carretera"},"content":{"rendered":"\n<h2 class=\"wp-block-heading\">Vyhl\u00eddka Mirador Carretera<\/h2>\n\n\n\n<p>Na tomto mieste som sa zamilovala do Samany. Po celkom divokej ceste z hlavn\u00e9ho mesta bol poh\u013ead na oce\u00e1n a cel\u00fa oblas\u0165 priam balzamom na du\u0161u. <\/p>\n\n\n\n<p>Z vyhliadky je mo\u017eno vidiet v podstate cel\u00fd z\u00e1liv kde je Playa Coson a Playa Bonita. Z takej v\u00fd\u0161ky ako je Mirador, je vidie\u0165 nesmierne mno\u017estvo paliem, \u010do potvrdzuje mienku, \u017ee na samotnej Samane je to\u013eko paliem \u010do po celej Dominik\u00e1ne :).<\/p>\n\n\n\n<p>Dychber\u00faci oce\u00e1n, jeho nespo\u010detn\u00e9 odtiene modrej a obloha bez mr\u00e1\u010dika v\u00e1s nechaj\u00fa bez slov. Toto miesto je ako stvoren\u00e9 na vytvorenie kr\u00e1snej rodinnej foto, \u010di pre milovn\u00edkov fotografovania.  N\u00e1jdete tam aj n\u00e1pis s n\u00e1zvom &#8222;Mi para\u00edso&#8220; &#8211; m\u00f4j raj, pri ktorom sa m\u00f4\u017ete odfoti\u0165. V\u0161ak pozrite ni\u017e\u0161ie :). <\/p>\n\n\n\n<p>Mirador je vzdialen\u00fd cca 8 km od centra Las Terrenas. Cesta k nemu je k\u013eukat\u00e1 a do kopca, no o to lep\u0161\u00ed je z\u00e1\u017eitok a\u017e tam doraz\u00edte. Ur\u010dite ho po svojej ceste z\/do Las Terrenas nevynechajte. <\/p>\n\n\n<div class=\"sgdg-gallery-container\" data-sgdg-hash=\"c6ae3d05adc6643a22a7014903874909dcd6d7e38c863d3cb337ab95b4507e19\"><div class=\"sgdg-loading\"><div><\/div><\/div><\/div>","protected":false},"excerpt":{"rendered":"<p>Vyhl\u00eddka Mirador Carretera Na tomto mieste som sa zamilovala do Samany. Po celkom divokej ceste z hlavn\u00e9ho mesta bol poh\u013ead na oce\u00e1n a cel\u00fa oblas\u0165 &hellip;<\/p>\n","protected":false},"author":1,"featured_media":434,"parent":297,"menu_order":0,"comment_status":"closed","ping_status":"closed","template":"","meta":{"footnotes":""},"class_list":["post-349","page","type-page","status-publish","has-post-thumbnail","hentry"],"_links":{"self":[{"href":"https:\/\/dospocolocos.com\/cz\/wp-json\/wp\/v2\/pages\/349","targetHints":{"allow":["GET"]}}],"collection":[{"href":"https:\/\/dospocolocos.com\/cz\/wp-json\/wp\/v2\/pages"}],"about":[{"href":"https:\/\/dospocolocos.com\/cz\/wp-json\/wp\/v2\/types\/page"}],"author":[{"embeddable":true,"href":"https:\/\/dospocolocos.com\/cz\/wp-json\/wp\/v2\/users\/1"}],"replies":[{"embeddable":true,"href":"https:\/\/dospocolocos.com\/cz\/wp-json\/wp\/v2\/comments?post=349"}],"version-history":[{"count":7,"href":"https:\/\/dospocolocos.com\/cz\/wp-json\/wp\/v2\/pages\/349\/revisions"}],"predecessor-version":[{"id":2074,"href":"https:\/\/dospocolocos.com\/cz\/wp-json\/wp\/v2\/pages\/349\/revisions\/2074"}],"up":[{"embeddable":true,"href":"https:\/\/dospocolocos.com\/cz\/wp-json\/wp\/v2\/pages\/297"}],"wp:featuredmedia":[{"embeddable":true,"href":"https:\/\/dospocolocos.com\/cz\/wp-json\/wp\/v2\/media\/434"}],"wp:attachment":[{"href":"https:\/\/dospocolocos.com\/cz\/wp-json\/wp\/v2\/media?parent=349"}],"curies":[{"name":"wp","href":"https:\/\/api.w.org\/{rel}","templated":true}]}}