{"id":340,"date":"2022-02-26T18:31:26","date_gmt":"2022-02-26T22:31:26","guid":{"rendered":"https:\/\/dospocolocos.com\/?page_id=340"},"modified":"2023-09-14T09:15:43","modified_gmt":"2023-09-14T13:15:43","slug":"playa_bonita","status":"publish","type":"page","link":"https:\/\/dospocolocos.com\/cz\/guide\/regions\/samana_peninsula\/las_terrenas\/beaches\/playa_bonita\/","title":{"rendered":"Playa Bonita"},"content":{"rendered":"\n<h2 class=\"wp-block-heading\">Playa Bonita<\/h2>\n\n\n\n<p>Skuto\u010dne Bonita ! A jedna z mojich najob\u013e\u00fabenej\u0161\u00edch pl\u00e1\u017e\u00ed. Playa Bonita v\u00e1s u\u017e hne\u010f pri vstupe vtiahne do svojej n\u00e1dhery. Nie je to v\u0161ak \u00faplne typick\u00e1 pl\u00e1\u017e. V prvej \u010dasti n\u00e1jdete nad\u0161encov surfovania \u2013 t\u00fdm je t\u00e1to pl\u00e1\u017e najzn\u00e1mej\u0161ia. Chcete sa nau\u010di\u0165 surfova\u0165 ? Nie je probl\u00e9m, najdete tu in\u0161truktorov surfingu aj po\u017ei\u010dovne surfov. Pozd\u013a\u017e celej pl\u00e1\u017ee s\u00fa naozaj kr\u00e1sne a \u0161pi\u010dkov\u00e9 beach bary \u2013 tak\u00e9, kde sadnete, d\u00e1te si drink, po\u010d\u00favate skvel\u00fa hudbu a u\u017e\u00edvate de\u0148. <\/p>\n\n\n\n<p>Ten koho sedenie nebav\u00ed a predsa by rad\u0161ej videl viac, nech sa vyberie a\u017e ku koncu pl\u00e1\u017ee &#8211; Cap Bonita &#8211; a va\u017een\u00ed, tu za\u010d\u00edna (aspo\u0148 pre m\u0148a) prav\u00fd raj. Biely piesok, az\u00farov\u00fd, pokojn\u00fd oce\u00e1n. To je Punta Bonita. Tam \u017eiaden bar nen\u00e1jdete. Jednoducho vypnite mobil, \u013eahnite na deku, zaborte nohy do piesku a po\u010d\u00favajte jemn\u00e9 \u0161u\u0161\u0165anie paliem a \u017eblnkotanie vody.  Relax ako vy\u0161it\u00fd ! <\/p>\n\n\n\n<p>\u010co d\u00f4le\u017eit\u00e9  v\u0161ak mus\u00edm spomen\u00fa\u0165 je, \u017ee Playa Bonita sa nach\u00e1dza trochu mimo od Las Terrenas, a teda bez motorky, auta sa tam tak r\u00fdchlo nedostanete (cesta trv\u00e1 cca 10-15 min autom\/motorkou). <\/p>\n\n\n<div class=\"sgdg-gallery-container\" data-sgdg-hash=\"9567b89fe0fbc7a4be0a01ca678c0d28ad11ab7bb46940498ed6a9666a632250\"><div class=\"sgdg-loading\"><div><\/div><\/div><\/div>","protected":false},"excerpt":{"rendered":"<p>Playa Bonita Skuto\u010dne Bonita ! A jedna z mojich najob\u013e\u00fabenej\u0161\u00edch pl\u00e1\u017e\u00ed. Playa Bonita v\u00e1s u\u017e hne\u010f pri vstupe vtiahne do svojej n\u00e1dhery. Nie je to &hellip;<\/p>\n","protected":false},"author":1,"featured_media":568,"parent":290,"menu_order":0,"comment_status":"closed","ping_status":"closed","template":"","meta":{"footnotes":""},"class_list":["post-340","page","type-page","status-publish","has-post-thumbnail","hentry"],"_links":{"self":[{"href":"https:\/\/dospocolocos.com\/cz\/wp-json\/wp\/v2\/pages\/340","targetHints":{"allow":["GET"]}}],"collection":[{"href":"https:\/\/dospocolocos.com\/cz\/wp-json\/wp\/v2\/pages"}],"about":[{"href":"https:\/\/dospocolocos.com\/cz\/wp-json\/wp\/v2\/types\/page"}],"author":[{"embeddable":true,"href":"https:\/\/dospocolocos.com\/cz\/wp-json\/wp\/v2\/users\/1"}],"replies":[{"embeddable":true,"href":"https:\/\/dospocolocos.com\/cz\/wp-json\/wp\/v2\/comments?post=340"}],"version-history":[{"count":2,"href":"https:\/\/dospocolocos.com\/cz\/wp-json\/wp\/v2\/pages\/340\/revisions"}],"predecessor-version":[{"id":403,"href":"https:\/\/dospocolocos.com\/cz\/wp-json\/wp\/v2\/pages\/340\/revisions\/403"}],"up":[{"embeddable":true,"href":"https:\/\/dospocolocos.com\/cz\/wp-json\/wp\/v2\/pages\/290"}],"wp:featuredmedia":[{"embeddable":true,"href":"https:\/\/dospocolocos.com\/cz\/wp-json\/wp\/v2\/media\/568"}],"wp:attachment":[{"href":"https:\/\/dospocolocos.com\/cz\/wp-json\/wp\/v2\/media?parent=340"}],"curies":[{"name":"wp","href":"https:\/\/api.w.org\/{rel}","templated":true}]}}