{"id":329,"date":"2022-02-26T17:25:59","date_gmt":"2022-02-26T21:25:59","guid":{"rendered":"https:\/\/dospocolocos.com\/?page_id=329"},"modified":"2023-10-26T21:12:00","modified_gmt":"2023-10-27T01:12:00","slug":"playa_las_ballenas","status":"publish","type":"page","link":"https:\/\/dospocolocos.com\/cz\/guide\/regions\/samana_peninsula\/las_terrenas\/beaches\/playa_las_ballenas\/","title":{"rendered":"Playa Las Ballenas"},"content":{"rendered":"\n<h2 class=\"wp-block-heading\">Playa Las Ballenas<\/h2>\n\n\n\n<p>Playa Ballenas je dlh\u00e1 cca 2,5 km. Je to jedna z najob\u013e\u00fabenej\u0161\u00edch pl\u00e1\u017e\u00ed tu, v Las Terrenas. \u0164ah\u00e1 sa pribli\u017ene od centra mesta a\u017e po c\u00edp, za ktor\u00fd keby chcete \u00eds\u0165, museli by ste \u00eds\u0165 lo\u010fkou. <\/p>\n\n\n\n<p>Pozd\u013a\u017e celej pl\u00e1\u017ee m\u00f4\u017eete n\u00e1js\u0165 r\u00f4zne re\u0161taur\u00e1cie a bary, ktor\u00e9 maj\u00fa \u0161iroku ponuku jed\u00e1l a n\u00e1pojov. Ur\u010dite si vyp\u00fdtajte \u010derstv\u00fa \u0161\u0165avu z Chinoly (Jugo de Chinola &#8211; marakuja) alebo Anan\u00e1su (Jugo de pi\u00f1a). Tieto bary pon\u00fakaj\u00fa taktie\u017e slne\u010dn\u00e9 leh\u00e1tka, na ktor\u00fdch m\u00f4\u017ete str\u00e1vi\u0165 v podstate cel\u00fd de\u0148.<\/p>\n\n\n\n<p>Je to najvyh\u013ead\u00e1vanej\u0161ia pl\u00e1\u017e, ve\u013emi ob\u013e\u00faben\u00e1 turistami ale aj dom\u00e1cimi &#8211; t\u00fdch tu m\u00f4\u017eete n\u00e1js\u0165 najm\u00e4 cez v\u00edkend. Ob\u013e\u00faben\u00e1 je hlavne kv\u00f4li \u010dist\u00e9mu a relat\u00edvne k\u013eudn\u00e9mu a vyhriatemu oce\u00e1nu. Pl\u00e1\u017e m\u00e1 svetlo hned\u00fd miestami a\u017e biely, jemn\u00fd piesok. Romantika na ve\u010der ? Jednozna\u010dne prech\u00e1dzka po tejto pl\u00e1\u017ei pri z\u00e1pade slnka. <\/p>\n\n\n<div class=\"sgdg-gallery-container\" data-sgdg-hash=\"358a8ea622190f7a9baf0329fc11722351d1a7a1fc4fea526ae9a4a0f4375145\"><div class=\"sgdg-loading\"><div><\/div><\/div><\/div>\n\n\n<p><\/p>\n","protected":false},"excerpt":{"rendered":"<p>Playa Las Ballenas Playa Ballenas je dlh\u00e1 cca 2,5 km. Je to jedna z najob\u013e\u00fabenej\u0161\u00edch pl\u00e1\u017e\u00ed tu, v Las Terrenas. \u0164ah\u00e1 sa pribli\u017ene od centra &hellip;<\/p>\n","protected":false},"author":1,"featured_media":580,"parent":290,"menu_order":0,"comment_status":"closed","ping_status":"closed","template":"","meta":{"footnotes":""},"class_list":["post-329","page","type-page","status-publish","has-post-thumbnail","hentry"],"_links":{"self":[{"href":"https:\/\/dospocolocos.com\/cz\/wp-json\/wp\/v2\/pages\/329","targetHints":{"allow":["GET"]}}],"collection":[{"href":"https:\/\/dospocolocos.com\/cz\/wp-json\/wp\/v2\/pages"}],"about":[{"href":"https:\/\/dospocolocos.com\/cz\/wp-json\/wp\/v2\/types\/page"}],"author":[{"embeddable":true,"href":"https:\/\/dospocolocos.com\/cz\/wp-json\/wp\/v2\/users\/1"}],"replies":[{"embeddable":true,"href":"https:\/\/dospocolocos.com\/cz\/wp-json\/wp\/v2\/comments?post=329"}],"version-history":[{"count":5,"href":"https:\/\/dospocolocos.com\/cz\/wp-json\/wp\/v2\/pages\/329\/revisions"}],"predecessor-version":[{"id":2053,"href":"https:\/\/dospocolocos.com\/cz\/wp-json\/wp\/v2\/pages\/329\/revisions\/2053"}],"up":[{"embeddable":true,"href":"https:\/\/dospocolocos.com\/cz\/wp-json\/wp\/v2\/pages\/290"}],"wp:featuredmedia":[{"embeddable":true,"href":"https:\/\/dospocolocos.com\/cz\/wp-json\/wp\/v2\/media\/580"}],"wp:attachment":[{"href":"https:\/\/dospocolocos.com\/cz\/wp-json\/wp\/v2\/media?parent=329"}],"curies":[{"name":"wp","href":"https:\/\/api.w.org\/{rel}","templated":true}]}}