{"id":325,"date":"2022-02-26T17:16:34","date_gmt":"2022-02-26T21:16:34","guid":{"rendered":"https:\/\/dospocolocos.com\/?page_id=325"},"modified":"2023-10-26T20:54:03","modified_gmt":"2023-10-27T00:54:03","slug":"playa_estillero","status":"publish","type":"page","link":"https:\/\/dospocolocos.com\/cz\/guide\/regions\/samana_peninsula\/las_terrenas\/beaches\/playa_estillero\/","title":{"rendered":"Playa Estillero"},"content":{"rendered":"\n<h2 class=\"wp-block-heading\">Playa Estillero<\/h2>\n\n\n\n<p>Playa Estillero sa nach\u00e1dza asi 15km v\u00fdchodne od Las Terrenas v tichej oblasti bl\u00edzko El Limon. Dosta\u0165 sa na \u0148u je mo\u017en\u00e9 po odbo\u010den\u00ed z hlavnej cesty pri Rancho Playa.<\/p>\n\n\n\n<p>Pl\u00e1\u017e je k\u013eudn\u00e1 a ni\u010d\u00edm neru\u0161en\u00e1 a patr\u00ed v podstate vil\u00e1m, ktor\u00e9 s\u00fa tam postaven\u00e9. Je priamo spojen\u00e1 s \u010fal\u0161ou n\u00e1dhernou pl\u00e1\u017eou El Limon, na ktor\u00fa sa d\u00e1 dosta\u0165 pe\u0161o popri oce\u00e1ne smerom na v\u00fdchod. <\/p>\n\n\n\n<p>Na tejto pl\u00e1\u017ei dok\u00e1\u017eete naozaj vypn\u00fa\u0165. N\u00e1jdete na nej aj zop\u00e1r leh\u00e1tok, tak\u017ee sta\u010d\u00ed vzia\u0165 pl\u00e1\u017eov\u00fa osu\u0161ku a vyrazi\u0165. Ke\u010f budete ma\u0165 \u0161tastie, za drobn\u00fd &#8222;\u00faplatok&#8220;, v\u00e1m dom\u00e1ci m\u00f4\u017eu z palmy odreza\u0165 kokos :).<\/p>\n\n\n<div class=\"sgdg-gallery-container\" data-sgdg-hash=\"6e8dcedbe5754f474a8c5f5b42839bf5784589804a2a5cc96c00a05386100338\"><div class=\"sgdg-loading\"><div><\/div><\/div><\/div>","protected":false},"excerpt":{"rendered":"<p>Playa Estillero Playa Estillero sa nach\u00e1dza asi 15km v\u00fdchodne od Las Terrenas v tichej oblasti bl\u00edzko El Limon. Dosta\u0165 sa na \u0148u je mo\u017en\u00e9 po &hellip;<\/p>\n","protected":false},"author":1,"featured_media":952,"parent":290,"menu_order":0,"comment_status":"closed","ping_status":"closed","template":"","meta":{"footnotes":""},"class_list":["post-325","page","type-page","status-publish","has-post-thumbnail","hentry"],"_links":{"self":[{"href":"https:\/\/dospocolocos.com\/cz\/wp-json\/wp\/v2\/pages\/325","targetHints":{"allow":["GET"]}}],"collection":[{"href":"https:\/\/dospocolocos.com\/cz\/wp-json\/wp\/v2\/pages"}],"about":[{"href":"https:\/\/dospocolocos.com\/cz\/wp-json\/wp\/v2\/types\/page"}],"author":[{"embeddable":true,"href":"https:\/\/dospocolocos.com\/cz\/wp-json\/wp\/v2\/users\/1"}],"replies":[{"embeddable":true,"href":"https:\/\/dospocolocos.com\/cz\/wp-json\/wp\/v2\/comments?post=325"}],"version-history":[{"count":3,"href":"https:\/\/dospocolocos.com\/cz\/wp-json\/wp\/v2\/pages\/325\/revisions"}],"predecessor-version":[{"id":2048,"href":"https:\/\/dospocolocos.com\/cz\/wp-json\/wp\/v2\/pages\/325\/revisions\/2048"}],"up":[{"embeddable":true,"href":"https:\/\/dospocolocos.com\/cz\/wp-json\/wp\/v2\/pages\/290"}],"wp:featuredmedia":[{"embeddable":true,"href":"https:\/\/dospocolocos.com\/cz\/wp-json\/wp\/v2\/media\/952"}],"wp:attachment":[{"href":"https:\/\/dospocolocos.com\/cz\/wp-json\/wp\/v2\/media?parent=325"}],"curies":[{"name":"wp","href":"https:\/\/api.w.org\/{rel}","templated":true}]}}