{"id":318,"date":"2022-02-26T16:57:49","date_gmt":"2022-02-26T20:57:49","guid":{"rendered":"https:\/\/dospocolocos.com\/?page_id=318"},"modified":"2023-10-26T19:56:01","modified_gmt":"2023-10-26T23:56:01","slug":"las_galeras","status":"publish","type":"page","link":"https:\/\/dospocolocos.com\/cz\/guide\/regions\/samana_peninsula\/las_galeras\/","title":{"rendered":"Las Galeras"},"content":{"rendered":"\n<h2 class=\"wp-block-heading\">Las Galeras<\/h2>\n\n\n\n<p>Poslednou \u010das\u0165ou resp. miestom na polostrove Saman\u00e1 je mesto Las Galeras. Doslova t\u00fato \u010das\u0165 ostrova sama naz\u00fdvam koncom sveta, najm\u00e4 kv\u00f4li tomu, \u017ee tu nestretnete masy turistov ani neuvid\u00edte obrovsk\u00e9 hotelov\u00e9 komplexy. <\/p>\n\n\n\n<p>Las Galeras je miesto ur\u010den\u00e9 pre t\u00edch, ktor\u00ed chc\u00fa za\u017ei\u0165 prav\u00fd Karibik v celej jeho n\u00e1dhere. Cestou mestom spozorujete be\u017en\u00fd \u017eivot dom\u00e1cich \u010di n\u00e1dhern\u00fa pr\u00edrodu. Je to k\u013eudn\u00e9 mesto, so zop\u00e1r re\u0161taur\u00e1ciami a barmi. Jeho dominanciou je v\u0161ak ok\u00faz\u013euj\u00faca pr\u00edroda. Pl\u00e1\u017ee s bielym bieskom a az\u00farovo \u010dist\u00fdm oce\u00e1nom ako z ob\u00e1liek \u010dasopisov. \u00datesy s v\u00fdh\u013eadmi na nekon\u010diaci oce\u00e1n. Pokoj, k\u013eud a pohoda. To je Las Galeras.<\/p>\n\n\n\n<p>Pri va\u0161ej n\u00e1v\u0161teve ur\u010dite neob\u00eddete pl\u00e1\u017e <a href=\"https:\/\/dospocolocos.com\/guide\/regions\/samana_peninsula\/las_galeras\/beaches\/playa_rincon\/\" data-type=\"page\" data-id=\"1053\">Playa Rincon<\/a>, z ktorej ostanete v \u00fa\u017ease. Verte mi. Niet divu, \u017ee je to jedna z top 10 najkraj\u0161\u00edch pl\u00e1\u017ei na Zemi. <\/p>\n\n\n\n<p>Na jej samom konci n\u00e1jdete Ca\u00f1o Fr\u00edo &#8211; potok alebo sk\u00f4r jazierko s poriadne osvie\u017euj\u00faco-studenou vodou. <\/p>\n\n\n\n<p>Lo\u010fou sa zas dostanete na n\u00e1dhern\u00e9 pl\u00e1\u017ee &#8211; Playa Fronton a Playa Madama. <\/p>\n\n\n\n<p>Zauj\u00edmav\u00fdm turistick\u00fdm miestom je La Boca del Diablo, doslova \u00fasta diabla. Je to pr\u00edrodn\u00fd fenom\u00e9m, kde vody oce\u00e1nu nar\u00e1\u017eaj\u00fa do sk\u00e1l a siln\u00fdmi v\u00fdstrekmi vyvieraj\u00fa na povrch. <\/p>\n\n\n\n<p>A posledn\u00fdm bodom, ktor\u00fd mus\u00edm spomen\u00fa\u0165 a vy nesmiete pre\u0161vihn\u00fa\u0165 je El Cabito. Toto je pre m\u0148a ten spom\u00ednan\u00fd samotn\u00fd koniec sveta. Je to \u00fates, na ktorom n\u00e1jdete len jednu mal\u00fa re\u0161taur\u00e1ciu s v\u00fdh\u013eadom na oce\u00e1n, o ktorom som p\u00edsala aj<a href=\"https:\/\/dospocolocos.com\/guide\/regions\/samana_peninsula\/las_galeras\/insteresting_places\/el_cabito\/\" data-type=\"page\" data-id=\"1061\"> tu.<\/a><\/p>\n\n\n\n<p>Las Galeras &#8211; tu za\u017eijete s\u00faznenie dokonalej pr\u00edrody a ni\u010d\u00edm neru\u0161en\u00e9ho pokoja. <\/p>\n\n\n\n<h3 class=\"wp-block-heading\">Pl\u00e1\u017ee<\/h3>\n\n\n\n<div class=\"grid-plus-container grid-69ded457c1f48 page \"\n     id=\"69ded457c1f48\"\n     data-grid-name=\"cities-LG_playas_small_grid\"\n     data-animation=\"zoomIn\">\n    <div class=\"grid-stack-container grid-plus-inner\"\n         data-ajax-url=\"https:\/\/dospocolocos.com\/wp-admin\/admin-ajax.php\"\n         data-grid-id=\"625d8f5786764\"\n         data-current-category=\"\"\n         data-section-id=\"69ded457c1f48\"\n         data-gutter=\"5\"\n         data-columns=\"3\"\n         data-height-ratio=\"1\"\n         data-width-ratio=\"1\"\n         data-desktop-columns=\"3\"\n         data-tablet-columns=\"2\"\n         data-mobile-columns=\"1\"\n         data-layout-type=\"grid\"\n         data-fix-item-height=\"false\"\n         data-nonce=\"84d688c390\"\n    >\n        \n        <div class=\"grid-stack grid-stack-3\" data-layout=\"grid\"\n             style=\"height: 2380px\">\n        <\/div>\n        <div class=\"grid-items\">\n                            <div class=\"item\" data-gs-x=\"0\"\n                     data-gs-y=\"0\"\n                     data-gs-width=\"1\"\n                     data-gs-height=\"53\"\n                     data-skin=\"thumbnail-title-excerpt\"\n\n                     data-desktop-gs-x=\"0\"\n                     data-desktop-gs-y=\"0\"\n                     data-desktop-gs-width=\"1\"\n                     data-desktop-gs-height=\"53\"\n                     data-desktop-skin=\"thumbnail-title-excerpt\"\n\n                     data-image-width=\"2560\"\n                     data-image-height=\"1707\"\n                >\n                    <div class=\"grid-post-item thumbnail\" data-thumbnail-only=\"1\">\n    <div class=\"thumbnail-image\" data-img=\"https:\/\/dospocolocos.com\/wp-content\/uploads\/2022\/02\/DSC_6655-scaled.jpg\">\n                    <img decoding=\"async\" src=\"https:\/\/dospocolocos.com\/wp-content\/uploads\/2022\/02\/DSC_6655-scaled.jpg\" alt=\"Playa Rincon\" >\n                <div class=\"hover-outer transition-30\">\n                            <a href=\"https:\/\/dospocolocos.com\/cz\/guide\/regions\/samana_peninsula\/las_galeras\/beaches\/playa_rincon\/\" title=\"Playa Rincon\"><\/a>\n                        <div class=\"hover-inner transition-50\">\n                                    <div class=\"title\">\n                                                    <a href=\"https:\/\/dospocolocos.com\/cz\/guide\/regions\/samana_peninsula\/las_galeras\/beaches\/playa_rincon\/\" title=\"Playa Rincon\">Playa Rincon<\/a>\n                                            <\/div>\n                                                    <div class=\"excerpt\">Playa Rincon Dominanta polostrova Saman\u00e1 a jedna z najkraj\u0161\u00edch pl\u00e1\u017ei na svete sa nach\u00e1dza pr\u00e1ve v tu, v Dominik\u00e1nskej Republike &#8211; v Las Galeras. Playa &hellip;<\/div>\n                            <\/div>\n        <\/div>\n    <\/div>\n<\/div>\n                <\/div>\n                        <\/div>\n\n            <\/div>\n<\/div>\n\n\n\n\n<h3 class=\"wp-block-heading\">Zauj\u00edmav\u00e9 miesta <\/h3>\n\n\n\n<div class=\"grid-plus-container grid-69ded457c689c page \"\n     id=\"69ded457c689c\"\n     data-grid-name=\"cities-LG_places_small_grid\"\n     data-animation=\"zoomIn\">\n    <div class=\"grid-stack-container grid-plus-inner\"\n         data-ajax-url=\"https:\/\/dospocolocos.com\/wp-admin\/admin-ajax.php\"\n         data-grid-id=\"625d8fee3a0ad\"\n         data-current-category=\"\"\n         data-section-id=\"69ded457c689c\"\n         data-gutter=\"5\"\n         data-columns=\"3\"\n         data-height-ratio=\"1\"\n         data-width-ratio=\"1\"\n         data-desktop-columns=\"3\"\n         data-tablet-columns=\"2\"\n         data-mobile-columns=\"1\"\n         data-layout-type=\"grid\"\n         data-fix-item-height=\"false\"\n         data-nonce=\"84d688c390\"\n    >\n        \n        <div class=\"grid-stack grid-stack-3\" data-layout=\"grid\"\n             style=\"height: 2380px\">\n        <\/div>\n        <div class=\"grid-items\">\n                            <div class=\"item\" data-gs-x=\"0\"\n                     data-gs-y=\"0\"\n                     data-gs-width=\"1\"\n                     data-gs-height=\"53\"\n                     data-skin=\"thumbnail-title-excerpt\"\n\n                     data-desktop-gs-x=\"0\"\n                     data-desktop-gs-y=\"0\"\n                     data-desktop-gs-width=\"1\"\n                     data-desktop-gs-height=\"53\"\n                     data-desktop-skin=\"thumbnail-title-excerpt\"\n\n                     data-image-width=\"1500\"\n                     data-image-height=\"1125\"\n                >\n                    <div class=\"grid-post-item thumbnail\" data-thumbnail-only=\"1\">\n    <div class=\"thumbnail-image\" data-img=\"https:\/\/dospocolocos.com\/wp-content\/uploads\/2022\/04\/IMG_20191017_175144-scaled-e1650296763101.jpg\">\n                    <img decoding=\"async\" src=\"https:\/\/dospocolocos.com\/wp-content\/uploads\/2022\/04\/IMG_20191017_175144-scaled-e1650296763101.jpg\" alt=\"El Cabito\" >\n                <div class=\"hover-outer transition-30\">\n                            <a href=\"https:\/\/dospocolocos.com\/cz\/guide\/regions\/samana_peninsula\/las_galeras\/insteresting_places\/el_cabito\/\" title=\"El Cabito\"><\/a>\n                        <div class=\"hover-inner transition-50\">\n                                    <div class=\"title\">\n                                                    <a href=\"https:\/\/dospocolocos.com\/cz\/guide\/regions\/samana_peninsula\/las_galeras\/insteresting_places\/el_cabito\/\" title=\"El Cabito\">El Cabito<\/a>\n                                            <\/div>\n                                                    <div class=\"excerpt\">Ke\u010f budete v Las Galeras, ur\u010dite na toto miesto z\u00e1jdite. El Cabito je v podstate &#8222;apart hotel&#8220; s re\u0161taur\u00e1ciou umiestnenou na \u00fatese. Toto spojenie re\u0161taur\u00e1cie &hellip;<\/div>\n                            <\/div>\n        <\/div>\n    <\/div>\n<\/div>\n                <\/div>\n                        <\/div>\n\n            <\/div>\n<\/div>\n\n","protected":false},"excerpt":{"rendered":"<p>Las Galeras Poslednou \u010das\u0165ou resp. miestom na polostrove Saman\u00e1 je mesto Las Galeras. Doslova t\u00fato \u010das\u0165 ostrova sama naz\u00fdvam koncom sveta, najm\u00e4 kv\u00f4li tomu, \u017ee &hellip;<\/p>\n","protected":false},"author":1,"featured_media":43,"parent":817,"menu_order":0,"comment_status":"closed","ping_status":"closed","template":"","meta":{"footnotes":""},"class_list":["post-318","page","type-page","status-publish","has-post-thumbnail","hentry"],"_links":{"self":[{"href":"https:\/\/dospocolocos.com\/cz\/wp-json\/wp\/v2\/pages\/318","targetHints":{"allow":["GET"]}}],"collection":[{"href":"https:\/\/dospocolocos.com\/cz\/wp-json\/wp\/v2\/pages"}],"about":[{"href":"https:\/\/dospocolocos.com\/cz\/wp-json\/wp\/v2\/types\/page"}],"author":[{"embeddable":true,"href":"https:\/\/dospocolocos.com\/cz\/wp-json\/wp\/v2\/users\/1"}],"replies":[{"embeddable":true,"href":"https:\/\/dospocolocos.com\/cz\/wp-json\/wp\/v2\/comments?post=318"}],"version-history":[{"count":10,"href":"https:\/\/dospocolocos.com\/cz\/wp-json\/wp\/v2\/pages\/318\/revisions"}],"predecessor-version":[{"id":2020,"href":"https:\/\/dospocolocos.com\/cz\/wp-json\/wp\/v2\/pages\/318\/revisions\/2020"}],"up":[{"embeddable":true,"href":"https:\/\/dospocolocos.com\/cz\/wp-json\/wp\/v2\/pages\/817"}],"wp:featuredmedia":[{"embeddable":true,"href":"https:\/\/dospocolocos.com\/cz\/wp-json\/wp\/v2\/media\/43"}],"wp:attachment":[{"href":"https:\/\/dospocolocos.com\/cz\/wp-json\/wp\/v2\/media?parent=318"}],"curies":[{"name":"wp","href":"https:\/\/api.w.org\/{rel}","templated":true}]}}