{"id":297,"date":"2022-02-26T15:13:21","date_gmt":"2022-02-26T19:13:21","guid":{"rendered":"https:\/\/dospocolocos.com\/?page_id=297"},"modified":"2023-10-22T14:39:30","modified_gmt":"2023-10-22T18:39:30","slug":"interesting_places","status":"publish","type":"page","link":"https:\/\/dospocolocos.com\/cz\/guide\/regions\/samana_peninsula\/las_terrenas\/interesting_places\/","title":{"rendered":"Zaj\u00edmav\u00e1 m\u00edsta"},"content":{"rendered":"\n<h2 class=\"wp-block-heading\">Zaj\u00edmav\u00e1 m\u00edsta<\/h2>\n\n\n\n<div class=\"grid-plus-container grid-69dee813a5817 page \"\n     id=\"69dee813a5817\"\n     data-grid-name=\"cities-LT_places_full_grid\"\n     data-animation=\"zoomIn\">\n    <div class=\"grid-stack-container grid-plus-inner\"\n         data-ajax-url=\"https:\/\/dospocolocos.com\/wp-admin\/admin-ajax.php\"\n         data-grid-id=\"6227906ec41dd\"\n         data-current-category=\"\"\n         data-section-id=\"69dee813a5817\"\n         data-gutter=\"5\"\n         data-columns=\"3\"\n         data-height-ratio=\"1\"\n         data-width-ratio=\"1\"\n         data-desktop-columns=\"3\"\n         data-tablet-columns=\"2\"\n         data-mobile-columns=\"1\"\n         data-layout-type=\"grid\"\n         data-fix-item-height=\"false\"\n         data-nonce=\"e6692cacf7\"\n    >\n        \n        <div class=\"grid-stack grid-stack-3\" data-layout=\"grid\"\n             style=\"height: 2380px\">\n        <\/div>\n        <div class=\"grid-items\">\n                            <div class=\"item\" data-gs-x=\"0\"\n                     data-gs-y=\"0\"\n                     data-gs-width=\"1\"\n                     data-gs-height=\"53\"\n                     data-skin=\"thumbnail-title-excerpt\"\n\n                     data-desktop-gs-x=\"0\"\n                     data-desktop-gs-y=\"0\"\n                     data-desktop-gs-width=\"1\"\n                     data-desktop-gs-height=\"53\"\n                     data-desktop-skin=\"thumbnail-title-excerpt\"\n\n                     data-image-width=\"2236\"\n                     data-image-height=\"1355\"\n                >\n                    <div class=\"grid-post-item thumbnail\" data-thumbnail-only=\"1\">\n    <div class=\"thumbnail-image\" data-img=\"https:\/\/dospocolocos.com\/wp-content\/uploads\/2022\/03\/cayo-1.jpeg\">\n                    <img decoding=\"async\" src=\"https:\/\/dospocolocos.com\/wp-content\/uploads\/2022\/03\/cayo-1.jpeg\" alt=\"Ostrov Cayo Levantado\" >\n                <div class=\"hover-outer transition-30\">\n                            <a href=\"https:\/\/dospocolocos.com\/cz\/guide\/islands\/island_cayo_levantado\/\" title=\"Ostrov Cayo Levantado\"><\/a>\n                        <div class=\"hover-inner transition-50\">\n                                    <div class=\"title\">\n                                                    <a href=\"https:\/\/dospocolocos.com\/cz\/guide\/islands\/island_cayo_levantado\/\" title=\"Ostrov Cayo Levantado\">Ostrov Cayo Levantado<\/a>\n                                            <\/div>\n                                                    <div class=\"excerpt\">Ostrov Cayo Levantado Ke\u010fsi predstav\u00edte raj na zemi, ako by vyzeral ? V mojej hlave vyzer\u00e1 presne ako Cayo Levantado. Toto miesto je ako z &hellip;<\/div>\n                            <\/div>\n        <\/div>\n    <\/div>\n<\/div>\n                <\/div>\n                                <div class=\"item\" data-gs-x=\"1\"\n                     data-gs-y=\"0\"\n                     data-gs-width=\"1\"\n                     data-gs-height=\"53\"\n                     data-skin=\"thumbnail-title-excerpt\"\n\n                     data-desktop-gs-x=\"1\"\n                     data-desktop-gs-y=\"0\"\n                     data-desktop-gs-width=\"1\"\n                     data-desktop-gs-height=\"53\"\n                     data-desktop-skin=\"thumbnail-title-excerpt\"\n\n                     data-image-width=\"669\"\n                     data-image-height=\"446\"\n                >\n                    <div class=\"grid-post-item thumbnail\" data-thumbnail-only=\"1\">\n    <div class=\"thumbnail-image\" data-img=\"https:\/\/dospocolocos.com\/wp-content\/uploads\/2022\/03\/whales-1.jpeg\">\n                    <img decoding=\"async\" src=\"https:\/\/dospocolocos.com\/wp-content\/uploads\/2022\/03\/whales-1.jpeg\" alt=\"Velryby\" >\n                <div class=\"hover-outer transition-30\">\n                            <a href=\"https:\/\/dospocolocos.com\/cz\/guide\/regions\/samana_peninsula\/las_terrenas\/interesting_places\/whales\/\" title=\"Velryby\"><\/a>\n                        <div class=\"hover-inner transition-50\">\n                                    <div class=\"title\">\n                                                    <a href=\"https:\/\/dospocolocos.com\/cz\/guide\/regions\/samana_peninsula\/las_terrenas\/interesting_places\/whales\/\" title=\"Velryby\">Velryby<\/a>\n                                            <\/div>\n                                                    <div class=\"excerpt\">Velryby Ako u\u017e mnoh\u00ed viete, Samana pon\u00faka okrem v\u00fdletov po polostrove aj v\u00fdlety mimo neho. Jedn\u00fdm z nich je pozorovanie ve\u013er\u00fdb. \u00c1no, \u010d\u00edtate dobre. Ve\u013eryby. &hellip;<\/div>\n                            <\/div>\n        <\/div>\n    <\/div>\n<\/div>\n                <\/div>\n                                <div class=\"item\" data-gs-x=\"2\"\n                     data-gs-y=\"0\"\n                     data-gs-width=\"1\"\n                     data-gs-height=\"53\"\n                     data-skin=\"thumbnail-title-excerpt\"\n\n                     data-desktop-gs-x=\"2\"\n                     data-desktop-gs-y=\"0\"\n                     data-desktop-gs-width=\"1\"\n                     data-desktop-gs-height=\"53\"\n                     data-desktop-skin=\"thumbnail-title-excerpt\"\n\n                     data-image-width=\"2560\"\n                     data-image-height=\"1707\"\n                >\n                    <div class=\"grid-post-item thumbnail\" data-thumbnail-only=\"1\">\n    <div class=\"thumbnail-image\" data-img=\"https:\/\/dospocolocos.com\/wp-content\/uploads\/2022\/03\/IMG_3250-scaled.jpg\">\n                    <img decoding=\"async\" src=\"https:\/\/dospocolocos.com\/wp-content\/uploads\/2022\/03\/IMG_3250-scaled.jpg\" alt=\"Vodop\u00e1dy Cascada El Limon\" >\n                <div class=\"hover-outer transition-30\">\n                            <a href=\"https:\/\/dospocolocos.com\/cz\/guide\/regions\/samana_peninsula\/las_terrenas\/interesting_places\/cascada_el_limon\/\" title=\"Vodop\u00e1dy Cascada El Limon\"><\/a>\n                        <div class=\"hover-inner transition-50\">\n                                    <div class=\"title\">\n                                                    <a href=\"https:\/\/dospocolocos.com\/cz\/guide\/regions\/samana_peninsula\/las_terrenas\/interesting_places\/cascada_el_limon\/\" title=\"Vodop\u00e1dy Cascada El Limon\">Vodop\u00e1dy Cascada El Limon<\/a>\n                                            <\/div>\n                                                    <div class=\"excerpt\">Vodop\u00e1dy Cascada El Limon To, \u017ee Dominik\u00e1nska Republika je rozmanit\u00e1 krajina pln\u00e1 mo\u017enost\u00ed ako tr\u00e1vi\u0165 \u010das po\u010das va\u0161ej dovolenky u\u017e viete. V tomto \u010dl\u00e1nku sa &hellip;<\/div>\n                            <\/div>\n        <\/div>\n    <\/div>\n<\/div>\n                <\/div>\n                                <div class=\"item\" data-gs-x=\"0\"\n                     data-gs-y=\"53\"\n                     data-gs-width=\"1\"\n                     data-gs-height=\"53\"\n                     data-skin=\"thumbnail-title-excerpt\"\n\n                     data-desktop-gs-x=\"0\"\n                     data-desktop-gs-y=\"53\"\n                     data-desktop-gs-width=\"1\"\n                     data-desktop-gs-height=\"53\"\n                     data-desktop-skin=\"thumbnail-title-excerpt\"\n\n                     data-image-width=\"1280\"\n                     data-image-height=\"720\"\n                >\n                    <div class=\"grid-post-item thumbnail\" data-thumbnail-only=\"1\">\n    <div class=\"thumbnail-image\" data-img=\"https:\/\/dospocolocos.com\/wp-content\/uploads\/2022\/03\/IMG_7579-scaled-e1646744925217.jpg\">\n                    <img decoding=\"async\" src=\"https:\/\/dospocolocos.com\/wp-content\/uploads\/2022\/03\/IMG_7579-scaled-e1646744925217.jpg\" alt=\"Vyhl\u00eddka Mirador Carretera\" >\n                <div class=\"hover-outer transition-30\">\n                            <a href=\"https:\/\/dospocolocos.com\/cz\/guide\/regions\/samana_peninsula\/las_terrenas\/interesting_places\/mirador_carretera\/\" title=\"Vyhl\u00eddka Mirador Carretera\"><\/a>\n                        <div class=\"hover-inner transition-50\">\n                                    <div class=\"title\">\n                                                    <a href=\"https:\/\/dospocolocos.com\/cz\/guide\/regions\/samana_peninsula\/las_terrenas\/interesting_places\/mirador_carretera\/\" title=\"Vyhl\u00eddka Mirador Carretera\">Vyhl\u00eddka Mirador Carretera<\/a>\n                                            <\/div>\n                                                    <div class=\"excerpt\">Vyhl\u00eddka Mirador Carretera Na tomto mieste som sa zamilovala do Samany. Po celkom divokej ceste z hlavn\u00e9ho mesta bol poh\u013ead na oce\u00e1n a cel\u00fa oblas\u0165 &hellip;<\/div>\n                            <\/div>\n        <\/div>\n    <\/div>\n<\/div>\n                <\/div>\n                        <\/div>\n\n            <\/div>\n<\/div>\n\n\n\n\n<ul class=\"wp-block-list\">\n<li>Jasky\u0148a Cueva Carretera<\/li>\n\n\n\n<li>Rancho Playa<\/li>\n\n\n\n<li>Vodop\u00e1d Cascada Lulu<\/li>\n\n\n\n<li>Zipline Runners Adventure, Samana<\/li>\n\n\n\n<li>Zipline Samana, El Valle<\/li>\n<\/ul>\n\n\n\n<iframe src=\"https:\/\/www.google.com\/maps\/d\/u\/0\/embed?mid=1K1AGaMYtwb7wbHyM7NqZ2KwcEfbFy1Y4&amp;ehbc=2E312F\" width=\"640\" height=\"480\"><\/iframe>\n","protected":false},"excerpt":{"rendered":"<p>Zaj\u00edmav\u00e1 m\u00edsta<\/p>\n","protected":false},"author":1,"featured_media":0,"parent":285,"menu_order":0,"comment_status":"closed","ping_status":"closed","template":"","meta":{"footnotes":""},"class_list":["post-297","page","type-page","status-publish","hentry"],"_links":{"self":[{"href":"https:\/\/dospocolocos.com\/cz\/wp-json\/wp\/v2\/pages\/297","targetHints":{"allow":["GET"]}}],"collection":[{"href":"https:\/\/dospocolocos.com\/cz\/wp-json\/wp\/v2\/pages"}],"about":[{"href":"https:\/\/dospocolocos.com\/cz\/wp-json\/wp\/v2\/types\/page"}],"author":[{"embeddable":true,"href":"https:\/\/dospocolocos.com\/cz\/wp-json\/wp\/v2\/users\/1"}],"replies":[{"embeddable":true,"href":"https:\/\/dospocolocos.com\/cz\/wp-json\/wp\/v2\/comments?post=297"}],"version-history":[{"count":6,"href":"https:\/\/dospocolocos.com\/cz\/wp-json\/wp\/v2\/pages\/297\/revisions"}],"predecessor-version":[{"id":1855,"href":"https:\/\/dospocolocos.com\/cz\/wp-json\/wp\/v2\/pages\/297\/revisions\/1855"}],"up":[{"embeddable":true,"href":"https:\/\/dospocolocos.com\/cz\/wp-json\/wp\/v2\/pages\/285"}],"wp:attachment":[{"href":"https:\/\/dospocolocos.com\/cz\/wp-json\/wp\/v2\/media?parent=297"}],"curies":[{"name":"wp","href":"https:\/\/api.w.org\/{rel}","templated":true}]}}