{"id":294,"date":"2022-02-26T15:11:57","date_gmt":"2022-02-26T19:11:57","guid":{"rendered":"https:\/\/dospocolocos.com\/?page_id=294"},"modified":"2023-10-26T22:25:33","modified_gmt":"2023-10-27T02:25:33","slug":"restaurants_bars_cafe_disco","status":"publish","type":"page","link":"https:\/\/dospocolocos.com\/cz\/guide\/regions\/samana_peninsula\/las_terrenas\/restaurants_bars_cafe_disco\/","title":{"rendered":"Restaurace, bary, kav\u00e1rny, kluby"},"content":{"rendered":"\n<h2 class=\"wp-block-heading has-text-align-center\">Re\u0161taur\u00e1cie, bary, kaviarne, kluby<\/h2>\n\n\n\n<h3 class=\"wp-block-heading\">Re\u0161taur\u00e1cie<\/h3>\n\n\n\n<ul class=\"wp-block-list\">\n<li><strong>PIZZERIA LA CHOZA<\/strong> &#8211; moja najob\u013e\u00fabenej\u0161ia pizzeria, hne\u010f na za\u010diatku centra mesta, ve\u013emi chutn\u00e9 pizza cesto, chrumkav\u00e9 po okrajoch, serv\u00edrovan\u00e9 na drevenom podnose, komorn\u00e1 atmosf\u00e9ra a ve\u013emi pr\u00edjemn\u00e9 posedenie<\/li>\n\n\n\n<li><strong>PIZZERIA CASA AZUL<\/strong> &#8211; nesklame, ke\u010f m\u00e1te chu\u0165 na pizzu a v\u00fdh\u013ead na oce\u00e1n, a ste v centre mesta,  prijate\u013en\u00e9 ceny a ochotn\u00fd person\u00e1l<\/li>\n\n\n\n<li><strong>PIZZERIA LAS CAYENAS<\/strong> &#8211; okrem pizze, ktor\u00e1 chut\u00ed v\u00fdborne maj\u00fa aj ponuku m\u00e4sa\/r\u00fdb\/cestov\u00edn, no \u0161pecifikum tejto re\u0161taur\u00e1cie je oku lichotiv\u00e9 prostredie pri oce\u00e1ne, najm\u00e4 ve\u010der, kedy maj\u00fa rozsvieten\u00e9 svietielka  okolo paliem a celkovo sa tam \u010dlovek c\u00edti ve\u013emi pohodlne. Ak ste na Las Ballenas, ur\u010dite cho\u010fte vysk\u00fa\u0161a\u0165. <\/li>\n\n\n\n<li><strong>PIZZERIA CHIRINGUITO<\/strong> &#8211; pl\u00e1\u017eov\u00e1 pizz\u00e9ria, ak tr\u00e1vite de\u0148 na konci pl\u00e1\u017ee Las Ballenas a dostanete hlad tak tu v\u00e1m ur\u010dite pote\u0161ia va\u0161e chu\u0165ov\u00e9 bunky. Okrem in\u00e9ho Chiringuito pon\u00faka aj pl\u00e1\u017eov\u00e9 leh\u00e1tka, ktor\u00e9 dostanete v cene, ke\u010f si objedn\u00e1te napr\u00edklad k\u00e1vu alebo \u010derstv\u00e9 jugos  <\/li>\n\n\n\n<li><strong>PIZZERIA RAFFAELE<\/strong> &#8211; pri pl\u00e1\u017ei Punta Poppy, hne\u010f pri Afreeka beach hotel, taliansk\u00e1 pizz\u00e9ria, zn\u00e1ma a ve\u013emi ob\u013e\u00faben\u00e1 medzi tu \u017eij\u00facimi \u013eudmi <\/li>\n\n\n\n<li><strong>SERGIO B SUSHI BAR<\/strong>  &#8211; \u0161pi\u010dkov\u00e1 franc\u00fazska re\u0161taur\u00e1cia, pon\u00fakaj\u00fa tu cestoviny, burgery &#8211; aj rybac\u00ed, dokonca medzi 15:00-23:00 hod. pon\u00fakaj\u00fa fakt dobr\u00e9 sushi, prostredie, person\u00e1l aj samotn\u00fd majite\u013e sa sna\u017eia o to, aby ste si naozaj mohli vychutna\u0165 skvel\u00fd ve\u010der. ( <a href=\"https:\/\/goo.gl\/maps\/Fuzmf5ZZuWgCKJiZA\">https:\/\/goo.gl\/maps\/Fuzmf5ZZuWgCKJiZA<\/a> )<\/li>\n\n\n\n<li><strong>KATANA SUSHI<\/strong> &#8211; novootvoren\u00fd sushi bar, kde sa c\u00edtite ako keby ste boli naozaj v Japonsku   (<a href=\"https:\/\/goo.gl\/maps\/KT26VxHK5UmRFHdS6\">https:\/\/goo.gl\/maps\/KT26VxHK5UmRFHdS6<\/a> )<\/li>\n\n\n\n<li><strong>ALHELI SUSHI BAR<\/strong> (<a href=\"https:\/\/goo.gl\/maps\/b9xccmmckwh7Awej7\">https:\/\/goo.gl\/maps\/b9xccmmckwh7Awej7<\/a>)&nbsp;<\/li>\n\n\n\n<li><strong>GET THE GRINGO BURGER<\/strong> &#8211; ke\u010f na burger, ur\u010dite do Gringo Burger, majite\u013e James je Ameri\u010dan,kuch\u00e1r s dlhoro\u010dnou praxou vo svete, ktor\u00fd si svoje m\u00e4so svedomito pripravuje a prepravuje ho z US tu do LT, v ponuke m\u00e1 aj bezlepkov\u00e9 verzie burgerov a ke\u010f mu spomeniete, \u017ee o \u0148om viete od Roberta a Tiny, r\u00e1d v\u00e1m prihod\u00ed aj nejak\u00fa tu z\u013eavi\u010dku \ud83d\ude42 . (<a href=\"https:\/\/goo.gl\/maps\/5fWcm1KAaB2hsFrv8\">https:\/\/goo.gl\/maps\/5fWcm1KAaB2hsFrv8<\/a> )<\/li>\n\n\n\n<li><strong>DOS GRINGOS &#8211;<\/strong> pomerne nov\u00fd projekt v centre Las Terrenas. Ide o kombin\u00e1ciu re\u0161taur\u00e1cie s americkou kuchy\u0148ou a \u0161port baru, kde si pri vychutn\u00e1van\u00ed svojho jedla alebo drinku m\u00f4\u017eete pozrie\u0165 r\u00f4zne druhy \u0161portov- hokej, americk\u00fd futbal, eur\u00f3psky futbal, \u010di basketbal. Pri n\u00e1v\u0161teve sa \u010dlovek c\u00edti skoro ako doma. Okrem pevn\u00e9ho menu maj\u00fa aj t\u00e9matick\u00e9 jedl\u00e1 a drinky na ka\u017ed\u00fd de\u0148. Ak V\u00e1s zauj\u00edma viac tento podnik, pozrite si na\u0161u <a href=\"https:\/\/dospocolocos.com\/blogs\/places_we_visited\/dos-gringos\/\" data-type=\"post\" data-id=\"1371\">RECENZIU.<\/a>  \ud83d\ude42  (<a rel=\"noreferrer noopener\" href=\"https:\/\/goo.gl\/maps\/KsXs4WCShG4kFzxp9\" target=\"_blank\">https:\/\/goo.gl\/maps\/KsXs4WCShG4kFzxp9<\/a>)<\/li>\n\n\n\n<li><strong>XO RESTAURANT <\/strong> &#8211; \u010fal\u0161ia zo \u0161pi\u010dkov\u00fdch a luxusn\u00fdch franc\u00fazskych re\u0161taur\u00e1cii,  \u0161irok\u00e1 ponuka jed\u00e1l a n\u00e1pojov  (<a href=\"https:\/\/goo.gl\/maps\/igvgo2Pw23kbogD2A\">https:\/\/goo.gl\/maps\/igvgo2Pw23kbogD2A<\/a> )<\/li>\n\n\n\n<li><strong>LA YUCA CALIENTE<\/strong>   (<a href=\"https:\/\/goo.gl\/maps\/G7qpmJb1b6KXXPPM6\">https:\/\/goo.gl\/maps\/G7qpmJb1b6KXXPPM6<\/a> )<\/li>\n\n\n\n<li><strong>EL DIECIOCHO<\/strong>  &#8211; drah\u0161ia re\u0161taur\u00e1cia, na vysokej \u00farovni, ktor\u00e1 stoj\u00ed za n\u00e1v\u0161tevu (<a href=\"https:\/\/goo.gl\/maps\/5XezbgkUcArzesSB8\">https:\/\/goo.gl\/maps\/5XezbgkUcArzesSB8<\/a> )<\/li>\n\n\n\n<li><strong>PORTO by Mosquito<\/strong> &#8211; v \u010dasti <a href=\"https:\/\/dospocolocos.com\/guide\/regions\/samana_peninsula\/las_terrenas\/beaches\/playa_el_portillo\/\" data-type=\"page\" data-id=\"361\">El Portillo<\/a> n\u00e1jdete t\u00fato kr\u00e1snu open space re\u0161taur\u00e1ciu, s anglicky hovoriacim person\u00e1lom, kr\u00e1snym v\u00fdh\u013eadom na oce\u00e1n a e\u0161te kraj\u0161\u00edm poh\u013eadom na z\u00e1pad slnka, je s\u00edce tro\u0161ku drah\u0161ia ale kvalita jed\u00e1l a pr\u00edstup person\u00e1lu za to ur\u010dite stoja. Patr\u00ed do siete barov\/hotelov\/re\u0161taur\u00e1cii by Mosquito, tak\u017ee ktor\u00fdko\u013evek ich bar alebo re\u0161taur\u00e1ciu nav\u0161t\u00edvite, nebude to trefa ved\u013ea, naopak budete pr\u00edjemne prekvapen\u00fd z kvality slu\u017eieb ale aj dizajnu prostredia (<a href=\"https:\/\/goo.gl\/maps\/gRCanypuV1pkYtJA6\">https:\/\/goo.gl\/maps\/gRCanypuV1pkYtJA6<\/a> )<\/li>\n\n\n\n<li><strong>LE TRE CARAVELLE<\/strong> ( <a href=\"https:\/\/goo.gl\/maps\/ZNKia215YZQdYCCz8\">https:\/\/goo.gl\/maps\/ZNKia215YZQdYCCz8<\/a> )<\/li>\n\n\n\n<li><strong>LA CATRINA<\/strong> &#8211; najlep\u0161ie Mexick\u00e9 jedlo, ktor\u00e9 v LT dostanete, ur\u010dite ju po\u010das pobytu v LT nevynechajte a sk\u00faste ich quesadillu alebo chimichangu- nebudete \u013eutova\u0165 \ud83d\ude42 (<a href=\"https:\/\/goo.gl\/maps\/ru6hQYDp2f75uFs57\">https:\/\/goo.gl\/maps\/ru6hQYDp2f75uFs57<\/a> )<\/li>\n\n\n\n<li><strong>EL MOSQUITO BEACH BAR<\/strong>  (<a href=\"https:\/\/goo.gl\/maps\/xPftnn32fxLStv8K9\">https:\/\/goo.gl\/maps\/xPftnn32fxLStv8K9<\/a> )<\/li>\n\n\n\n<li><strong>MANTY\u00b4S<\/strong><\/li>\n\n\n\n<li><strong>ZU CEVICHE AND GRILL<\/strong>&nbsp; &#8211; jedna z kvalitn\u00fdch Dominik\u00e1naskch re\u0161taur\u00e1cii,  kde dom\u00e1ci pon\u00fakaj\u00fa a pripravia tak lahodn\u00fa rybu, \u017ee u\u017e nikdy nebudete chcie\u0165 jes\u0165 in\u00fa \ud83d\ude42 (<a href=\"https:\/\/g.page\/zu-ceviche-and-grill?share\">https:\/\/g.page\/zu-ceviche-and-grill?share<\/a> )<\/li>\n\n\n\n<li><strong>LUIS RESTAURANT COSON<\/strong> &#8211; t\u00fato som u\u017e spom\u00ednala v \u010dl\u00e1nku o <a href=\"https:\/\/dospocolocos.com\/guide\/regions\/samana_peninsula\/las_terrenas\/beaches\/playa_coson\/\" data-type=\"page\" data-id=\"353\">pl\u00e1\u017ei Coson<\/a><\/li>\n\n\n\n<li><strong>DONDE VALERIO COSON<\/strong><\/li>\n<\/ul>\n\n\n\n<h3 class=\"wp-block-heading\">Bary<\/h3>\n\n\n\n<ul class=\"wp-block-list\">\n<li><strong>ETNO BEACH BAR<\/strong> &#8211; nov\u00fd projekt pri pl\u00e1\u017ei <a href=\"https:\/\/dospocolocos.com\/guide\/regions\/samana_peninsula\/las_terrenas\/beaches\/playa_las_terrenas\/\" data-type=\"page\" data-id=\"419\">Las Terrenas,<\/a> v centre mesta,  ur\u010dite sa tu stavte, \u010di u\u017e na drink, jedlo alebo ve\u010dern\u00fa p\u00e1rty. Kr\u00e1sne a modern\u00e9 karibsk\u00e9 prostredie, mil\u00fd, ochotn\u00fd a anglicky hovoriaci person\u00e1l, \u0161irok\u00fd v\u00fdber long aj short drinkov, k\u00e1va, rumy no proste na \u010dokolvek si spomeniete. Ka\u017ed\u00fd v\u00edkend maj\u00fa pripraven\u00fd program s live Dj &#8211; o z\u00e1bavu ale aj super posedenie s priate\u013emi m\u00e1te postaran\u00e9 !  (<a href=\"https:\/\/goo.gl\/maps\/aQJoYDcaaPxyzHVM8\">https:\/\/goo.gl\/maps\/aQJoYDcaaPxyzHVM8<\/a> )<\/li>\n\n\n\n<li><strong>EL MOSQUITO<\/strong> &#8211; ako som u\u017e spom\u00ednala vy\u0161\u0161ie, tieto podniky mus\u00edte bezpoch\u00fdb pote\u0161i\u0165 svojou n\u00e1v\u0161tevou \ud83d\ude42\n<ul class=\"wp-block-list\">\n<li><strong>LAS TERRENAS<\/strong><\/li>\n\n\n\n<li><strong>BONITA<\/strong><\/li>\n\n\n\n<li><strong>EL PORTILLO<\/strong><\/li>\n<\/ul>\n<\/li>\n\n\n\n<li><strong>EL LORO, LAS BALLENAS<\/strong> &#8211; patriaci k hotelu Alisei, n\u00e1dhern\u00fd beachbar, s leh\u00e1tkami, stoli\u010dkami a vakmi  na sedenie &#8211; cez de\u0148 super miesto na beach day a opa\u013eovanie, v noci zas party beach club, live Dj a skvel\u00e1 z\u00e1bava &#8211; my sme tu tr\u00e1vili Silvester a mus\u00edm poveda\u0165, \u017ee skvel\u00fd z\u00e1\u017eitok<\/li>\n\n\n\n<li><strong>EL KIOSKO DE HOTEL (HOTEL COLIBRI<\/strong>) &#8211; klasick\u00fd pl\u00e1\u017eov\u00fd bar, kde dostanete n\u00e1poje od v\u00fdmyslu sveta a aj nie\u010do pod zub, takisto si m\u00f4\u017eete pochutna\u0165 na grilovan\u00fdch \u0161pecialit\u00e1ch <\/li>\n\n\n\n<li><strong>SO BEACH, BONITA<\/strong> &#8211; na konci pl\u00e1\u017ee Playa Bonita, na Bonite m\u00f4j najob\u013e\u00fabenej\u0161\u00ed beach bar (ale dostanete tu aj najes\u0165), prostredie, dizajn, oblusha a skvel\u00e9 z\u00e1kusky ! Neob\u00ed\u010fte t\u00fato n\u00e1dheru \ud83d\ude42 <\/li>\n<\/ul>\n\n\n\n<h3 class=\"wp-block-heading\">Kaviarne, zmrzlin\u00e1rne, dobroty<\/h3>\n\n\n\n<ul class=\"wp-block-list\">\n<li><strong>TROPIK BOWL<\/strong> &#8211; miesto, kde pripravuj\u00fa skvel\u00e9 ra\u0148ajky, \u010di snacky po\u010das d\u0148a ( <a href=\"https:\/\/goo.gl\/maps\/CoTusaJeRCrumX6x8\">https:\/\/goo.gl\/maps\/CoTusaJeRCrumX6x8<\/a> )<\/li>\n\n\n\n<li><strong>PUNTO ITALIA<\/strong> &#8211; talianska kaviarni\u010dka v strede hotela Puerto Plaza s minimarketom, kde m\u00f4\u017ete k\u00fapi\u0165 prav\u00e9 talianske \u0161peciality. No a samozrejme tu dostanete najlep\u0161\u00ed Aperol Spritz a skvel\u00fa k\u00e1vu od Illy &#8211; moja najob\u013e\u00fabenej\u0161ia kaviare\u0148, (<a href=\"https:\/\/goo.gl\/maps\/L6ictwbM2KBkgghp9\">https:\/\/goo.gl\/maps\/L6ictwbM2KBkgghp9<\/a> )<\/li>\n\n\n\n<li><strong>LA PANERIA ITALIAN BAKERY <\/strong> &#8211; talianska kaiare\u0148, nezabudnite si tu da\u0165 \u010dokol\u00e1dov\u00fd croissant, ktor\u00fd si tu vlastnoru\u010dne pe\u010d\u00fa &#8211; z\u00e1vislos\u0165 !( <a href=\"https:\/\/g.page\/la-paneria-italian-bakery?share\">https:\/\/g.page\/la-paneria-italian-bakery?share<\/a> )<\/li>\n\n\n\n<li><strong>HELADOS BON YOGEN FRUZ<\/strong> -zmrzlin\u00e1re\u0148 (<a href=\"https:\/\/goo.gl\/maps\/k4tBnAMUJrRybeEu9\">https:\/\/goo.gl\/maps\/k4tBnAMUJrRybeEu9<\/a> )<\/li>\n\n\n\n<li><strong>EL PAN DE ANTES<\/strong><\/li>\n\n\n\n<li><strong>BOULANGERIE JEAN<\/strong><\/li>\n\n\n\n<li><strong>SCOOP<\/strong><\/li>\n\n\n\n<li><strong>LA FRAGONETA<\/strong> &#8211; stra\u0161ne mil\u00e1 kaviarni\u010dka po ceste na Punta Poppy. Recenziu o La Fragonete sa n\u00e1jdete medzi na\u0161imi blogmi na tomto <a href=\"https:\/\/dospocolocos.com\/blogs\/places_we_visited\/la_fragoneta\/\" data-type=\"post\" data-id=\"965\">LINKu<\/a>. -( <a href=\"https:\/\/goo.gl\/maps\/hM6RU3NFeB58FoAg8\" target=\"_blank\" rel=\"noreferrer noopener\">https:\/\/goo.gl\/maps\/hM6RU3NFeB58FoAg8<\/a>)<\/li>\n<\/ul>\n\n\n\n<h3 class=\"wp-block-heading\">Diskot\u00e9ky a kluby<\/h3>\n\n\n\n<ul class=\"wp-block-list\">\n<li><strong>BABYLON<\/strong><\/li>\n\n\n\n<li><strong>ETNO BEACH BAR<\/strong><\/li>\n\n\n\n<li><strong>EL LORO<\/strong><\/li>\n\n\n\n<li><strong>IMAGINATE<\/strong><\/li>\n\n\n\n<li><strong>EL PUEBLO<\/strong><\/li>\n<\/ul>\n\n\n\n<iframe src=\"https:\/\/www.google.com\/maps\/d\/u\/0\/embed?mid=1CdxHfnaqVmZ6h9J8ESDjPgPFe9d1mklO&amp;ehbc=2E312F\" width=\"640\" height=\"480\"><\/iframe>\n","protected":false},"excerpt":{"rendered":"<p>Re\u0161taur\u00e1cie, bary, kaviarne, kluby Re\u0161taur\u00e1cie Bary Kaviarne, zmrzlin\u00e1rne, dobroty Diskot\u00e9ky a kluby<\/p>\n","protected":false},"author":1,"featured_media":0,"parent":285,"menu_order":0,"comment_status":"closed","ping_status":"closed","template":"","meta":{"footnotes":""},"class_list":["post-294","page","type-page","status-publish","hentry"],"_links":{"self":[{"href":"https:\/\/dospocolocos.com\/cz\/wp-json\/wp\/v2\/pages\/294","targetHints":{"allow":["GET"]}}],"collection":[{"href":"https:\/\/dospocolocos.com\/cz\/wp-json\/wp\/v2\/pages"}],"about":[{"href":"https:\/\/dospocolocos.com\/cz\/wp-json\/wp\/v2\/types\/page"}],"author":[{"embeddable":true,"href":"https:\/\/dospocolocos.com\/cz\/wp-json\/wp\/v2\/users\/1"}],"replies":[{"embeddable":true,"href":"https:\/\/dospocolocos.com\/cz\/wp-json\/wp\/v2\/comments?post=294"}],"version-history":[{"count":39,"href":"https:\/\/dospocolocos.com\/cz\/wp-json\/wp\/v2\/pages\/294\/revisions"}],"predecessor-version":[{"id":2069,"href":"https:\/\/dospocolocos.com\/cz\/wp-json\/wp\/v2\/pages\/294\/revisions\/2069"}],"up":[{"embeddable":true,"href":"https:\/\/dospocolocos.com\/cz\/wp-json\/wp\/v2\/pages\/285"}],"wp:attachment":[{"href":"https:\/\/dospocolocos.com\/cz\/wp-json\/wp\/v2\/media?parent=294"}],"curies":[{"name":"wp","href":"https:\/\/api.w.org\/{rel}","templated":true}]}}