{"id":285,"date":"2022-02-26T15:02:49","date_gmt":"2022-02-26T19:02:49","guid":{"rendered":"https:\/\/dospocolocos.com\/?page_id=285"},"modified":"2023-12-18T12:03:47","modified_gmt":"2023-12-18T16:03:47","slug":"las_terrenas","status":"publish","type":"page","link":"https:\/\/dospocolocos.com\/cz\/guide\/regions\/samana_peninsula\/las_terrenas\/","title":{"rendered":"Las Terrenas"},"content":{"rendered":"\n<div class=\"wp-block-cover aligncenter is-light\"><span aria-hidden=\"true\" class=\"wp-block-cover__background has-background-dim-0 has-background-dim\"><\/span><img decoding=\"async\" width=\"2560\" height=\"1920\" class=\"wp-block-cover__image-background wp-image-432\" alt=\"\" src=\"https:\/\/dospocolocos.com\/wp-content\/uploads\/2022\/03\/IMG_1477-2-scaled.jpg\" style=\"object-position:51% 81%\" data-object-fit=\"cover\" data-object-position=\"51% 81%\" srcset=\"https:\/\/dospocolocos.com\/wp-content\/uploads\/2022\/03\/IMG_1477-2-scaled.jpg 2560w, https:\/\/dospocolocos.com\/wp-content\/uploads\/2022\/03\/IMG_1477-2-300x225.jpg 300w, https:\/\/dospocolocos.com\/wp-content\/uploads\/2022\/03\/IMG_1477-2-1024x768.jpg 1024w, https:\/\/dospocolocos.com\/wp-content\/uploads\/2022\/03\/IMG_1477-2-768x576.jpg 768w, https:\/\/dospocolocos.com\/wp-content\/uploads\/2022\/03\/IMG_1477-2-1536x1152.jpg 1536w, https:\/\/dospocolocos.com\/wp-content\/uploads\/2022\/03\/IMG_1477-2-2048x1536.jpg 2048w, https:\/\/dospocolocos.com\/wp-content\/uploads\/2022\/03\/IMG_1477-2-16x12.jpg 16w, https:\/\/dospocolocos.com\/wp-content\/uploads\/2022\/03\/IMG_1477-2-387x290.jpg 387w\" sizes=\"(max-width: 2560px) 100vw, 2560px\" \/><div class=\"wp-block-cover__inner-container is-layout-flow wp-block-cover-is-layout-flow\">\n<p class=\"has-text-align-center has-large-font-size\"><\/p>\n<\/div><\/div>\n\n\n\n<p>Las Terrenas je mal\u00e9 mesto situovan\u00e9 na severe Dominik\u00e1nskej republiky v provincii Saman\u00e1. Jeho vznik sa datuje do roku 1946. Vtedaj\u0161\u00ed prezident nariadil presun chudobn\u00fdch obyvate\u013eov z hlavn\u00e9ho mesta Santo Domingo sem, na sever krajiny, kde sa z nich stali ro\u013en\u00edci a ryb\u00e1ri. Las Terrenas je teda zn\u00e1me aj ako mesto ryb\u00e1rov. Zauj\u00edmav\u00fd je aj fakt, \u017ee do roku 1994 tu nebola zaveden\u00e1 ani elektrina a dosta\u0165 sa sem bolo celkom dobrodru\u017estvo. Cesta, ktor\u00e1 sem toti\u017e viedla cez Sanch\u00e9z, bola spojazdnen\u00e1 a\u017e v roku 1989, \u010di\u017ee mesto a jeho obyvatelia boli do tohto momentu od zvy\u0161ku krajiny \u00faplne izolovan\u00ed.Celkovo bola provincia Saman\u00e1 zn\u00e1ma od 17. storo\u010dia, a to najm\u00e4 preto, lebo tu Anglicko obchodvalo s otrokmi. Dnes s\u00fa \u013eudia v tejto provincii spojen\u00edm Taino, \u0161panielskych, z\u00e1padoindick\u00fdch a africk\u00fdch otrokov.<\/p>\n\n\n\n<p>Ke\u010f odbo\u010d\u00edm od hist\u00f3rie, dne\u0161n\u00e9 Las Terrenas je pova\u017eovan\u00e9 za najviac Eur\u00f3psky orientovan\u00e9 mesto. Je tu ve\u013emi ve\u013ea Franc\u00fazov a Talianov, ktor\u00ed si sem presunuli nie len svoje obydlia ale aj biznis. N\u00e1jdete tu nespo\u010detne ve\u013ea kr\u00e1snych re\u0161taur\u00e1cii a barov, ktor\u00e9 s\u00fa presne tak\u00e9, na ak\u00e9 sme zvyknut\u00ed doma.<\/p>\n\n\n<div class=\"wp-block-image is-resized\">\n<figure class=\"aligncenter size-large\"><img decoding=\"async\" width=\"1024\" height=\"768\" src=\"https:\/\/dospocolocos.com\/wp-content\/uploads\/2022\/03\/IMG_7153-1024x768.jpg\" alt=\"\" class=\"wp-image-441\" srcset=\"https:\/\/dospocolocos.com\/wp-content\/uploads\/2022\/03\/IMG_7153-1024x768.jpg 1024w, https:\/\/dospocolocos.com\/wp-content\/uploads\/2022\/03\/IMG_7153-300x225.jpg 300w, https:\/\/dospocolocos.com\/wp-content\/uploads\/2022\/03\/IMG_7153-768x576.jpg 768w, https:\/\/dospocolocos.com\/wp-content\/uploads\/2022\/03\/IMG_7153-16x12.jpg 16w, https:\/\/dospocolocos.com\/wp-content\/uploads\/2022\/03\/IMG_7153-387x290.jpg 387w, https:\/\/dospocolocos.com\/wp-content\/uploads\/2022\/03\/IMG_7153.jpg 1504w\" sizes=\"(max-width: 1024px) 100vw, 1024px\" \/><\/figure>\n<\/div>\n\n\n<p>Hovor\u00ed sa, \u017ee cel\u00e1 Saman\u00e1 m\u00e1 to\u013eko paliem, ko\u013eko je dokopy na celom ostrove. A je to pravda, u\u017e pri pr\u00edchode sem, z v\u00fdhliadky Mirador Coson, uvid\u00edte tu n\u00e1dheru. V Las Terrenas si pr\u00edde na svoje ka\u017ed\u00fd milovn\u00edk kr\u00e1snej pr\u00edrody a ka\u017ed\u00fd kto tu bol v\u00e1m prik\u00fdvne, \u017ee tu za\u017eijete prav\u00fd Karibik. <\/p>\n\n\n<div class=\"wp-block-image is-resized\">\n<figure class=\"aligncenter size-large\"><img decoding=\"async\" width=\"1024\" height=\"766\" src=\"https:\/\/dospocolocos.com\/wp-content\/uploads\/2022\/03\/IMG_7152-1024x766.jpg\" alt=\"\" class=\"wp-image-437\" srcset=\"https:\/\/dospocolocos.com\/wp-content\/uploads\/2022\/03\/IMG_7152-1024x766.jpg 1024w, https:\/\/dospocolocos.com\/wp-content\/uploads\/2022\/03\/IMG_7152-300x225.jpg 300w, https:\/\/dospocolocos.com\/wp-content\/uploads\/2022\/03\/IMG_7152-768x575.jpg 768w, https:\/\/dospocolocos.com\/wp-content\/uploads\/2022\/03\/IMG_7152-16x12.jpg 16w, https:\/\/dospocolocos.com\/wp-content\/uploads\/2022\/03\/IMG_7152-387x290.jpg 387w, https:\/\/dospocolocos.com\/wp-content\/uploads\/2022\/03\/IMG_7152.jpg 1296w\" sizes=\"(max-width: 1024px) 100vw, 1024px\" \/><\/figure>\n<\/div>\n\n\n<p><\/p>\n\n\n<div class=\"wp-block-image is-resized\">\n<figure class=\"aligncenter size-large\"><img decoding=\"async\" width=\"1024\" height=\"576\" src=\"https:\/\/dospocolocos.com\/wp-content\/uploads\/2022\/03\/IMG_7579-1024x576.jpg\" alt=\"\" class=\"wp-image-434\"\/><\/figure>\n<\/div>\n\n\n<h2 class=\"wp-block-heading has-text-align-left\" style=\"font-style:italic;font-weight:500\"><strong><a href=\"https:\/\/dospocolocos.com\/guide\/regions\/samana_peninsula\/las_terrenas\/beaches\/\" data-type=\"page\" data-id=\"290\">Pl\u00e1\u017ee<\/a><\/strong><\/h2>\n\n\n\n<div class=\"grid-plus-container grid-69dee9062c404 page \"\n     id=\"69dee9062c404\"\n     data-grid-name=\"cities-LT_playas_small_grid\"\n     data-animation=\"zoomIn\">\n    <div class=\"grid-stack-container grid-plus-inner\"\n         data-ajax-url=\"https:\/\/dospocolocos.com\/wp-admin\/admin-ajax.php\"\n         data-grid-id=\"62275a1e5d3f8\"\n         data-current-category=\"\"\n         data-section-id=\"69dee9062c404\"\n         data-gutter=\"5\"\n         data-columns=\"3\"\n         data-height-ratio=\"1\"\n         data-width-ratio=\"1\"\n         data-desktop-columns=\"3\"\n         data-tablet-columns=\"2\"\n         data-mobile-columns=\"1\"\n         data-layout-type=\"grid\"\n         data-fix-item-height=\"false\"\n         data-nonce=\"e6692cacf7\"\n    >\n        \n        <div class=\"grid-stack grid-stack-3\" data-layout=\"grid\"\n             style=\"height: 2380px\">\n        <\/div>\n        <div class=\"grid-items\">\n                            <div class=\"item\" data-gs-x=\"0\"\n                     data-gs-y=\"0\"\n                     data-gs-width=\"1\"\n                     data-gs-height=\"53\"\n                     data-skin=\"thumbnail-title-excerpt\"\n\n                     data-desktop-gs-x=\"0\"\n                     data-desktop-gs-y=\"0\"\n                     data-desktop-gs-width=\"1\"\n                     data-desktop-gs-height=\"53\"\n                     data-desktop-skin=\"thumbnail-title-excerpt\"\n\n                     data-image-width=\"2560\"\n                     data-image-height=\"1920\"\n                >\n                    <div class=\"grid-post-item thumbnail\" data-thumbnail-only=\"1\">\n    <div class=\"thumbnail-image\" data-img=\"https:\/\/dospocolocos.com\/wp-content\/uploads\/2022\/03\/IMG_9269-scaled.jpg\">\n                    <img decoding=\"async\" src=\"https:\/\/dospocolocos.com\/wp-content\/uploads\/2022\/03\/IMG_9269-scaled.jpg\" alt=\"Playa Bonita\" >\n                <div class=\"hover-outer transition-30\">\n                            <a href=\"https:\/\/dospocolocos.com\/cz\/guide\/regions\/samana_peninsula\/las_terrenas\/beaches\/playa_bonita\/\" title=\"Playa Bonita\"><\/a>\n                        <div class=\"hover-inner transition-50\">\n                                    <div class=\"title\">\n                                                    <a href=\"https:\/\/dospocolocos.com\/cz\/guide\/regions\/samana_peninsula\/las_terrenas\/beaches\/playa_bonita\/\" title=\"Playa Bonita\">Playa Bonita<\/a>\n                                            <\/div>\n                                                    <div class=\"excerpt\">Playa Bonita Skuto\u010dne Bonita ! A jedna z mojich najob\u013e\u00fabenej\u0161\u00edch pl\u00e1\u017e\u00ed. Playa Bonita v\u00e1s u\u017e hne\u010f pri vstupe vtiahne do svojej n\u00e1dhery. Nie je to &hellip;<\/div>\n                            <\/div>\n        <\/div>\n    <\/div>\n<\/div>\n                <\/div>\n                                <div class=\"item\" data-gs-x=\"1\"\n                     data-gs-y=\"0\"\n                     data-gs-width=\"1\"\n                     data-gs-height=\"53\"\n                     data-skin=\"thumbnail-title-excerpt\"\n\n                     data-desktop-gs-x=\"1\"\n                     data-desktop-gs-y=\"0\"\n                     data-desktop-gs-width=\"1\"\n                     data-desktop-gs-height=\"53\"\n                     data-desktop-skin=\"thumbnail-title-excerpt\"\n\n                     data-image-width=\"500\"\n                     data-image-height=\"374\"\n                >\n                    <div class=\"grid-post-item thumbnail\" data-thumbnail-only=\"1\">\n    <div class=\"thumbnail-image\" data-img=\"https:\/\/dospocolocos.com\/wp-content\/uploads\/2022\/03\/IMG_20210311_181145-e1646702830947.jpg\">\n                    <img decoding=\"async\" src=\"https:\/\/dospocolocos.com\/wp-content\/uploads\/2022\/03\/IMG_20210311_181145-e1646702830947.jpg\" alt=\"Playa Coson\" >\n                <div class=\"hover-outer transition-30\">\n                            <a href=\"https:\/\/dospocolocos.com\/cz\/guide\/regions\/samana_peninsula\/las_terrenas\/beaches\/playa_coson\/\" title=\"Playa Coson\"><\/a>\n                        <div class=\"hover-inner transition-50\">\n                                    <div class=\"title\">\n                                                    <a href=\"https:\/\/dospocolocos.com\/cz\/guide\/regions\/samana_peninsula\/las_terrenas\/beaches\/playa_coson\/\" title=\"Playa Coson\">Playa Coson<\/a>\n                                            <\/div>\n                                                    <div class=\"excerpt\">Playa Coson Ve\u013emi dlh\u00e1, pomerne k\u013eudn\u00e1 pl\u00e1\u017e \u0165ahaj\u00faca sa od Playa Bonita a\u017e po koniec samotn\u00e9ho Las Terrenas. Celkovo, \u010dast Coson je viac-menej neob\u00fdvan\u00e1, resp. &hellip;<\/div>\n                            <\/div>\n        <\/div>\n    <\/div>\n<\/div>\n                <\/div>\n                                <div class=\"item\" data-gs-x=\"2\"\n                     data-gs-y=\"0\"\n                     data-gs-width=\"1\"\n                     data-gs-height=\"53\"\n                     data-skin=\"thumbnail-title-excerpt\"\n\n                     data-desktop-gs-x=\"2\"\n                     data-desktop-gs-y=\"0\"\n                     data-desktop-gs-width=\"1\"\n                     data-desktop-gs-height=\"53\"\n                     data-desktop-skin=\"thumbnail-title-excerpt\"\n\n                     data-image-width=\"1024\"\n                     data-image-height=\"766\"\n                >\n                    <div class=\"grid-post-item thumbnail\" data-thumbnail-only=\"1\">\n    <div class=\"thumbnail-image\" data-img=\"https:\/\/dospocolocos.com\/wp-content\/uploads\/2022\/03\/IMG_20210312_135950-e1646952200335.jpg\">\n                    <img decoding=\"async\" src=\"https:\/\/dospocolocos.com\/wp-content\/uploads\/2022\/03\/IMG_20210312_135950-e1646952200335.jpg\" alt=\"Playa El Moron\" >\n                <div class=\"hover-outer transition-30\">\n                            <a href=\"https:\/\/dospocolocos.com\/cz\/guide\/regions\/samana_peninsula\/las_terrenas\/beaches\/playa_el_moron\/\" title=\"Playa El Moron\"><\/a>\n                        <div class=\"hover-inner transition-50\">\n                                    <div class=\"title\">\n                                                    <a href=\"https:\/\/dospocolocos.com\/cz\/guide\/regions\/samana_peninsula\/las_terrenas\/beaches\/playa_el_moron\/\" title=\"Playa El Moron\">Playa El Moron<\/a>\n                                            <\/div>\n                                                    <div class=\"excerpt\">Playa El Moron T\u00fato pl\u00e1\u017e by ste mali rozhodne nav\u0161t\u00edvi\u0165. Je vzdialen\u00e1 pribli\u017ene 20 km od mesta, smerom na El Limon. N\u00e1v\u0161teva tejto pl\u00e1\u017ee je &hellip;<\/div>\n                            <\/div>\n        <\/div>\n    <\/div>\n<\/div>\n                <\/div>\n                        <\/div>\n\n        <div class=\"grid-paging-navigation-wrap text-center\">\n    <div class=\"grid-paging-navigation clearfix\" data-section-id=\"69dee9062c404\">\n        <span aria-current=\"page\" class=\"page-numbers current\"><span >1<\/span><\/span>\n<a class=\"page-numbers\" href=\"https:\/\/dospocolocos.com\/cz\/wp-json\/wp\/v2\/pages\/285\/page\/2\/\"><span >2<\/span><\/a>\n<a class=\"page-numbers\" href=\"https:\/\/dospocolocos.com\/cz\/wp-json\/wp\/v2\/pages\/285\/page\/3\/\"><span >3<\/span><\/a>\n<a class=\"next page-numbers\" href=\"https:\/\/dospocolocos.com\/cz\/wp-json\/wp\/v2\/pages\/285\/page\/2\/\"><span >\u010eal\u0161ie<i class=\"fa fa-angle-right\"><\/i><\/span><\/a>    <\/div>\n<\/div>\n    <\/div>\n<\/div>\n\n\n\n\n<h2 class=\"wp-block-heading has-text-align-left\" style=\"font-style:italic;font-weight:500\"><strong><a href=\"https:\/\/dospocolocos.com\/guide\/regions\/samana_peninsula\/las_terrenas\/interesting_places\/\" data-type=\"page\" data-id=\"297\">Zauj\u00edmav\u00e9 miesta<\/a><\/strong><\/h2>\n\n\n\n<div class=\"grid-plus-container grid-69dee906372eb page \"\n     id=\"69dee906372eb\"\n     data-grid-name=\"cities-LT_places_small_grid\"\n     data-animation=\"zoomIn\">\n    <div class=\"grid-stack-container grid-plus-inner\"\n         data-ajax-url=\"https:\/\/dospocolocos.com\/wp-admin\/admin-ajax.php\"\n         data-grid-id=\"622793488e00f\"\n         data-current-category=\"\"\n         data-section-id=\"69dee906372eb\"\n         data-gutter=\"5\"\n         data-columns=\"3\"\n         data-height-ratio=\"1\"\n         data-width-ratio=\"1\"\n         data-desktop-columns=\"3\"\n         data-tablet-columns=\"2\"\n         data-mobile-columns=\"1\"\n         data-layout-type=\"grid\"\n         data-fix-item-height=\"false\"\n         data-nonce=\"e6692cacf7\"\n    >\n        \n        <div class=\"grid-stack grid-stack-3\" data-layout=\"grid\"\n             style=\"height: 2380px\">\n        <\/div>\n        <div class=\"grid-items\">\n                            <div class=\"item\" data-gs-x=\"0\"\n                     data-gs-y=\"0\"\n                     data-gs-width=\"1\"\n                     data-gs-height=\"53\"\n                     data-skin=\"thumbnail-title-excerpt\"\n\n                     data-desktop-gs-x=\"0\"\n                     data-desktop-gs-y=\"0\"\n                     data-desktop-gs-width=\"1\"\n                     data-desktop-gs-height=\"53\"\n                     data-desktop-skin=\"thumbnail-title-excerpt\"\n\n                     data-image-width=\"2236\"\n                     data-image-height=\"1355\"\n                >\n                    <div class=\"grid-post-item thumbnail\" data-thumbnail-only=\"1\">\n    <div class=\"thumbnail-image\" data-img=\"https:\/\/dospocolocos.com\/wp-content\/uploads\/2022\/03\/cayo-1.jpeg\">\n                    <img decoding=\"async\" src=\"https:\/\/dospocolocos.com\/wp-content\/uploads\/2022\/03\/cayo-1.jpeg\" alt=\"Ostrov Cayo Levantado\" >\n                <div class=\"hover-outer transition-30\">\n                            <a href=\"https:\/\/dospocolocos.com\/cz\/guide\/islands\/island_cayo_levantado\/\" title=\"Ostrov Cayo Levantado\"><\/a>\n                        <div class=\"hover-inner transition-50\">\n                                    <div class=\"title\">\n                                                    <a href=\"https:\/\/dospocolocos.com\/cz\/guide\/islands\/island_cayo_levantado\/\" title=\"Ostrov Cayo Levantado\">Ostrov Cayo Levantado<\/a>\n                                            <\/div>\n                                                    <div class=\"excerpt\">Ostrov Cayo Levantado Ke\u010fsi predstav\u00edte raj na zemi, ako by vyzeral ? V mojej hlave vyzer\u00e1 presne ako Cayo Levantado. Toto miesto je ako z &hellip;<\/div>\n                            <\/div>\n        <\/div>\n    <\/div>\n<\/div>\n                <\/div>\n                                <div class=\"item\" data-gs-x=\"1\"\n                     data-gs-y=\"0\"\n                     data-gs-width=\"1\"\n                     data-gs-height=\"53\"\n                     data-skin=\"thumbnail-title-excerpt\"\n\n                     data-desktop-gs-x=\"1\"\n                     data-desktop-gs-y=\"0\"\n                     data-desktop-gs-width=\"1\"\n                     data-desktop-gs-height=\"53\"\n                     data-desktop-skin=\"thumbnail-title-excerpt\"\n\n                     data-image-width=\"669\"\n                     data-image-height=\"446\"\n                >\n                    <div class=\"grid-post-item thumbnail\" data-thumbnail-only=\"1\">\n    <div class=\"thumbnail-image\" data-img=\"https:\/\/dospocolocos.com\/wp-content\/uploads\/2022\/03\/whales-1.jpeg\">\n                    <img decoding=\"async\" src=\"https:\/\/dospocolocos.com\/wp-content\/uploads\/2022\/03\/whales-1.jpeg\" alt=\"Velryby\" >\n                <div class=\"hover-outer transition-30\">\n                            <a href=\"https:\/\/dospocolocos.com\/cz\/guide\/regions\/samana_peninsula\/las_terrenas\/interesting_places\/whales\/\" title=\"Velryby\"><\/a>\n                        <div class=\"hover-inner transition-50\">\n                                    <div class=\"title\">\n                                                    <a href=\"https:\/\/dospocolocos.com\/cz\/guide\/regions\/samana_peninsula\/las_terrenas\/interesting_places\/whales\/\" title=\"Velryby\">Velryby<\/a>\n                                            <\/div>\n                                                    <div class=\"excerpt\">Velryby Ako u\u017e mnoh\u00ed viete, Samana pon\u00faka okrem v\u00fdletov po polostrove aj v\u00fdlety mimo neho. Jedn\u00fdm z nich je pozorovanie ve\u013er\u00fdb. \u00c1no, \u010d\u00edtate dobre. Ve\u013eryby. &hellip;<\/div>\n                            <\/div>\n        <\/div>\n    <\/div>\n<\/div>\n                <\/div>\n                                <div class=\"item\" data-gs-x=\"2\"\n                     data-gs-y=\"0\"\n                     data-gs-width=\"1\"\n                     data-gs-height=\"53\"\n                     data-skin=\"thumbnail-title-excerpt\"\n\n                     data-desktop-gs-x=\"2\"\n                     data-desktop-gs-y=\"0\"\n                     data-desktop-gs-width=\"1\"\n                     data-desktop-gs-height=\"53\"\n                     data-desktop-skin=\"thumbnail-title-excerpt\"\n\n                     data-image-width=\"2560\"\n                     data-image-height=\"1707\"\n                >\n                    <div class=\"grid-post-item thumbnail\" data-thumbnail-only=\"1\">\n    <div class=\"thumbnail-image\" data-img=\"https:\/\/dospocolocos.com\/wp-content\/uploads\/2022\/03\/IMG_3250-scaled.jpg\">\n                    <img decoding=\"async\" src=\"https:\/\/dospocolocos.com\/wp-content\/uploads\/2022\/03\/IMG_3250-scaled.jpg\" alt=\"Vodop\u00e1dy Cascada El Limon\" >\n                <div class=\"hover-outer transition-30\">\n                            <a href=\"https:\/\/dospocolocos.com\/cz\/guide\/regions\/samana_peninsula\/las_terrenas\/interesting_places\/cascada_el_limon\/\" title=\"Vodop\u00e1dy Cascada El Limon\"><\/a>\n                        <div class=\"hover-inner transition-50\">\n                                    <div class=\"title\">\n                                                    <a href=\"https:\/\/dospocolocos.com\/cz\/guide\/regions\/samana_peninsula\/las_terrenas\/interesting_places\/cascada_el_limon\/\" title=\"Vodop\u00e1dy Cascada El Limon\">Vodop\u00e1dy Cascada El Limon<\/a>\n                                            <\/div>\n                                                    <div class=\"excerpt\">Vodop\u00e1dy Cascada El Limon To, \u017ee Dominik\u00e1nska Republika je rozmanit\u00e1 krajina pln\u00e1 mo\u017enost\u00ed ako tr\u00e1vi\u0165 \u010das po\u010das va\u0161ej dovolenky u\u017e viete. V tomto \u010dl\u00e1nku sa &hellip;<\/div>\n                            <\/div>\n        <\/div>\n    <\/div>\n<\/div>\n                <\/div>\n                        <\/div>\n\n        <div class=\"grid-paging-navigation-wrap text-center\">\n    <div class=\"grid-paging-navigation clearfix\" data-section-id=\"69dee906372eb\">\n        <span aria-current=\"page\" class=\"page-numbers current\"><span >1<\/span><\/span>\n<a class=\"page-numbers\" href=\"https:\/\/dospocolocos.com\/cz\/wp-json\/wp\/v2\/pages\/285\/page\/2\/\"><span >2<\/span><\/a>\n<a class=\"next page-numbers\" href=\"https:\/\/dospocolocos.com\/cz\/wp-json\/wp\/v2\/pages\/285\/page\/2\/\"><span >\u010eal\u0161ie<i class=\"fa fa-angle-right\"><\/i><\/span><\/a>    <\/div>\n<\/div>\n    <\/div>\n<\/div>\n\n\n\n\n<h2 class=\"wp-block-heading\">Fotky<\/h2>\n\n\n<div class=\"sgdg-gallery-container\" data-sgdg-hash=\"12911d2a1e0025bdc0c49c39772f92e5c8fc11c02f86884a32e44a59e214bb3a\"><div class=\"sgdg-loading\"><div><\/div><\/div><\/div>","protected":false},"excerpt":{"rendered":"<p>Las Terrenas je mal\u00e9 mesto situovan\u00e9 na severe Dominik\u00e1nskej republiky v provincii Saman\u00e1. Jeho vznik sa datuje do roku 1946. Vtedaj\u0161\u00ed prezident nariadil presun chudobn\u00fdch &hellip;<\/p>\n","protected":false},"author":1,"featured_media":432,"parent":817,"menu_order":0,"comment_status":"closed","ping_status":"closed","template":"","meta":{"footnotes":""},"class_list":["post-285","page","type-page","status-publish","has-post-thumbnail","hentry"],"_links":{"self":[{"href":"https:\/\/dospocolocos.com\/cz\/wp-json\/wp\/v2\/pages\/285","targetHints":{"allow":["GET"]}}],"collection":[{"href":"https:\/\/dospocolocos.com\/cz\/wp-json\/wp\/v2\/pages"}],"about":[{"href":"https:\/\/dospocolocos.com\/cz\/wp-json\/wp\/v2\/types\/page"}],"author":[{"embeddable":true,"href":"https:\/\/dospocolocos.com\/cz\/wp-json\/wp\/v2\/users\/1"}],"replies":[{"embeddable":true,"href":"https:\/\/dospocolocos.com\/cz\/wp-json\/wp\/v2\/comments?post=285"}],"version-history":[{"count":55,"href":"https:\/\/dospocolocos.com\/cz\/wp-json\/wp\/v2\/pages\/285\/revisions"}],"predecessor-version":[{"id":2538,"href":"https:\/\/dospocolocos.com\/cz\/wp-json\/wp\/v2\/pages\/285\/revisions\/2538"}],"up":[{"embeddable":true,"href":"https:\/\/dospocolocos.com\/cz\/wp-json\/wp\/v2\/pages\/817"}],"wp:featuredmedia":[{"embeddable":true,"href":"https:\/\/dospocolocos.com\/cz\/wp-json\/wp\/v2\/media\/432"}],"wp:attachment":[{"href":"https:\/\/dospocolocos.com\/cz\/wp-json\/wp\/v2\/media?parent=285"}],"curies":[{"name":"wp","href":"https:\/\/api.w.org\/{rel}","templated":true}]}}