{"id":2348,"date":"2023-11-25T15:45:56","date_gmt":"2023-11-25T19:45:56","guid":{"rendered":"https:\/\/dospocolocos.com\/?page_id=2348"},"modified":"2024-01-13T19:03:58","modified_gmt":"2024-01-13T23:03:58","slug":"cayo_arena_paradise_island","status":"publish","type":"page","link":"https:\/\/dospocolocos.com\/cz\/guide\/islands\/cayo_arena_paradise_island\/","title":{"rendered":"Ostrov Cayo Arena (Paradise Island)"},"content":{"rendered":"\n<p>Malink\u00fd ostr\u016fvek, na kter\u00fd nezapomenete. P\u0159iplouv\u00e1 sem obrovsk\u00e9 mno\u017estv\u00ed turist\u016f a nen\u00ed se \u010demu divit. Barva oce\u00e1nu a p\u00edsku je a\u017e neuv\u011b\u0159iteln\u00e1 stejn\u011b jako v\u00fdhled na nedalek\u00e9 hory.<\/p>\n\n\n\n<p>Zde ka\u017ed\u00e1 fotka, kterou vyfot\u00edte, bude jak z Malediv. B\u00edl\u00fd p\u00edsek a a\u017e neuv\u011b\u0159iteln\u011b tyrkysov\u00e1 pr\u016fzra\u010dn\u00e1 voda pln\u00e1 \u017eivota, kor\u00e1l\u016f a ryb v\u00e1s ohrom\u00ed.<\/p>\n\n\n\n<p>Dostanete se sem pouze na lodi, nejl\u00e9pe z <strong>Punta Rucia<\/strong>, kde si domluv\u00edte cenu. V\u00fdlet n\u00e1m nab\u00edzelo, hned po cest\u011b, n\u011bkolik dominik\u00e1nc\u016f. Domluvili jsme se p\u0159edem na cen\u011b 4000 pesos za lo\u010f, v cen\u011b byl zahrnut poplatek 150 pesos na osobu ministerstvu \u017eivotn\u00edho prost\u0159ed\u00ed. Co\u017e n\u00e1m p\u0159i\u0161la rozumn\u00e1 cena kdy\u017e jsme pouze 2, ale v\u011b\u0159\u00edm \u017ee by se dala je\u0161t\u011b usmlouvat. <\/p>\n\n\n\n<p>Nastoupili jsme na lo\u010f, dostali plovac\u00ed vesty a vyrazili. Prvn\u00ed zast\u00e1vka byla v <strong>Piscina Natural<\/strong> (p\u0159\u00edrodn\u00ed baz\u00e9n), kde jsme m\u011bli mo\u017enost se vykoupat. Je zde n\u00e1dhern\u011b pr\u016fzra\u010dn\u00e1 voda d\u00edky m\u011bl\u010din\u011b a b\u00edl\u00e9mu p\u00edsku. <\/p>\n\n\n\n<p>Na\u0161im hlavn\u00edm c\u00edlem byla <strong>Cayo Arena<\/strong>. Kdy\u017e jsme k n\u00ed p\u0159iplouvali, bylo n\u00e1m hned jasn\u00e9 pro\u010d je ostrov tak obl\u00edben\u00fd. Je to malink\u00fd ostrov, kter\u00fd m\u011bn\u00ed svou velikost podle hladiny oce\u00e1nu. M\u016f\u017ee m\u00edt n\u011bkolik metr\u016f nebo b\u00fdt \u00fapln\u011b zatopen\u00fd. Je zde postaveno n\u011bkolik d\u0159ev\u011bn\u00fdch p\u0159\u00edst\u0159e\u0161k\u016f zaji\u0161\u0165uj\u00edc\u00edch st\u00edn. Po\u010det p\u0159\u00edst\u0159e\u0161k\u016f se m\u011bn\u00ed v pr\u016fb\u011bhu roku, renovuj\u00ed se a z\u00e1le\u017e\u00ed jak\u00e9 je zrovna obdob\u00ed. Proto najdete videa kde je 7 p\u0159\u00edst\u0159e\u0161k\u016f a my m\u00e1me na videu 3 a 1 zbo\u0159en\u00fd.<\/p>\n\n\n\n<p>Na tomto m\u00edst\u011b je pravidlem z\u016fst\u00e1vat 2 hodiny a vyu\u017e\u00edt je k \u0161norchlov\u00e1n\u00ed a focen\u00ed. Br\u00fdle i \u0161norchly jsme m\u011bli k dispozici, vzali jsme si i housky, p\u0159esto\u017ee je m\u011bl i n\u00e1\u0161 kapit\u00e1n. Po prvn\u00edm vhozen\u00ed drobe\u010dk\u016f se kolem za\u010daly objevovat hejna tropick\u00fdch barevn\u00fdch ryb. Kolem ostr\u016fvku se nach\u00e1z\u00ed kor\u00e1lov\u00e9 \u00fatesy, kter\u00e9 \u0161el Robert prozkoumat. N\u00e1\u0161 kapit\u00e1n n\u00e1m nab\u00eddl dokonce, \u017ee s n\u00edm nato\u010d\u00ed video. J\u00e1 v\u0161e pozorovala z ostr\u016fvku, bylo to opravdu mil\u00e9. <\/p>\n\n\n\n<p>Po dvou hodin\u00e1ch na ostrov\u011b jsme nasedli na lo\u010f a pokra\u010dovali na <strong>Mangrovy<\/strong>. Tento z\u00e1\u017eitek si u\u017eil v\u00edce Robert \ud83d\ude42 Kapit\u00e1n nam\u00ed\u0159il lo\u010f plnou parou do mangrovn\u00edkov\u00e9ho lesa, kde ne\u0161la vid\u011bt \u017e\u00e1dn\u00e1 cesta, j\u00e1 m\u011bla smrt v o\u010d\u00edch \ud83d\ude42  \u00dazk\u00e1 cesti\u010dka se odkryla na posledn\u00ed chv\u00edli a my se vno\u0159ili mezi ko\u0159eny a kmeny strom\u016f do lesa. Hned jsem pochopila, \u017ee kapit\u00e1n cestu zn\u00e1 i poslepu. Dozv\u011bd\u011bli jsme se, \u017ee les m\u00e1 o\u010distnou funkci a m\u00eds\u00ed se zde sladk\u00e1 voda se slanou. Projeli jsme celou trasu a vraceli se zp\u011bt na pevninu. <\/p>\n\n\n\n<h2 class=\"wp-block-heading\">Z\u00e1v\u011brem:<\/h2>\n\n\n\n<p>Cayo Arena je jedno z nejhez\u010d\u00edch m\u00edst na severn\u00edm pob\u0159e\u017e\u00ed. M\u00edsto je hodn\u011b nav\u0161t\u011bvovan\u00e9 a je lep\u0161\u00ed jet hned r\u00e1no. Pokud jsou velk\u00e9 vlny, nap\u0159\u00edklad po bou\u0159i, nikdo v\u00e1s tam neodveze a ani by jste si to neu\u017eili. \u010c\u00edm klidn\u011bj\u0161\u00ed voda bude, t\u00edm lep\u0161\u00ed podm\u00ednky pro \u0161norchlov\u00e1n\u00ed i pro pobyt na samotn\u00e9m ostr\u016fvku. N\u00e1poje a j\u00eddlo doporu\u010duji vz\u00edt s sebou a 1 housku nav\u00edc pro rybi\u010dky. Nama\u017ete se kr\u00e9mem s vysok\u00fdch ochrann\u00fdm faktorem (s ozna\u010den\u00edm Coral Friendly), vezm\u011bte si triko a pokr\u00fdvku hlavy. Cel\u00fd v\u00fdlet trval necel\u00e9 3 hodiny.<\/p>\n\n\n\n<h2 class=\"wp-block-heading\">Video<\/h2>\n\n\n\n<blockquote class=\"instagram-media\" data-instgrm-permalink=\"https:\/\/www.instagram.com\/reel\/C2C4qSML5nL\/?utm_source=ig_embed&amp;utm_campaign=loading\" data-instgrm-version=\"14\" style=\" background:#FFF; border:0; border-radius:3px; box-shadow:0 0 1px 0 rgba(0,0,0,0.5),0 1px 10px 0 rgba(0,0,0,0.15); margin: 1px; max-width:540px; min-width:326px; padding:0; width:99.375%; width:-webkit-calc(100% - 2px); width:calc(100% - 2px);\"><div style=\"padding:16px;\"> <a href=\"https:\/\/www.instagram.com\/reel\/C2C4qSML5nL\/?utm_source=ig_embed&amp;utm_campaign=loading\" style=\" background:#FFFFFF; line-height:0; padding:0 0; text-align:center; text-decoration:none; width:100%;\" target=\"_blank\" rel=\"noopener\"> <div style=\" display: flex; flex-direction: row; align-items: center;\"> <div style=\"background-color: #F4F4F4; border-radius: 50%; flex-grow: 0; height: 40px; margin-right: 14px; width: 40px;\"><\/div> <div style=\"display: flex; flex-direction: column; flex-grow: 1; justify-content: center;\"> <div style=\" background-color: #F4F4F4; border-radius: 4px; flex-grow: 0; height: 14px; margin-bottom: 6px; width: 100px;\"><\/div> <div style=\" background-color: #F4F4F4; border-radius: 4px; flex-grow: 0; height: 14px; width: 60px;\"><\/div><\/div><\/div><div style=\"padding: 19% 0;\"><\/div> <div style=\"display:block; height:50px; margin:0 auto 12px; width:50px;\"><svg width=\"50px\" height=\"50px\" viewBox=\"0 0 60 60\" version=\"1.1\" xmlns=\"https:\/\/www.w3.org\/2000\/svg\" xmlns:xlink=\"https:\/\/www.w3.org\/1999\/xlink\"><g stroke=\"none\" stroke-width=\"1\" fill=\"none\" fill-rule=\"evenodd\"><g transform=\"translate(-511.000000, -20.000000)\" fill=\"#000000\"><g><path d=\"M556.869,30.41 C554.814,30.41 553.148,32.076 553.148,34.131 C553.148,36.186 554.814,37.852 556.869,37.852 C558.924,37.852 560.59,36.186 560.59,34.131 C560.59,32.076 558.924,30.41 556.869,30.41 M541,60.657 C535.114,60.657 530.342,55.887 530.342,50 C530.342,44.114 535.114,39.342 541,39.342 C546.887,39.342 551.658,44.114 551.658,50 C551.658,55.887 546.887,60.657 541,60.657 M541,33.886 C532.1,33.886 524.886,41.1 524.886,50 C524.886,58.899 532.1,66.113 541,66.113 C549.9,66.113 557.115,58.899 557.115,50 C557.115,41.1 549.9,33.886 541,33.886 M565.378,62.101 C565.244,65.022 564.756,66.606 564.346,67.663 C563.803,69.06 563.154,70.057 562.106,71.106 C561.058,72.155 560.06,72.803 558.662,73.347 C557.607,73.757 556.021,74.244 553.102,74.378 C549.944,74.521 548.997,74.552 541,74.552 C533.003,74.552 532.056,74.521 528.898,74.378 C525.979,74.244 524.393,73.757 523.338,73.347 C521.94,72.803 520.942,72.155 519.894,71.106 C518.846,70.057 518.197,69.06 517.654,67.663 C517.244,66.606 516.755,65.022 516.623,62.101 C516.479,58.943 516.448,57.996 516.448,50 C516.448,42.003 516.479,41.056 516.623,37.899 C516.755,34.978 517.244,33.391 517.654,32.338 C518.197,30.938 518.846,29.942 519.894,28.894 C520.942,27.846 521.94,27.196 523.338,26.654 C524.393,26.244 525.979,25.756 528.898,25.623 C532.057,25.479 533.004,25.448 541,25.448 C548.997,25.448 549.943,25.479 553.102,25.623 C556.021,25.756 557.607,26.244 558.662,26.654 C560.06,27.196 561.058,27.846 562.106,28.894 C563.154,29.942 563.803,30.938 564.346,32.338 C564.756,33.391 565.244,34.978 565.378,37.899 C565.522,41.056 565.552,42.003 565.552,50 C565.552,57.996 565.522,58.943 565.378,62.101 M570.82,37.631 C570.674,34.438 570.167,32.258 569.425,30.349 C568.659,28.377 567.633,26.702 565.965,25.035 C564.297,23.368 562.623,22.342 560.652,21.575 C558.743,20.834 556.562,20.326 553.369,20.18 C550.169,20.033 549.148,20 541,20 C532.853,20 531.831,20.033 528.631,20.18 C525.438,20.326 523.257,20.834 521.349,21.575 C519.376,22.342 517.703,23.368 516.035,25.035 C514.368,26.702 513.342,28.377 512.574,30.349 C511.834,32.258 511.326,34.438 511.181,37.631 C511.035,40.831 511,41.851 511,50 C511,58.147 511.035,59.17 511.181,62.369 C511.326,65.562 511.834,67.743 512.574,69.651 C513.342,71.625 514.368,73.296 516.035,74.965 C517.703,76.634 519.376,77.658 521.349,78.425 C523.257,79.167 525.438,79.673 528.631,79.82 C531.831,79.965 532.853,80.001 541,80.001 C549.148,80.001 550.169,79.965 553.369,79.82 C556.562,79.673 558.743,79.167 560.652,78.425 C562.623,77.658 564.297,76.634 565.965,74.965 C567.633,73.296 568.659,71.625 569.425,69.651 C570.167,67.743 570.674,65.562 570.82,62.369 C570.966,59.17 571,58.147 571,50 C571,41.851 570.966,40.831 570.82,37.631\"><\/path><\/g><\/g><\/g><\/svg><\/div><div style=\"padding-top: 8px;\"> <div style=\" color:#3897f0; font-family:Arial,sans-serif; font-size:14px; font-style:normal; font-weight:550; line-height:18px;\">View this post on Instagram<\/div><\/div><div style=\"padding: 12.5% 0;\"><\/div> <div style=\"display: flex; flex-direction: row; margin-bottom: 14px; align-items: center;\"><div> <div style=\"background-color: #F4F4F4; border-radius: 50%; height: 12.5px; width: 12.5px; transform: translateX(0px) translateY(7px);\"><\/div> <div style=\"background-color: #F4F4F4; height: 12.5px; transform: rotate(-45deg) translateX(3px) translateY(1px); width: 12.5px; flex-grow: 0; margin-right: 14px; margin-left: 2px;\"><\/div> <div style=\"background-color: #F4F4F4; border-radius: 50%; height: 12.5px; width: 12.5px; transform: translateX(9px) translateY(-18px);\"><\/div><\/div><div style=\"margin-left: 8px;\"> <div style=\" background-color: #F4F4F4; border-radius: 50%; flex-grow: 0; height: 20px; width: 20px;\"><\/div> <div style=\" width: 0; height: 0; border-top: 2px solid transparent; border-left: 6px solid #f4f4f4; border-bottom: 2px solid transparent; transform: translateX(16px) translateY(-4px) rotate(30deg)\"><\/div><\/div><div style=\"margin-left: auto;\"> <div style=\" width: 0px; border-top: 8px solid #F4F4F4; border-right: 8px solid transparent; transform: translateY(16px);\"><\/div> <div style=\" background-color: #F4F4F4; flex-grow: 0; height: 12px; width: 16px; transform: translateY(-4px);\"><\/div> <div style=\" width: 0; height: 0; border-top: 8px solid #F4F4F4; border-left: 8px solid transparent; transform: translateY(-4px) translateX(8px);\"><\/div><\/div><\/div> <div style=\"display: flex; flex-direction: column; flex-grow: 1; justify-content: center; margin-bottom: 24px;\"> <div style=\" background-color: #F4F4F4; border-radius: 4px; flex-grow: 0; height: 14px; margin-bottom: 6px; width: 224px;\"><\/div> <div style=\" background-color: #F4F4F4; border-radius: 4px; flex-grow: 0; height: 14px; width: 144px;\"><\/div><\/div><\/a><p style=\" color:#c9c8cd; font-family:Arial,sans-serif; font-size:14px; line-height:17px; margin-bottom:0; margin-top:8px; overflow:hidden; padding:8px 0 7px; text-align:center; text-overflow:ellipsis; white-space:nowrap;\"><a href=\"https:\/\/www.instagram.com\/reel\/C2C4qSML5nL\/?utm_source=ig_embed&amp;utm_campaign=loading\" style=\" color:#c9c8cd; font-family:Arial,sans-serif; font-size:14px; font-style:normal; font-weight:normal; line-height:17px; text-decoration:none;\" target=\"_blank\" rel=\"noopener\">A post shared by Dos poco locos (@dos_poco_locos)<\/a><\/p><\/div><\/blockquote> <script async src=\"\/\/www.instagram.com\/embed.js\"><\/script>\n\n\n\n<h2 class=\"wp-block-heading\">Fotky<\/h2>\n\n\n<div class=\"sgdg-gallery-container\" data-sgdg-hash=\"4fe744302f9f1476845674bf2f317b1762d35d472eb9906cbb1da46f80a81a01\"><div class=\"sgdg-loading\"><div><\/div><\/div><\/div>\n\n\n<h2 class=\"wp-block-heading\">Mapa<\/h2>\n\n\n\n<iframe src=\"https:\/\/www.google.com\/maps\/embed?pb=!1m18!1m12!1m3!1d29123.818654087234!2d-71.28647994495063!3d19.858641272489983!2m3!1f0!2f0!3f0!3m2!1i1024!2i768!4f13.1!3m3!1m2!1s0x8eb170beb883f503%3A0x9edb80bb3c8a0c92!2sParadise%20Island!5e1!3m2!1ssk!2sdo!4v1705187008992!5m2!1ssk!2sdo\" width=\"500\" height=\"375\" style=\"border:0;\" allowfullscreen=\"\" loading=\"lazy\" referrerpolicy=\"no-referrer-when-downgrade\"><\/iframe>\n","protected":false},"excerpt":{"rendered":"<p>Malink\u00fd ostr\u016fvek, na kter\u00fd nezapomenete. P\u0159iplouv\u00e1 sem obrovsk\u00e9 mno\u017estv\u00ed turist\u016f a nen\u00ed se \u010demu divit. Barva oce\u00e1nu a p\u00edsku je a\u017e neuv\u011b\u0159iteln\u00e1 stejn\u011b jako v\u00fdhled &hellip;<\/p>\n","protected":false},"author":1,"featured_media":0,"parent":601,"menu_order":0,"comment_status":"closed","ping_status":"closed","template":"","meta":{"footnotes":""},"class_list":["post-2348","page","type-page","status-publish","hentry"],"_links":{"self":[{"href":"https:\/\/dospocolocos.com\/cz\/wp-json\/wp\/v2\/pages\/2348","targetHints":{"allow":["GET"]}}],"collection":[{"href":"https:\/\/dospocolocos.com\/cz\/wp-json\/wp\/v2\/pages"}],"about":[{"href":"https:\/\/dospocolocos.com\/cz\/wp-json\/wp\/v2\/types\/page"}],"author":[{"embeddable":true,"href":"https:\/\/dospocolocos.com\/cz\/wp-json\/wp\/v2\/users\/1"}],"replies":[{"embeddable":true,"href":"https:\/\/dospocolocos.com\/cz\/wp-json\/wp\/v2\/comments?post=2348"}],"version-history":[{"count":10,"href":"https:\/\/dospocolocos.com\/cz\/wp-json\/wp\/v2\/pages\/2348\/revisions"}],"predecessor-version":[{"id":2659,"href":"https:\/\/dospocolocos.com\/cz\/wp-json\/wp\/v2\/pages\/2348\/revisions\/2659"}],"up":[{"embeddable":true,"href":"https:\/\/dospocolocos.com\/cz\/wp-json\/wp\/v2\/pages\/601"}],"wp:attachment":[{"href":"https:\/\/dospocolocos.com\/cz\/wp-json\/wp\/v2\/media?parent=2348"}],"curies":[{"name":"wp","href":"https:\/\/api.w.org\/{rel}","templated":true}]}}