{"id":1061,"date":"2022-04-18T11:40:24","date_gmt":"2022-04-18T15:40:24","guid":{"rendered":"https:\/\/dospocolocos.com\/?page_id=1061"},"modified":"2023-10-26T20:03:37","modified_gmt":"2023-10-27T00:03:37","slug":"el_cabito","status":"publish","type":"page","link":"https:\/\/dospocolocos.com\/cz\/guide\/regions\/samana_peninsula\/las_galeras\/insteresting_places\/el_cabito\/","title":{"rendered":"El Cabito"},"content":{"rendered":"\n<p>Ke\u010f budete v Las Galeras, ur\u010dite na toto miesto z\u00e1jdite. El Cabito je v podstate &#8222;apart hotel&#8220; s re\u0161taur\u00e1ciou umiestnenou na \u00fatese. Toto spojenie re\u0161taur\u00e1cie s pr\u00edjemn\u00fdm poseden\u00edm na \u00fatese, s nekon\u010diacim v\u00fdh\u013eadom na oce\u00e1n, je nie\u010do, \u010do len tak hocikde nen\u00e1jdete. <\/p>\n\n\n\n<p>Cesta na El Cabito je pomerne krkolomn\u00e1, vzh\u013eadom na to \u017ee sa sem ide do kopca, kamenistou a neupravenou cestou. To by v\u00e1s v\u0161ak nemalo odradi\u0165, potrebujete len silnej\u0161ie auto a pevn\u00e9 ruky za volantom \ud83d\ude42. T\u00e1 cesta ur\u010dite stoj\u00ed za to. <\/p>\n\n\n\n<p>Mne osobne padla s\u00e1nka a mus\u00edm poveda\u0165, \u017ee kraj\u0161\u00ed z\u00e1pad slnka ako tu som e\u0161te nena\u017eila. Pohodlne sa usa\u010fte a u\u017eite si predstavenie. Nebudete \u013eutova\u0165, je to naozaj n\u00e1dhern\u00fd z\u00e1\u017eitok. <\/p>\n\n\n<div class=\"sgdg-gallery-container\" data-sgdg-hash=\"a936213aae780d12018726305ef96dde5e7bba7015a9cf6a5aee829ce55aef46\"><div class=\"sgdg-loading\"><div><\/div><\/div><\/div>","protected":false},"excerpt":{"rendered":"<p>Ke\u010f budete v Las Galeras, ur\u010dite na toto miesto z\u00e1jdite. El Cabito je v podstate &#8222;apart hotel&#8220; s re\u0161taur\u00e1ciou umiestnenou na \u00fatese. Toto spojenie re\u0161taur\u00e1cie &hellip;<\/p>\n","protected":false},"author":1,"featured_media":1090,"parent":392,"menu_order":0,"comment_status":"closed","ping_status":"closed","template":"","meta":{"footnotes":""},"class_list":["post-1061","page","type-page","status-publish","has-post-thumbnail","hentry"],"_links":{"self":[{"href":"https:\/\/dospocolocos.com\/cz\/wp-json\/wp\/v2\/pages\/1061","targetHints":{"allow":["GET"]}}],"collection":[{"href":"https:\/\/dospocolocos.com\/cz\/wp-json\/wp\/v2\/pages"}],"about":[{"href":"https:\/\/dospocolocos.com\/cz\/wp-json\/wp\/v2\/types\/page"}],"author":[{"embeddable":true,"href":"https:\/\/dospocolocos.com\/cz\/wp-json\/wp\/v2\/users\/1"}],"replies":[{"embeddable":true,"href":"https:\/\/dospocolocos.com\/cz\/wp-json\/wp\/v2\/comments?post=1061"}],"version-history":[{"count":3,"href":"https:\/\/dospocolocos.com\/cz\/wp-json\/wp\/v2\/pages\/1061\/revisions"}],"predecessor-version":[{"id":2025,"href":"https:\/\/dospocolocos.com\/cz\/wp-json\/wp\/v2\/pages\/1061\/revisions\/2025"}],"up":[{"embeddable":true,"href":"https:\/\/dospocolocos.com\/cz\/wp-json\/wp\/v2\/pages\/392"}],"wp:featuredmedia":[{"embeddable":true,"href":"https:\/\/dospocolocos.com\/cz\/wp-json\/wp\/v2\/media\/1090"}],"wp:attachment":[{"href":"https:\/\/dospocolocos.com\/cz\/wp-json\/wp\/v2\/media?parent=1061"}],"curies":[{"name":"wp","href":"https:\/\/api.w.org\/{rel}","templated":true}]}}