{"id":1053,"date":"2022-04-16T14:01:51","date_gmt":"2022-04-16T18:01:51","guid":{"rendered":"https:\/\/dospocolocos.com\/?page_id=1053"},"modified":"2023-10-26T20:00:05","modified_gmt":"2023-10-27T00:00:05","slug":"playa_rincon","status":"publish","type":"page","link":"https:\/\/dospocolocos.com\/cz\/guide\/regions\/samana_peninsula\/las_galeras\/beaches\/playa_rincon\/","title":{"rendered":"Playa Rincon"},"content":{"rendered":"\n<h2 class=\"wp-block-heading\">Playa Rincon<\/h2>\n\n\n\n<p>Dominanta polostrova Saman\u00e1 a jedna z najkraj\u0161\u00edch pl\u00e1\u017ei na svete sa nach\u00e1dza pr\u00e1ve v tu, v Dominik\u00e1nskej Republike &#8211; v Las Galeras. <\/p>\n\n\n\n<p>Playa Rincon je tak n\u00e1dhern\u00e1, \u017ee sa v\u00e1m z nej  nebude chcie\u0165 od\u00eds\u0165. Dokonalos\u0165 sama o sebe. Biely piesok, az\u00farove more a palmy &#8211; Karibik v pravom slova zmysle. Mohla by som pou\u017ei\u0165 v\u0161etky superlat\u00edvy a bolo a by to m\u00e1lo. Chod\u0165e a presved\u010dte sa samy. <\/p>\n\n\n\n<p>Na jej konci, vo v\u00fdchodnej \u010dasti n\u00e1jdete rieku s ve\u013emi studenou a osvie\u017euj\u00facou vodou &#8211; Ca\u00f1o Fr\u00edo, ktor\u00e1 si mysl\u00edm, \u017ee tie\u017e stoj\u00ed za n\u00e1v\u0161tevu &#8211; minim\u00e1lne sa v nej m\u00f4\u017eete poriadne osvie\u017ei\u0165 a u\u013eavi\u0165 tak hor\u00fa\u010dave, ktor\u00e1 bude denno-dennou s\u00fa\u010das\u0165ou po\u010das va\u0161ich ciest \ud83d\ude42. <\/p>\n\n\n<div class=\"sgdg-gallery-container\" data-sgdg-hash=\"2070b2fc4e599b5edc47aebf875e6d6f116156a3a233b66d63775a0563bb64b5\"><div class=\"sgdg-loading\"><div><\/div><\/div><\/div>","protected":false},"excerpt":{"rendered":"<p>Playa Rincon Dominanta polostrova Saman\u00e1 a jedna z najkraj\u0161\u00edch pl\u00e1\u017ei na svete sa nach\u00e1dza pr\u00e1ve v tu, v Dominik\u00e1nskej Republike &#8211; v Las Galeras. Playa &hellip;<\/p>\n","protected":false},"author":1,"featured_media":43,"parent":390,"menu_order":0,"comment_status":"closed","ping_status":"closed","template":"","meta":{"footnotes":""},"class_list":["post-1053","page","type-page","status-publish","has-post-thumbnail","hentry"],"_links":{"self":[{"href":"https:\/\/dospocolocos.com\/cz\/wp-json\/wp\/v2\/pages\/1053","targetHints":{"allow":["GET"]}}],"collection":[{"href":"https:\/\/dospocolocos.com\/cz\/wp-json\/wp\/v2\/pages"}],"about":[{"href":"https:\/\/dospocolocos.com\/cz\/wp-json\/wp\/v2\/types\/page"}],"author":[{"embeddable":true,"href":"https:\/\/dospocolocos.com\/cz\/wp-json\/wp\/v2\/users\/1"}],"replies":[{"embeddable":true,"href":"https:\/\/dospocolocos.com\/cz\/wp-json\/wp\/v2\/comments?post=1053"}],"version-history":[{"count":5,"href":"https:\/\/dospocolocos.com\/cz\/wp-json\/wp\/v2\/pages\/1053\/revisions"}],"predecessor-version":[{"id":2023,"href":"https:\/\/dospocolocos.com\/cz\/wp-json\/wp\/v2\/pages\/1053\/revisions\/2023"}],"up":[{"embeddable":true,"href":"https:\/\/dospocolocos.com\/cz\/wp-json\/wp\/v2\/pages\/390"}],"wp:featuredmedia":[{"embeddable":true,"href":"https:\/\/dospocolocos.com\/cz\/wp-json\/wp\/v2\/media\/43"}],"wp:attachment":[{"href":"https:\/\/dospocolocos.com\/cz\/wp-json\/wp\/v2\/media?parent=1053"}],"curies":[{"name":"wp","href":"https:\/\/api.w.org\/{rel}","templated":true}]}}