{"id":1041,"date":"2022-04-13T21:55:55","date_gmt":"2022-04-14T01:55:55","guid":{"rendered":"https:\/\/dospocolocos.com\/?page_id=1041"},"modified":"2023-10-26T20:51:10","modified_gmt":"2023-10-27T00:51:10","slug":"playa_el_valle","status":"publish","type":"page","link":"https:\/\/dospocolocos.com\/cz\/guide\/regions\/samana_peninsula\/samana\/playa_el_valle\/","title":{"rendered":"Playa El Valle"},"content":{"rendered":"\n<h2 class=\"wp-block-heading\">Playa El Valle<\/h2>\n\n\n\n<p>Pribli\u017ene 10 km severne od mesta Santa Barbara de Saman\u00e1, alebo 55 km od Las Terrenas n\u00e1jdete skryt\u00fa, \u013eudmi nie moc nenav\u0161tevovan\u00fa pl\u00e1\u017e El Valle. <\/p>\n\n\n\n<p>Zlatist\u00e1 pl\u00e1\u017e sa tiahne 4 km po pobre\u017e\u00ed a je obklopen\u00e1 listnat\u00fdm \u00fadol\u00edm a \u00fatesmi a zdobia ju ryb\u00e1rske \u010dlny. Ve\u013emi k\u013eudn\u00e9 a pokojn\u00e9 miesto v\u00e1s v\u0161ak ohrom\u00ed svojou ve\u013ekolepos\u0165ou, najme obrovsk\u00e9 kamenist\u00e9 \u00fatesy, kde si pr\u00eddete \u00faplne mali\u010dk\u00ed. Pokia\u013e si chcete dopria\u0165 odpo\u010dinok a obklopi\u0165 sa ni\u010d\u00edm neru\u0161en\u00fdm k\u013eudom, toto je zaru\u010denie miesto pre \u00fanik z ka\u017edodennej reality.<\/p>\n\n\n\n<p>Dostali ste hlad? Po vy\u010derp\u00e1vaj\u00facej ceste ho ur\u010dite ma\u0165 budete. No \u017eiaden strach, ve\u013emi pr\u00edjemn\u00ed dom\u00e1ci v\u00e1s s rados\u0165ou obsl\u00fa\u017eia a pripravia v\u00e1m chutn\u00e9, prav\u00e9 dominik\u00e1nske jedlo (napr\u00edklad ry\u017eu a kur\u010da  \ud83d\ude01, ale nebojte sa, naozaj to vedia). <\/p>\n\n\n\n<p>Pri k\u00fapan\u00ed sa dr\u017ete bl\u00edzko brehu, preto\u017ee El Valle m\u00e1 siln\u00e9 pr\u00fady, najm\u00e4 v zimnej sez\u00f3ne. Aj ke\u010f nepl\u00e1vate, je to \u00fa\u017easn\u00e9 miesto, kde si m\u00f4\u017eete vychutna\u0165 pr\u00edrodn\u00e9 kr\u00e1sy polostrova Saman\u00e1. <\/p>\n\n\n\n<p>U\u017eite si pokoj a n\u00e1dheru tejto pl\u00e1\u017ee, urobte si prech\u00e1dzku po celej jej d\u013a\u017eke &#8211; budete mat na \u010do pozera\u0165 \ud83d\ude42.<\/p>\n\n\n<div class=\"sgdg-gallery-container\" data-sgdg-hash=\"5a7e42761fa69532007e3c555489cc75afc8abdb729299d2f9c2d6a588aff1ea\"><div class=\"sgdg-loading\"><div><\/div><\/div><\/div>","protected":false},"excerpt":{"rendered":"<p>Playa El Valle Pribli\u017ene 10 km severne od mesta Santa Barbara de Saman\u00e1, alebo 55 km od Las Terrenas n\u00e1jdete skryt\u00fa, \u013eudmi nie moc nenav\u0161tevovan\u00fa &hellip;<\/p>\n","protected":false},"author":1,"featured_media":1113,"parent":898,"menu_order":0,"comment_status":"closed","ping_status":"closed","template":"","meta":{"footnotes":""},"class_list":["post-1041","page","type-page","status-publish","has-post-thumbnail","hentry"],"_links":{"self":[{"href":"https:\/\/dospocolocos.com\/cz\/wp-json\/wp\/v2\/pages\/1041","targetHints":{"allow":["GET"]}}],"collection":[{"href":"https:\/\/dospocolocos.com\/cz\/wp-json\/wp\/v2\/pages"}],"about":[{"href":"https:\/\/dospocolocos.com\/cz\/wp-json\/wp\/v2\/types\/page"}],"author":[{"embeddable":true,"href":"https:\/\/dospocolocos.com\/cz\/wp-json\/wp\/v2\/users\/1"}],"replies":[{"embeddable":true,"href":"https:\/\/dospocolocos.com\/cz\/wp-json\/wp\/v2\/comments?post=1041"}],"version-history":[{"count":2,"href":"https:\/\/dospocolocos.com\/cz\/wp-json\/wp\/v2\/pages\/1041\/revisions"}],"predecessor-version":[{"id":2047,"href":"https:\/\/dospocolocos.com\/cz\/wp-json\/wp\/v2\/pages\/1041\/revisions\/2047"}],"up":[{"embeddable":true,"href":"https:\/\/dospocolocos.com\/cz\/wp-json\/wp\/v2\/pages\/898"}],"wp:featuredmedia":[{"embeddable":true,"href":"https:\/\/dospocolocos.com\/cz\/wp-json\/wp\/v2\/media\/1113"}],"wp:attachment":[{"href":"https:\/\/dospocolocos.com\/cz\/wp-json\/wp\/v2\/media?parent=1041"}],"curies":[{"name":"wp","href":"https:\/\/api.w.org\/{rel}","templated":true}]}}