{"id":1035,"date":"2022-04-13T21:46:25","date_gmt":"2022-04-14T01:46:25","guid":{"rendered":"https:\/\/dospocolocos.com\/?page_id=1035"},"modified":"2023-10-26T22:41:05","modified_gmt":"2023-10-27T02:41:05","slug":"cascada_el_limon","status":"publish","type":"page","link":"https:\/\/dospocolocos.com\/cz\/guide\/regions\/samana_peninsula\/samana\/cascada_el_limon\/","title":{"rendered":"Vodop\u00e1dy Cascada El Limon"},"content":{"rendered":"\n<h2 class=\"wp-block-heading\">Vodop\u00e1dy Cascada El Limon<\/h2>\n\n\n\n<p class=\"has-text-align-left\">To, \u017ee Dominik\u00e1nska Republika je rozmanit\u00e1 krajina pln\u00e1 mo\u017enost\u00ed ako tr\u00e1vi\u0165 \u010das po\u010das va\u0161ej dovolenky u\u017e viete. V tomto \u010dl\u00e1nku sa do\u010d\u00edtate o mieste, ktor\u00e9 len potvrdzuje kr\u00e1su a pestros\u0165 tohto ostrova. <br>Re\u010d je o vodop\u00e1doch, ktor\u00e9 sa nach\u00e1dzaj\u00fa na polostrove Saman\u00e1, konkr\u00e9tnej\u0161ie v \u010dasti El Lim\u00f3n (vzdialen\u00e9 od Las Terrenas cca 20 km). Cascada El Lim\u00f3n alebo Salto el Lim\u00f3n je miesto, ktor\u00e9 v\u00e1s zaru\u010dene o\u010dar\u00ed. Po\u010fme vyrazi\u0165 ! <br><br><em>Vzdialenos\u0165: 20 km ~ 30 min (z Las Terrenas)<br>Cesta k vodop\u00e1dom: cca 3 km ~ 50min &#8211; 1hod<\/em><br><em>Obtia\u017enos\u0165: stredn\u00e1<\/em><br><em>Celkov\u00fd \u010das: cca 4hod (cesta, t\u00fara, ob\u010derstvenie, \u010das str\u00e1ven\u00fd na vodop\u00e1coch)<\/em><br><em>Ceny: <\/em><br><em>parkovanie &#8211;  200-300 RDS<\/em><br><em>vstup &#8211; 50 RDS\/osoba<\/em><br><em>sprievodca + cesta na ko\u0148och &#8211; cca 1000 -1200 RDS\/osoba<\/em><\/p>\n\n\n\n<p><\/p>\n\n\n\n<p>Po\u010d\u00edtajte s t\u00fdm, \u017ee v\u00fdlet na toto miesto je turistika. Potrebujete pevnej\u0161iu obuv &#8211; neodpor\u00fa\u010dala by som v\u00e1m \u00eds\u0165 v \u017eabk\u00e1ch a pod. (\u0161\u013eapky alebo sand\u00e1le si v\u0161ak priba\u013ete, cestou sa 3x prekra\u010duje rieka). <\/p>\n\n\n\n<p>K vodop\u00e1dom sa d\u00e1 dosta\u0165 dvoma cestami. Jedna je zo &#8222;zast\u00e1vky&#8220; Parada Manzana alebo zo &#8222;zast\u00e1vky&#8220; Parada Maria &amp; Miguel. &#8222;Zast\u00e1vka&#8220; som pou\u017eila preto, \u017ee sa jedn\u00e1 vlastne o parkovisko,  kde nech\u00e1te svoje auto\/motorku za mal\u00fd poplatok \/200-300 RDS\/ a odtia\u013e u\u017e pokra\u010dujete po svojich. My sme si vybrali druh\u00fa mo\u017enos\u0165. Mus\u00edm zmieni\u0165 majite\u013eov na Parada Maria &amp; Miguel &#8211; s\u00fa to ve\u013emi mil\u00ed a pr\u00edjemn\u00ed \u013eudia &#8211; Maria bola stra\u0161ne zlat\u00e1, radila n\u00e1m a vysvetlila, ako sa na miesto dostaneme, \u017ee sa nem\u00e1me neha\u0165 oklama\u0165 cenami sprievodcov at\u010f. Maria m\u00e1 vlastn\u00fa re\u0161taur\u00e1ciu a vie v\u00e1m sprostredkova\u0165 v\u00fdlet so sprievodcom, cestu na ko\u0148och, ob\u010derstvenie a obed. (<a href=\"https:\/\/www.instagram.com\/salto_el_limon_parada_maria\/\">https:\/\/www.instagram.com\/salto_el_limon_parada_maria\/<\/a>  ich instagram s kontaktom na \u0148u &#8211; v pr\u00edpade z\u00e1ujmu sa m\u00f4\u017ete dohodn\u00fa\u0165 priamo s \u0148ou &#8211; je to dom\u00e1ca, dohovor\u00edte sa len \u0161panielsky). <\/p>\n\n\n\n<p>Z parkoviska n\u00e1s Maria naviedla na cestu &#8211; cca 400 metrov sme kr\u00e1\u010dali cez dedinu, kde n\u00e1jdete aj sprievodcov s ko\u0148mi, (pokia\u013e nechcete \u00eds\u0165 pe\u0161o a chcete za\u017ei\u0165 tak jazdu na koni). Ke\u010f sa dostanete ku &#8222;vstupu&#8220; pribehne za vami sle\u010dna, ktor\u00e1 v\u00e1m pred\u00e1 l\u00edstky &#8211; ako som nap\u00edsala vy\u0161\u0161ie, cena je 50 RDS na osobu a plat\u00ed sa len raz. Po p\u00e1r metroch v lese naraz\u00edte na rieku (tu sme sa prez\u00favali z tenisiek nako\u013eko pevn\u00e9 sand\u00e1le sme nemali \ud83d\ude00 ), ktor\u00fa ke\u010f prekro\u010d\u00edte tak za p\u00e1r metrov budete musie\u0165 op\u00e4\u0165 a n\u00e1sledne potom e\u0161te jeden, posledn\u00fd kr\u00e1t. Potom za\u010d\u00edna samotn\u00e1 t\u00fara, ter\u00e9n je celkom hrbo\u013eat\u00fd s miernym st\u00fapan\u00edm. Po\u010das cesty po\u010d\u00edtajte s t\u00fdm, \u017ee v\u00e1s bud\u00fa obch\u00e1dza\u0165 turisti na ko\u0148och. <br>Ur\u010dite NEODPOR\u00da\u010cAM \u00eds\u0165 na tento v\u00fdlet, ked pr\u0161\u00ed, alebo ke\u010f je da\u017edivej\u0161ie po\u010dasie. <\/p>\n\n\n\n<p>Po cca 40 min\u00fatach st\u00fapania a kr\u00e1\u010dania, pr\u00edde kr\u00e1sny v\u00fdh\u013ead na \u00fadolie a oce\u00e1n. Odtia\u013e e\u0161te treba prejs\u0165 p\u00e1r metrov a dostanete sa na l\u00faku, z ktorej je kr\u00e1sne vidie\u0165 na vodop\u00e1dy. Toto miesto spozn\u00e1te ve\u013emi jednoducho. Uvid\u00edte tu pristaven\u00e9 kone a men\u0161\u00ed bufet, kde dom\u00e1ci pred\u00e1vaj\u00fa ob\u010derstvenie a aj nejak\u00e9 suven\u00fdry \/najm\u00e4 Larimar a r\u00f4znu bi\u017eut\u00e9riu\/. Odtia\u013e teda treba e\u0161te zost\u00fapa\u0165 dole, tam v\u00e1s priv\u00edta jeden men\u0161\u00ed vodop\u00e1dik a potom e\u0161te treba prejs\u0165 potok a vy\u0161lapa\u0165 k\u00fasok hore &#8211;  a ste na mieste. <\/p>\n\n\n\n<p>Samotn\u00e9 vodop\u00e1dy v\u00e1s naozaj ohromia svojou majest\u00e1tnos\u0165ou. Okam\u017eite v\u00e1s osvie\u017ei jemn\u00fd v\u00e1nok a kropaje vody s\u00e1laj\u00face z vodop\u00e1du. Odv\u00e1\u017enej\u0161\u00ed sa m\u00f4\u017eu dokonca vyk\u00fapa\u0165 v jazere pod samotn\u00fdmi vodop\u00e1dmi a u\u017ei\u0165 si tak tento v\u00fdlet naplno.  Naozaj skvel\u00fd z\u00e1\u017eitok. <\/p>\n","protected":false},"excerpt":{"rendered":"<p>Vodop\u00e1dy Cascada El Limon To, \u017ee Dominik\u00e1nska Republika je rozmanit\u00e1 krajina pln\u00e1 mo\u017enost\u00ed ako tr\u00e1vi\u0165 \u010das po\u010das va\u0161ej dovolenky u\u017e viete. V tomto \u010dl\u00e1nku sa &hellip;<\/p>\n","protected":false},"author":1,"featured_media":884,"parent":898,"menu_order":0,"comment_status":"closed","ping_status":"closed","template":"","meta":{"footnotes":""},"class_list":["post-1035","page","type-page","status-publish","has-post-thumbnail","hentry"],"_links":{"self":[{"href":"https:\/\/dospocolocos.com\/cz\/wp-json\/wp\/v2\/pages\/1035","targetHints":{"allow":["GET"]}}],"collection":[{"href":"https:\/\/dospocolocos.com\/cz\/wp-json\/wp\/v2\/pages"}],"about":[{"href":"https:\/\/dospocolocos.com\/cz\/wp-json\/wp\/v2\/types\/page"}],"author":[{"embeddable":true,"href":"https:\/\/dospocolocos.com\/cz\/wp-json\/wp\/v2\/users\/1"}],"replies":[{"embeddable":true,"href":"https:\/\/dospocolocos.com\/cz\/wp-json\/wp\/v2\/comments?post=1035"}],"version-history":[{"count":2,"href":"https:\/\/dospocolocos.com\/cz\/wp-json\/wp\/v2\/pages\/1035\/revisions"}],"predecessor-version":[{"id":2072,"href":"https:\/\/dospocolocos.com\/cz\/wp-json\/wp\/v2\/pages\/1035\/revisions\/2072"}],"up":[{"embeddable":true,"href":"https:\/\/dospocolocos.com\/cz\/wp-json\/wp\/v2\/pages\/898"}],"wp:featuredmedia":[{"embeddable":true,"href":"https:\/\/dospocolocos.com\/cz\/wp-json\/wp\/v2\/media\/884"}],"wp:attachment":[{"href":"https:\/\/dospocolocos.com\/cz\/wp-json\/wp\/v2\/media?parent=1035"}],"curies":[{"name":"wp","href":"https:\/\/api.w.org\/{rel}","templated":true}]}}