{"id":1033,"date":"2022-04-13T21:43:31","date_gmt":"2022-04-14T01:43:31","guid":{"rendered":"https:\/\/dospocolocos.com\/?page_id=1033"},"modified":"2024-03-06T10:09:05","modified_gmt":"2024-03-06T14:09:05","slug":"whales","status":"publish","type":"page","link":"https:\/\/dospocolocos.com\/cz\/guide\/regions\/samana_peninsula\/samana\/whales\/","title":{"rendered":"Velryby"},"content":{"rendered":"\n<h2 class=\"wp-block-heading\">Velryby<\/h2>\n\n\n\n<p>Od p\u016flky ledna do konce b\u0159ezna si nenechte uj\u00edt z\u00e1\u017eitek z pozorov\u00e1n\u00ed velryb hrbat\u00fdch, zn\u00e1m\u00fdch tak\u00e9 pod jm\u00e9nem keporkak i kdy\u017e spr\u00e1vn\u00e9 ozna\u010den\u00ed je plejtv\u00e1k dlouhoploutv\u00fd. <br><br>Pokud se rozhodnete pro cestu na Samanu sami, domluvte se p\u0159edem s agenturami provozuj\u00edc\u00ed v\u00fdlety lod\u00ed. Pot\u0159ebujete p\u0159\u00edzniv\u00e9 po\u010das\u00ed a samoz\u0159ejm\u011b si mus\u00edte zamluvit m\u00edstenku a mohou cht\u00edt z\u00e1lohu na m\u00edstn\u00ed bankovn\u00ed \u00fa\u010det. Samoz\u0159ejm\u011b je mnoho spole\u010dnost\u00ed, kter\u00e9 v\u00e1m nab\u00eddnou v\u00fdlety p\u0159\u00edmo u m\u00edst odjezdu, ale jsou dra\u017e\u0161\u00ed ne\u017e ty p\u0159edem domluven\u00e9. Bez lodi a m\u00edstn\u00edch pr\u016fvodc\u016f se k velryb\u00e1m nedostanete. V\u00fdlety b\u00fdvaj\u00ed spojen\u00e9 s ostrovem Cayo Levantado. <\/p>\n\n\n\n<p>Pravd\u011bpodobnost, \u017ee velryby uvid\u00edte je velmi vysok\u00e1, velryby do z\u00e1livu p\u0159iplouvaj\u00ed ka\u017ed\u00fd rok a je jich 2000 a\u017e 3000. Pouze jednou jsem sly\u0161ela, \u017ee nebyly vid\u011bt a bylo nep\u0159\u00edzniv\u00e9 po\u010das\u00ed, tak nem\u011bjte obavy. Velryby mohou dos\u00e1hnout d\u00e9lky a\u017e 17 metr\u016f a spat\u0159it je na vlastn\u00ed o\u010di je nezapomenuteln\u00fd z\u00e1\u017eitek. P\u0159iplouvaj\u00ed ka\u017edoro\u010dn\u011b do t\u011bchto tepl\u00fdch a bezpe\u010dn\u00fdch vod aby se rozmno\u017eili ale nejen to. Samice kter\u00e9 byly oplodn\u011bn\u00e9 rok minul\u00fd, z\u00e1liv vyu\u017e\u00edvaj\u00ed jako porodnici a pot\u00e9 \u0161kolku. Nav\u00edc p\u0159i porodu ml\u00e1d\u011bte pom\u00e1haj\u00ed porodn\u00ed asistentky, kter\u00e9 ml\u00e1d\u011b vyzdvihnou nad hladinu, aby se mohlo nadechnout. Tyto velryby um\u00ed vytvo\u0159it kr\u00e1snou pod\u00edvanou. Pokud budete m\u00edt \u0161t\u011bst\u00ed, tak m\u016f\u017eete vid\u011bt, jak dok\u00e1\u017e\u00ed sk\u00e1kat nad hladinu, pl\u00e1cat zadn\u00ed ploutv\u00ed nebo obrovsk\u00fdmi bo\u010dn\u00edmi ploutvemi. N\u011bkdy pouze pluj\u00ed s ml\u00e1d\u011btem a jsou klidn\u00e9. Nikdo v\u00e1m nem\u016f\u017ee zaru\u010dit, jakou show zrovna uvid\u00edte, je to o n\u00e1hod\u011b, ale v ka\u017ed\u00e9m p\u0159\u00edpad\u011b je to n\u00e1dhern\u00e1 pod\u00edvan\u00e1.<\/p>\n\n\n\n<p>Cesta k velryb\u00e1m trv\u00e1 cca 15 min a na ostrov to bude podobn\u00fd \u010das, na lodi jsou k dispozici nealkoholick\u00e9 n\u00e1poje zdarma. Na ostrov\u011b je ob\u011bd formou bufetu a je p\u0159edem stanoven\u00fd \u010das pobytu na samotn\u00e9m ostrov\u011b, j\u00e1 jsem byla 3,5 hodiny. Po\u010d\u00edtejte s t\u00edm, \u017ee na ostrov\u011b b\u00fdv\u00e1 v\u00edce lid\u00ed, ale n\u00e1v\u0161t\u011bva i p\u0159esto za to stoj\u00ed a nav\u00edc m\u016f\u017eete \u010das vyu\u017e\u00edt k \u0161norchlov\u00e1n\u00ed. Leh\u00e1tka na pl\u00e1\u017ei jsou placen\u00e1. <\/p>\n\n\n\n<p>Transfer do m\u011bsta Saman\u00e1, odkud se odj\u00ed\u017ed\u00ed, jsme si zabezpe\u010dili sami.  (Pokud jste v Punta Cana nebo Bayahibe, v\u00fdlet za\u010d\u00edn\u00e1 brzy r\u00e1no &#8211; nejprve cesta do Miches, cca 1,5 hod, a odtud plavba tak\u00e9 okolo 1,5 hod &#8211; je to celodenn\u00ed v\u00fdlet) a pravd\u011bpodobn\u011b dostanete nab\u00eddku v\u00fdlet\u016f p\u0159\u00edmo z jihu ostrova. R\u016fzn\u00e9 spole\u010dnosti odj\u00ed\u017ed\u00ed z r\u016fzn\u00fdch m\u00edst, proto je pot\u0159eba z\u00edskat co nejv\u00edce informac\u00ed je\u0161t\u011b p\u0159ed odjezdem na Samanu. Na poloostrov se sice dostanete i autobusem z jihu s p\u0159estupem v Santo Domingu, ale pravd\u011bpodobn\u011b budete m\u00edt probl\u00e9m se ve\u010der dostat zp\u011bt, proto\u017ee v\u011bt\u0161ina autobus\u016f nejezd\u00ed ve\u010der.<\/p>\n\n\n\n<h2 class=\"wp-block-heading\">D\u016fle\u017eit\u00e9 informace<\/h2>\n\n\n\n<p>S sebou si p\u0159ibalte opalovac\u00ed kr\u00e9m, pokr\u00fdvku hlavy a doporu\u010duji \u0161norchl. S velrybami si sice nezaplavete, ale vyu\u017eijete jej na Cayo Levantado. Pokud m\u00e1te dron, tak velryby nesm\u00edte nat\u00e1\u010det a mohou jej sest\u0159elit. Na m\u00edst\u011b odjezdu bu\u010fte s p\u0159edstihem.<\/p>\n\n\n\n<h2 class=\"wp-block-heading\">Cen\u00edk<\/h2>\n\n\n\n<p>Najdete mnoho spole\u010dnosti, kter\u00e9 v\u00e1m nab\u00eddnou r\u016fzn\u00e9 ceny a r\u016fzn\u00e9 slu\u017eby. Dokonce i \u010desk\u00e9 pr\u016fvodce. <\/p>\n\n\n\n<p>Standardn\u00ed pr\u016fm\u011brn\u00e1 cena s ob\u011bdem a nealko n\u00e1poji a v\u00fdletem na velryby a Cayo Levantado je 79 USD na osobu. V\u00fdlet je z m\u011bsta Santa B\u00e1rbara de Saman\u00e1. <\/p>\n\n\n\n<p>Najdete mnohem dra\u017e\u0161\u00ed i levn\u011bj\u0161\u00ed varianty, n\u011bkter\u00e9 nab\u00edz\u00ed alkoholick\u00e9 n\u00e1poje, jin\u00e9 pl\u00e1\u017ee a z\u00e1le\u017e\u00ed tak\u00e9 na velikosti lodi.<\/p>\n\n\n\n<p>Pokud chcete nejlep\u0161\u00ed cenu, napi\u0161te na WhatsApp +1 (809) 975-5559 a uve\u010fte, \u017ee jste od Dagmar. Nebo m\u011b kontaktujte a v\u00fdlet za\u0159\u00edd\u00edm.<\/p>\n\n\n\n<p><br><\/p>\n\n\n\n<p><br><\/p>\n\n\n\n<p><\/p>\n\n\n\n<p><\/p>\n\n\n<div class=\"sgdg-gallery-container\" data-sgdg-hash=\"24d61cdf48b1bd7252e13286e7483f230d5dc73da42becd070eeaeb1bda86d9a\"><div class=\"sgdg-loading\"><div><\/div><\/div><\/div>","protected":false},"excerpt":{"rendered":"<p>Velryby Od p\u016flky ledna do konce b\u0159ezna si nenechte uj\u00edt z\u00e1\u017eitek z pozorov\u00e1n\u00ed velryb hrbat\u00fdch, zn\u00e1m\u00fdch tak\u00e9 pod jm\u00e9nem keporkak i kdy\u017e spr\u00e1vn\u00e9 ozna\u010den\u00ed je &hellip;<\/p>\n","protected":false},"author":1,"featured_media":674,"parent":898,"menu_order":0,"comment_status":"closed","ping_status":"closed","template":"","meta":{"footnotes":""},"class_list":["post-1033","page","type-page","status-publish","has-post-thumbnail","hentry"],"_links":{"self":[{"href":"https:\/\/dospocolocos.com\/cz\/wp-json\/wp\/v2\/pages\/1033","targetHints":{"allow":["GET"]}}],"collection":[{"href":"https:\/\/dospocolocos.com\/cz\/wp-json\/wp\/v2\/pages"}],"about":[{"href":"https:\/\/dospocolocos.com\/cz\/wp-json\/wp\/v2\/types\/page"}],"author":[{"embeddable":true,"href":"https:\/\/dospocolocos.com\/cz\/wp-json\/wp\/v2\/users\/1"}],"replies":[{"embeddable":true,"href":"https:\/\/dospocolocos.com\/cz\/wp-json\/wp\/v2\/comments?post=1033"}],"version-history":[{"count":3,"href":"https:\/\/dospocolocos.com\/cz\/wp-json\/wp\/v2\/pages\/1033\/revisions"}],"predecessor-version":[{"id":2789,"href":"https:\/\/dospocolocos.com\/cz\/wp-json\/wp\/v2\/pages\/1033\/revisions\/2789"}],"up":[{"embeddable":true,"href":"https:\/\/dospocolocos.com\/cz\/wp-json\/wp\/v2\/pages\/898"}],"wp:featuredmedia":[{"embeddable":true,"href":"https:\/\/dospocolocos.com\/cz\/wp-json\/wp\/v2\/media\/674"}],"wp:attachment":[{"href":"https:\/\/dospocolocos.com\/cz\/wp-json\/wp\/v2\/media?parent=1033"}],"curies":[{"name":"wp","href":"https:\/\/api.w.org\/{rel}","templated":true}]}}